{"id":7060,"date":"2020-11-09T13:57:33","date_gmt":"2020-11-09T12:57:33","guid":{"rendered":"http:\/\/orfix.netzkunst24.de\/?page_id=7060"},"modified":"2026-02-18T06:28:17","modified_gmt":"2026-02-18T05:28:17","slug":"rfid-safebags","status":"publish","type":"page","link":"https:\/\/www.orfix.com\/de\/leistungsbereiche-produkte\/cash-packaging\/rfid-safebags\/","title":{"rendered":"RFID Safebags"},"content":{"rendered":"<div class=\"wp-bootstrap-blocks-container container-fluid mb-5 custom_container custom_container--big custom_container--banner\">\n\t\n<div class=\"wp-bootstrap-blocks-row row custom_row custom_row--center\">\n\t\n\n<div class=\"col-12 col-md-12 custom_slider custom-banner-img custom_slider__banner\">\n\t\t\t\n\n<figure class=\"wp-block-image size-full desktop-banner\"><img loading=\"lazy\" decoding=\"async\" width=\"2048\" height=\"554\" src=\"https:\/\/www.orfix.com\/wp-content\/uploads\/2026\/01\/orfix_Header_Banner_CashPackaging_RFID_Safebags_DE_1024x277-2048x554-1.jpg\" alt=\"\" class=\"wp-image-33269\" srcset=\"https:\/\/www.orfix.com\/wp-content\/uploads\/2026\/01\/orfix_Header_Banner_CashPackaging_RFID_Safebags_DE_1024x277-2048x554-1.jpg 2048w, https:\/\/www.orfix.com\/wp-content\/uploads\/2026\/01\/orfix_Header_Banner_CashPackaging_RFID_Safebags_DE_1024x277-2048x554-1-768x208.jpg 768w, https:\/\/www.orfix.com\/wp-content\/uploads\/2026\/01\/orfix_Header_Banner_CashPackaging_RFID_Safebags_DE_1024x277-2048x554-1-1536x416.jpg 1536w\" sizes=\"auto, (max-width: 2048px) 100vw, 2048px\" \/><\/figure>\n\n\n\n\n\t<\/div>\n\n<\/div>\n\n\n<div class=\"wp-bootstrap-blocks-row row custom_row custom_row--center\">\n\t\n\n<div class=\"col-12 col-md-12 custom_slider custom-banner-img custom_slider__banner\">\n\t\t\t\n\n<figure class=\"wp-block-image size-full mobile-banner\"><img loading=\"lazy\" decoding=\"async\" width=\"1583\" height=\"1250\" src=\"https:\/\/www.orfix.com\/wp-content\/uploads\/2024\/05\/orfix_Mobile_Banner_CashPackaging_RFID_Safbags_760x650-1.jpg\" alt=\"\" class=\"wp-image-23529\" srcset=\"https:\/\/www.orfix.com\/wp-content\/uploads\/2024\/05\/orfix_Mobile_Banner_CashPackaging_RFID_Safbags_760x650-1.jpg 1583w, https:\/\/www.orfix.com\/wp-content\/uploads\/2024\/05\/orfix_Mobile_Banner_CashPackaging_RFID_Safbags_760x650-1-768x606.jpg 768w, https:\/\/www.orfix.com\/wp-content\/uploads\/2024\/05\/orfix_Mobile_Banner_CashPackaging_RFID_Safbags_760x650-1-1536x1213.jpg 1536w\" sizes=\"auto, (max-width: 1583px) 100vw, 1583px\" \/><\/figure>\n\n\n\n\n\t<\/div>\n\n<\/div>\n\n<\/div>\n\n\n\n<div class=\"wp-block-columns is-layout-flex wp-container-core-columns-is-layout-9d6595d7 wp-block-columns-is-layout-flex\">\n<div class=\"wp-block-column is-layout-flow wp-block-column-is-layout-flow\">\n<h1 class=\"wp-block-heading has-text-color\" style=\"color:#002855;font-size:30px\">Maximale Sicherheit und Effizienz \u2013 orfix RFID Safebags<\/h1>\n<\/div>\n<\/div>\n\n\n\n<p class=\"has-text-color has-medium-font-size\" style=\"color:#002855\">Unsere RFID Safebags bieten maximale Sicherheit durch <strong>fortschrittliche RFID-Technologie<\/strong> und <strong>manipulationssichere Verschl\u00fcsse<\/strong>. Sie sind speziell f\u00fcr den sicheren Transport von Bargeld, sensiblen Dokumenten und Wertgegenst\u00e4nden konzipiert und bieten Ihnen eine zuverl\u00e4ssige L\u00f6sung, besonders f\u00fcr <strong>Sicherheitstransportfirmen<\/strong>.<\/p>\n\n\n\n<p class=\"has-text-color has-link-color has-medium-font-size wp-elements-b2af2d84ab765923b4bfd5acc7cdbdf6\" style=\"color:#002855\"><strong>Optimieren Sie Ihre Abl\u00e4ufe<\/strong> mit unseren Safebags, die in Kombination mit RFID-Technologie erhebliche Zeit- und Personalersparnisse erm\u00f6glichen. Die M\u00f6glichkeit zur <strong>Pulkerfassung<\/strong> erlaubt eine schnelle und pr\u00e4zise Verfolgung Ihrer Sendungen, wodurch die Effizienz Ihrer Prozesse deutlich gesteigert wird.<\/p>\n\n\n\n<p class=\"has-text-color has-link-color has-medium-font-size wp-elements-d9070644977b1852ba87c62236f3ca2a\" style=\"color:#002855\">Jede Tasche wird <strong>individuell gefertigt und programmiert<\/strong> gem\u00e4\u00df Ihren spezifischen Anforderungen, sodass sie perfekt auf Ihre Bed\u00fcrfnisse abgestimmt ist. Unsere einzigartigen Sicherheitskomponenten sorgen f\u00fcr einen <strong>hohen Sicherheitsstandard<\/strong>, der Vertrauen und Schutz f\u00fcr Ihre wertvollen G\u00fcter garantiert.<\/p>\n\n\n\n<div style=\"height:50px\" aria-hidden=\"true\" class=\"wp-block-spacer\"><\/div>\n\n\n\n<h2 class=\"wp-block-heading\" style=\"font-size:30px\">Vorteile der RFID-Technologie<\/h2>\n\n\n<div class=\"wp-bootstrap-blocks-container container-fluid mb-5 custom_container custom_container--middle\">\n\t\n<div class=\"wp-bootstrap-blocks-row row\">\n\t\n\n<div class=\"col-12 col-md-4\">\n\t\t\t\n\n<figure class=\"wp-block-image size-large\"><img loading=\"lazy\" decoding=\"async\" width=\"365\" height=\"257\" src=\"https:\/\/www.orfix.com\/wp-content\/uploads\/2020\/11\/Overviewblock_products_cash-packaging_RFID-Safebags3.jpg\" alt=\"\" class=\"wp-image-6042\" srcset=\"https:\/\/www.orfix.com\/wp-content\/uploads\/2020\/11\/Overviewblock_products_cash-packaging_RFID-Safebags3.jpg 365w, https:\/\/www.orfix.com\/wp-content\/uploads\/2020\/11\/Overviewblock_products_cash-packaging_RFID-Safebags3-300x211.jpg 300w, https:\/\/www.orfix.com\/wp-content\/uploads\/2020\/11\/Overviewblock_products_cash-packaging_RFID-Safebags3-24x17.jpg 24w, https:\/\/www.orfix.com\/wp-content\/uploads\/2020\/11\/Overviewblock_products_cash-packaging_RFID-Safebags3-36x25.jpg 36w, https:\/\/www.orfix.com\/wp-content\/uploads\/2020\/11\/Overviewblock_products_cash-packaging_RFID-Safebags3-48x34.jpg 48w\" sizes=\"auto, (max-width: 365px) 100vw, 365px\" \/><\/figure>\n\n\n\n<p class=\"has-medium-font-size\">Mit RFID-Technologie k\u00f6nnen Sie den <strong>Status Ihrer Wertsendungen in Echtzeit verfolgen<\/strong>. Das Auslesen der Taschen erfolgt im Vorbeigehen \u2013 f\u00fcr eine deutliche Effizienzsteigerung.<\/p>\n\n\t<\/div>\n\n\n\n<div class=\"col-12 col-md-4\">\n\t\t\t\n\n<figure class=\"wp-block-image size-large\"><img loading=\"lazy\" decoding=\"async\" width=\"365\" height=\"257\" src=\"https:\/\/www.orfix.com\/wp-content\/uploads\/2020\/11\/Overviewblock_products_cash-packaging_RFID-Safebags1.jpg\" alt=\"\" class=\"wp-image-6056\" srcset=\"https:\/\/www.orfix.com\/wp-content\/uploads\/2020\/11\/Overviewblock_products_cash-packaging_RFID-Safebags1.jpg 365w, https:\/\/www.orfix.com\/wp-content\/uploads\/2020\/11\/Overviewblock_products_cash-packaging_RFID-Safebags1-300x211.jpg 300w, https:\/\/www.orfix.com\/wp-content\/uploads\/2020\/11\/Overviewblock_products_cash-packaging_RFID-Safebags1-24x17.jpg 24w, https:\/\/www.orfix.com\/wp-content\/uploads\/2020\/11\/Overviewblock_products_cash-packaging_RFID-Safebags1-36x25.jpg 36w, https:\/\/www.orfix.com\/wp-content\/uploads\/2020\/11\/Overviewblock_products_cash-packaging_RFID-Safebags1-48x34.jpg 48w\" sizes=\"auto, (max-width: 365px) 100vw, 365px\" \/><\/figure>\n\n\n\n<p class=\"has-medium-font-size\">Unsere RFID-Chips speichern zus\u00e4tzliche Informationen wie <strong>Zeitstempel und Bestimmungsort<\/strong>, was eine <strong>l\u00fcckenlose Dokumentation und mehr Sicherheit<\/strong> bietet.<\/p>\n\n\t<\/div>\n\n\n\n<div class=\"col-12 col-md-4\">\n\t\t\t\n\n<figure class=\"wp-block-image size-large\"><img loading=\"lazy\" decoding=\"async\" width=\"365\" height=\"257\" src=\"https:\/\/www.orfix.com\/wp-content\/uploads\/2020\/11\/Overviewblock_products_cash-packaging_RFID-Safebags2.jpg\" alt=\"\" class=\"wp-image-6049\" srcset=\"https:\/\/www.orfix.com\/wp-content\/uploads\/2020\/11\/Overviewblock_products_cash-packaging_RFID-Safebags2.jpg 365w, https:\/\/www.orfix.com\/wp-content\/uploads\/2020\/11\/Overviewblock_products_cash-packaging_RFID-Safebags2-300x211.jpg 300w, https:\/\/www.orfix.com\/wp-content\/uploads\/2020\/11\/Overviewblock_products_cash-packaging_RFID-Safebags2-24x17.jpg 24w, https:\/\/www.orfix.com\/wp-content\/uploads\/2020\/11\/Overviewblock_products_cash-packaging_RFID-Safebags2-36x25.jpg 36w, https:\/\/www.orfix.com\/wp-content\/uploads\/2020\/11\/Overviewblock_products_cash-packaging_RFID-Safebags2-48x34.jpg 48w\" sizes=\"auto, (max-width: 365px) 100vw, 365px\" \/><\/figure>\n\n\n\n<p class=\"has-medium-font-size\">Zus\u00e4tzlich bieten wir <strong>RFID-Transponder<\/strong>, die sich ganz einfach in <strong>bereits vorhandene Warenwirtschaftssysteme integrieren<\/strong> lassen. Diese nahtlose Integration verbessert Ihre bestehenden Systeme, ohne dass zus\u00e4tzliche Anpassungen erforderlich sind.<\/p>\n\n\t<\/div>\n\n<\/div>\n\n<\/div>\n\n\n<div class=\"wp-bootstrap-blocks-row row\">\n\t\n\n<div class=\"col-12\">\n\t\t\t\n<div class=\"wp-bootstrap-blocks-container container mb-0\">\n\t\n<div class=\"wp-bootstrap-blocks-row row row--applications\">\n\t\n\n<div class=\"col-12 col-md-6 col--big\">\n\t\t\t\n\n<h2 class=\"wp-block-heading\" style=\"font-size:30px\">Anwendungen<\/h2>\n\n\n\n<p class=\"has-medium-font-size\">Von Banken \u00fcber Einzelhandel bis hin zu Sicherheitsdiensten \u2013 unsere RFID Safebags bieten ma\u00dfgeschneiderte L\u00f6sungen f\u00fcr viele Branchen:<\/p>\n\n\n<div class=\"wp-bootstrap-blocks-row row\">\n\t\n\n<div class=\"col-12 col-md-9\">\n\t\t\t\n\n<ul class=\"wp-block-list\">\n<li class=\"has-medium-font-size\">Banken<\/li>\n\n\n\n<li class=\"has-medium-font-size\">Werttransportwesen<\/li>\n\n\n\n<li class=\"has-medium-font-size\">Einzelhandel<\/li>\n\n\n\n<li class=\"has-medium-font-size\">Post \/ Kurierdienste<\/li>\n\n\n\n<li class=\"has-medium-font-size\">Luftfahrt<\/li>\n\n\n\n<li class=\"has-medium-font-size\">Medizinische Versorgung<\/li>\n<\/ul>\n\n\t<\/div>\n\n<\/div>\n\n\n\n<p><\/p>\n\n\t<\/div>\n\n\n\n<div class=\"col-12 col-md-6 col--small\">\n\t\t\t\n<div class=\"wp-bootstrap-blocks-row row\">\n\t\n\n<div class=\"col-12\">\n\t\t\t\n\n<h2 class=\"wp-block-heading\" style=\"font-size:30px\">orfix Qualit\u00e4t<\/h2>\n\n\t<\/div>\n\n\n\n<div class=\"col-12\">\n\t\t\t\n\n<p class=\"has-medium-font-size\">orfix Produkte unterliegen strengen Qualit\u00e4tstest w\u00e4hrend der Herstellung.<\/p>\n\n\t<\/div>\n\n\n\n<div class=\"col-12\">\n\t\t\t\n\n<p class=\"has-medium-font-size\">Die RFID Safebags entsprechen den Anforderungen der Deutschen Bundesbank.<\/p>\n\n\t<\/div>\n\n\n\n<div class=\"col-12\">\n\t\t\t\n\n<p class=\"has-medium-font-size\">Verf\u00fcgbar in Standard-, Recycling- und Blauer Engel &#8211; Material.<\/p>\n\n\t<\/div>\n\n\n\n<div class=\"col-6 col-seals-row\">\n\t\t\t\n\n<figure class=\"wp-block-image size-large\"><img loading=\"lazy\" decoding=\"async\" width=\"84\" height=\"84\" src=\"https:\/\/www.orfix.com\/wp-content\/uploads\/2020\/09\/blue-angle_logo.svg\" alt=\"\" class=\"wp-image-523\"\/><\/figure>\n\n\n\n<figure class=\"wp-block-image size-large\"><a href=\"https:\/\/www.orfix.com\/de\/unternehmen\/green-label\/\"><img loading=\"lazy\" decoding=\"async\" width=\"71\" height=\"91\" src=\"https:\/\/www.orfix.com\/wp-content\/uploads\/2020\/09\/greenlabel_logo.svg\" alt=\"\" class=\"wp-image-521\"\/><\/a><\/figure>\n\n\t<\/div>\n\n<\/div>\n\n\n<div class=\"wp-bootstrap-blocks-row row\">\n\t\n\n<div class=\"col-12\">\n\t\t\t\t<\/div>\n\n<\/div>\n\n\t<\/div>\n\n<\/div>\n\n<\/div>\n\n\n\n<p><\/p>\n\n\t<\/div>\n\n<\/div>\n\n\n\n<div style=\"height:50px\" aria-hidden=\"true\" class=\"wp-block-spacer\"><\/div>\n\n\n\n<h2 class=\"wp-block-heading\" style=\"font-size:30px\">Besondere Sicherheitsmerkmale der orfix RFID Safebags:<\/h2>\n\n\n\n<p class=\"has-medium-font-size\">Neben den bereits genannten Vorteilen bieten die RFID Safebags von orfix auch folgende herausragende Sicherheitsmerkmale:<\/p>\n\n\n\n<p class=\"has-medium-font-size\">Unsere <strong>Verschl\u00fcsse <\/strong>bieten einen gut sichtbaren <strong>VOID-Effekt<\/strong> \u00fcber einen sehr breiten Temperaturbereich \u2013 sowohl <strong>bei Hitze- als auch bei K\u00e4lteeinwirkungen.<\/strong> Unser Sicherheitsband ist vollfl\u00e4chig bis zum Rand beleimt und l\u00e4sst sich in Verbindung mit den Stanzungen (Face Cuts) nur sehr schwer l\u00f6sen.<\/p>\n\n\n\n<p class=\"has-medium-font-size\"><strong>Zus\u00e4tzlich im Angebot:<\/strong> <strong>Thermochrom und wasserl\u00f6sliche Tinte zum Schutz vor Manipulationen bei starker Hitze, L\u00f6sungsmitteln und Fl\u00fcssigkeiten.<\/strong> Das rote Abzugsband aller Verschl\u00fcsse l\u00e4sst sich dank der gepr\u00e4gten Kante einfach abziehen und garantiert ein fehlerfreies Versiegeln. F\u00fcr geringere Sicherheitsanforderungen reicht unser Basic Tape, ein stark klebender Festverschluss.<\/p>\n\n\n<div class=\"wp-bootstrap-blocks-container container-fluid mb-5 custom_container custom_container--big custom_container--banner\">\n\t\n<div class=\"wp-bootstrap-blocks-row row custom_row custom_row--center\">\n\t\n\n<div class=\"col-12 col-md-12 custom_slider custom-banner-img custom_slider__banner\">\n\t\t\t\n\n\n\n<div class=\"wp-block-image display-banner\">\n<figure class=\"aligncenter size-full\"><img loading=\"lazy\" decoding=\"async\" width=\"1190\" height=\"868\" src=\"https:\/\/www.orfix.com\/wp-content\/uploads\/2024\/07\/orfix-closure-systems_de-1.png\" alt=\"\" class=\"wp-image-29001\" srcset=\"https:\/\/www.orfix.com\/wp-content\/uploads\/2024\/07\/orfix-closure-systems_de-1.png 1190w, https:\/\/www.orfix.com\/wp-content\/uploads\/2024\/07\/orfix-closure-systems_de-1-768x560.png 768w\" sizes=\"auto, (max-width: 1190px) 100vw, 1190px\" \/><\/figure>\n<\/div>\n\t<\/div>\n\n<\/div>\n\n<\/div>\n\n\n\n<div style=\"height:50px\" aria-hidden=\"true\" class=\"wp-block-spacer\"><\/div>\n\n\n\n<h2 class=\"wp-block-heading has-text-color has-link-color wp-elements-690d20d1554ed65398c0fe329f29f121\" style=\"color:#002855;font-size:30px\">Ma\u00dfgeschneiderte L\u00f6sungen: Individuelle Safebags mit RFID nach Ihren W\u00fcnschen<\/h2>\n\n\n\n<p class=\"has-medium-font-size\">Als Hersteller von Safebags mit RFID Technologie k\u00f6nnen wir zahlreiche individuelle Kundenw\u00fcnsche ber\u00fccksichtigen und die Sicherheitstaschen personalisieren:<\/p>\n\n\n<div class=\"wp-bootstrap-blocks-container container-fluid mb-5 custom_container custom_container--middle\">\n\t\n<div class=\"wp-bootstrap-blocks-row row custom-row__cta-contact\">\n\t\n\n<div class=\"col-12 col-md-6\">\n\t\t\t\n\n<figure class=\"wp-block-image size-full\"><img loading=\"lazy\" decoding=\"async\" width=\"1417\" height=\"1175\" src=\"https:\/\/www.orfix.com\/wp-content\/uploads\/2024\/06\/Individuaisierungsmoglichkeiten-orfix-aufgefachert-1.jpg\" alt=\"\" class=\"wp-image-28851\" srcset=\"https:\/\/www.orfix.com\/wp-content\/uploads\/2024\/06\/Individuaisierungsmoglichkeiten-orfix-aufgefachert-1.jpg 1417w, https:\/\/www.orfix.com\/wp-content\/uploads\/2024\/06\/Individuaisierungsmoglichkeiten-orfix-aufgefachert-1-768x637.jpg 768w\" sizes=\"auto, (max-width: 1417px) 100vw, 1417px\" \/><\/figure>\n\n\t<\/div>\n\n\n\n<div class=\"col-12 col-md-6\">\n\t\t\t\n\n<ul class=\"wp-block-list\">\n<li class=\"has-medium-font-size\">Individuelle, kundenspezifische Bedruckung (6 Farben Druckmaschine)<\/li>\n\n\n\n<li class=\"has-medium-font-size\">Alle Barcodearten und -gr\u00f6\u00dfen bis zu einer H\u00f6he von 36 mm<\/li>\n\n\n\n<li class=\"has-medium-font-size\">Abrissbelege mit Barcode und Nummer, neben- und \u00fcbereinander<\/li>\n\n\n\n<li class=\"has-medium-font-size\">Dokumententaschen f\u00fcr begleitende Unterlagen<\/li>\n\n\n\n<li class=\"has-medium-font-size\">Bodenfalten, Perforation, Griffmulden<\/li>\n\n\n\n<li class=\"has-medium-font-size\">RFID-Chips zur Pulkerfassung<\/li>\n\n\n\n<li class=\"has-medium-font-size\">antistatisches Abzugsband<\/li>\n<\/ul>\n\n\t<\/div>\n\n<\/div>\n\n<\/div>\n\n\n\n<div style=\"height:50px\" aria-hidden=\"true\" class=\"wp-block-spacer\"><\/div>\n\n\n\n<h2 class=\"wp-block-heading\" style=\"font-size:30px\">Kundensupport &amp; Beratung<\/h2>\n\n\n\n<p class=\"has-medium-font-size\">Nicht sicher, welche L\u00f6sung die richtige f\u00fcr Sie ist? Unser Expertenteam steht Ihnen zur Verf\u00fcgung, um die beste Option f\u00fcr Ihre Bed\u00fcrfnisse zu finden.<\/p>\n\n\n\n<div class=\"wp-block-group\"><div class=\"wp-block-group__inner-container is-layout-constrained wp-block-group-is-layout-constrained\"><div class=\"wp-bootstrap-blocks-container container-fluid mb-5 custom_container custom_container--middle\">\n\t\n<div class=\"wp-bootstrap-blocks-row row custom-row__cta-contact\">\n\t\n\n<div class=\"col-12 col-md-6\">\n\t\t\t\n\n<figure class=\"wp-block-image size-full\"><img loading=\"lazy\" decoding=\"async\" width=\"471\" height=\"344\" src=\"https:\/\/www.orfix.com\/wp-content\/uploads\/2021\/08\/shutterstock_116283283_471x344px.jpg\" alt=\"\" class=\"wp-image-14599\" srcset=\"https:\/\/www.orfix.com\/wp-content\/uploads\/2021\/08\/shutterstock_116283283_471x344px.jpg 471w, https:\/\/www.orfix.com\/wp-content\/uploads\/2021\/08\/shutterstock_116283283_471x344px-300x219.jpg 300w\" sizes=\"auto, (max-width: 471px) 100vw, 471px\" \/><\/figure>\n\n\n\n<p><\/p>\n\n\t<\/div>\n\n\n\n<div class=\"col-12 col-md-6\">\n\t\t\t\n<div class=\"employeeblock\">\n    <figure class=\"employeeblock__item employeeblock__item--img\">\n        <img decoding=\"async\" src=\"https:\/\/www.orfix.com\/wp-content\/uploads\/2024\/06\/Silvia-fur-Webshop.jpg\" alt=\"Silvia Kiewel, Safebag-Expertin, steht bereit, um Fragen zu Safebags zu beantworten.\" \/>\n    <\/figure>\n    <div class=\"employeeblock__item employeeblock__item--content\">\n        <h2 class=\"name\">Silvia Kiewel<\/h2>\n        <p class=\"position\">Ansprechpartnerin f\u00fcr Safebags \/ Sicherheitstaschen<\/p>\n        <p><a class=\"link link--has-icon link--has-icon--mail\" href=\"mailto:skiewel@orfix.de\">skiewel@orfix.de<\/a><\/p>\n        <p><a class=\"link link--has-icon link--has-icon--tel\" href=\"tel:+494178818422\">+49 4178 818422<\/a><\/p>\n    <\/div>\n<\/div>\n\n\t<\/div>\n\n<\/div>\n\n<\/div>\n<\/div><\/div>\n\n\n<div class=\"wp-bootstrap-blocks-container container-fluid mb-5 custom_container custom_container--middle\">\n\t\n<div class=\"wp-bootstrap-blocks-row row\">\n\t\n\n<div class=\"col-12 col-md-12\">\n\t\t\t\n\n<h2 class=\"wp-block-heading has-text-color advgb-dyn-54f9f1f8\" style=\"color:#002855;font-size:30px\">orfix &#8211; Ihr Spezialist f\u00fcr die Herstellung von Papier und Kunststoff<\/h2>\n\n\t<\/div>\n\n\n\n<div class=\"col-12 col-md-6\">\n\t\t\t\n\n<p class=\"has-medium-font-size\">Wir entwickeln und produzieren mit modernsten Produktionsmethoden, immer mit Blick auf Ihre individuellen Anforderungen, aber auch auf die Umwelt! Wir leben Nachhaltigkeit aktiv, wir handeln ressourcenschonend und m\u00f6glichst CO2-neutral. Daf\u00fcr steht unser Umweltmanagement. Sie erhalten von uns konstante, erstklassige und zertifizierte Qualit\u00e4t, wir begeistern Sie mit Innovationen und exzellentem Kundenservice.<\/p>\n\n\t<\/div>\n\n\n\n<div class=\"col-12 col-md-6\">\n\t\t\t\n\n<ul class=\"wp-block-list\">\n<li class=\"has-medium-font-size\">Das orfix-Standardsortiment ist immer vorr\u00e4tig.<\/li>\n\n\n\n<li class=\"has-medium-font-size\">orfix bietet individuelle Lagerhaltung und Dienstleistungen f\u00fcr personalisierte Waren.<\/li>\n\n\n\n<li class=\"has-medium-font-size\">orfix ist in der Lage, kundenspezifische Artikel auch in kleinen Mengen zu produzieren.<\/li>\n\n\n\n<li class=\"has-medium-font-size\">orfix bietet kompetente und individuelle Beratung &#8211; per Kontaktformular, telefonisch oder auch vor Ort.<\/li>\n<\/ul>\n\n\t<\/div>\n\n<\/div>\n\n<\/div>\n\n\n\n<div style=\"height:20px\" aria-hidden=\"true\" class=\"wp-block-spacer\"><\/div>\n\n\n\n<figure class=\"wp-block-image size-full\"><img loading=\"lazy\" decoding=\"async\" width=\"2048\" height=\"600\" src=\"https:\/\/www.orfix.com\/wp-content\/uploads\/2024\/05\/orfix-Karte-2025-en.jpg\" alt=\"\" class=\"wp-image-32960\" srcset=\"https:\/\/www.orfix.com\/wp-content\/uploads\/2024\/05\/orfix-Karte-2025-en.jpg 2048w, https:\/\/www.orfix.com\/wp-content\/uploads\/2024\/05\/orfix-Karte-2025-en-768x225.jpg 768w, https:\/\/www.orfix.com\/wp-content\/uploads\/2024\/05\/orfix-Karte-2025-en-1536x450.jpg 1536w\" sizes=\"auto, (max-width: 2048px) 100vw, 2048px\" \/><\/figure>\n\n\n\n<p class=\"has-medium-font-size\">Gern beraten wir Sie individuell!<br><strong>Ihr kompetenter Partner mit einem umfassenden Sortiment f\u00fcr alle, die z\u00e4hlen, verpacken, transportieren oder lagern.<\/strong><\/p>\n\n\n\n<div style=\"height:20px\" aria-hidden=\"true\" class=\"wp-block-spacer\"><\/div>\n\n\n\n<div class=\"wp-block-buttons cta-banner-content__item is-layout-flex wp-block-buttons-is-layout-flex\">\n<div class=\"wp-block-button is-style-outline is-style-outline--1 advgb-dyn-2c6a785e\"><a class=\"wp-block-button__link has-text-color has-medium-font-size has-custom-font-size wp-element-button\" href=\"https:\/\/www.orfix.com\/de\/kontakt\/\" style=\"border-radius:1px;color:#ba0c2f\" target=\"_blank\" rel=\"noreferrer noopener\"><strong>Kontakt<\/strong><\/a><\/div>\n\n\n\n<div class=\"wp-block-button btn__bg--red advgb-dyn-48972139\"><a class=\"wp-block-button__link has-white-color has-text-color has-background has-medium-font-size has-custom-font-size wp-element-button\" href=\"https:\/\/www.orfix.com\/de\/leistungsbereiche-produkte\/\" style=\"border-radius:1px;background-color:#ba0c2f\" target=\"_blank\" rel=\"noreferrer noopener\"><strong>Produkte<\/strong><\/a><\/div>\n\n\n\n<div class=\"wp-block-button btn__bg--red advgb-dyn-9363d00e\"><a class=\"wp-block-button__link has-white-color has-text-color has-background has-medium-font-size has-custom-font-size wp-element-button\" href=\"https:\/\/shop.orfix.com\/\" style=\"border-radius:1px;background-color:#ba0c2f\" target=\"_blank\" rel=\"noreferrer noopener\"><strong>Onlineshop<\/strong><\/a><\/div>\n<\/div>\n\n\n\n<div style=\"height:20px\" aria-hidden=\"true\" class=\"wp-block-spacer\"><\/div>\n","protected":false},"excerpt":{"rendered":"<p>Maximale Sicherheit und Effizienz \u2013 orfix RFID Safebags Unsere RFID Safebags bieten maximale Sicherheit durch fortschrittliche RFID-Technologie und manipulationssichere Verschl\u00fcsse. Sie sind speziell f\u00fcr den sicheren Transport von Bargeld, sensiblen Dokumenten und Wertgegenst\u00e4nden konzipiert und bieten Ihnen eine zuverl\u00e4ssige L\u00f6sung, besonders f\u00fcr Sicherheitstransportfirmen. Optimieren Sie Ihre Abl\u00e4ufe mit unseren Safebags, die in Kombination mit RFID-Technologie<\/p>\n<p><a class=\"btn btn-secondary understrap-read-more-link\" href=\"https:\/\/www.orfix.com\/de\/leistungsbereiche-produkte\/cash-packaging\/rfid-safebags\/\">Weiterlesen&#8230;<\/a><\/p>\n","protected":false},"author":36,"featured_media":0,"parent":146,"menu_order":2,"comment_status":"closed","ping_status":"closed","template":"","meta":{"_acf_changed":false,"om_disable_all_campaigns":false,"inline_featured_image":false,"advgb_blocks_editor_width":"","advgb_blocks_columns_visual_guide":"","_monsterinsights_skip_tracking":false,"_monsterinsights_sitenote_active":false,"_monsterinsights_sitenote_note":"","_monsterinsights_sitenote_category":0,"_uf_show_specific_survey":0,"_uf_disable_surveys":false,"footnotes":""},"class_list":["post-7060","page","type-page","status-publish","hentry"],"acf":[],"aioseo_notices":[],"coauthors":[],"author_meta":{"author_link":"https:\/\/www.orfix.com\/de\/author\/mgendelmeyer\/","display_name":"Malte Gendelmeyer"},"relative_dates":{"created":"Posted 6\u00a0Jahren ago","modified":"Updated 3\u00a0Monaten ago"},"absolute_dates":{"created":"Posted on 9. November 2020","modified":"Updated on 18. Februar 2026"},"absolute_dates_time":{"created":"Posted on 9. November 2020 13:57","modified":"Updated on 18. Februar 2026 6:28"},"featured_img_caption":"","featured_img":false,"series_order":"","_links":{"self":[{"href":"https:\/\/www.orfix.com\/de\/wp-json\/wp\/v2\/pages\/7060","targetHints":{"allow":["GET"]}}],"collection":[{"href":"https:\/\/www.orfix.com\/de\/wp-json\/wp\/v2\/pages"}],"about":[{"href":"https:\/\/www.orfix.com\/de\/wp-json\/wp\/v2\/types\/page"}],"author":[{"embeddable":true,"href":"https:\/\/www.orfix.com\/de\/wp-json\/wp\/v2\/users\/36"}],"replies":[{"embeddable":true,"href":"https:\/\/www.orfix.com\/de\/wp-json\/wp\/v2\/comments?post=7060"}],"version-history":[{"count":37,"href":"https:\/\/www.orfix.com\/de\/wp-json\/wp\/v2\/pages\/7060\/revisions"}],"predecessor-version":[{"id":33484,"href":"https:\/\/www.orfix.com\/de\/wp-json\/wp\/v2\/pages\/7060\/revisions\/33484"}],"up":[{"embeddable":true,"href":"https:\/\/www.orfix.com\/de\/wp-json\/wp\/v2\/pages\/146"}],"wp:attachment":[{"href":"https:\/\/www.orfix.com\/de\/wp-json\/wp\/v2\/media?parent=7060"}],"curies":[{"name":"wp","href":"https:\/\/api.w.org\/{rel}","templated":true}]}}