{"id":31061,"date":"2025-03-06T13:22:45","date_gmt":"2025-03-06T12:22:45","guid":{"rendered":"https:\/\/www.orfix.com\/?page_id=31061"},"modified":"2025-03-10T12:24:18","modified_gmt":"2025-03-10T11:24:18","slug":"muster","status":"publish","type":"page","link":"https:\/\/www.orfix.com\/de\/muster\/","title":{"rendered":"Verpackungsl\u00f6sungen f\u00fcr h\u00f6chste Anspr\u00fcche \u2013 Jetzt kostenlose Muster anfordern"},"content":{"rendered":"<div class=\"wp-bootstrap-blocks-container container-fluid mb-5 custom_container custom_container--big custom_container--banner\">\n\t\n<div class=\"wp-bootstrap-blocks-row row custom_row custom_row--center\">\n\t\n\n<div class=\"col-12 col-md-12 custom_slider custom-banner-img custom_slider__banner\">\n\t\t\t\n\n<figure class=\"wp-block-image size-full desktop-banner\"><img loading=\"lazy\" decoding=\"async\" width=\"1286\" height=\"348\" src=\"https:\/\/www.orfix.com\/wp-content\/uploads\/2025\/02\/Header-Image.jpg\" alt=\"\" class=\"wp-image-31086\" srcset=\"https:\/\/www.orfix.com\/wp-content\/uploads\/2025\/02\/Header-Image.jpg 1286w, https:\/\/www.orfix.com\/wp-content\/uploads\/2025\/02\/Header-Image-768x208.jpg 768w\" sizes=\"auto, (max-width: 1286px) 100vw, 1286px\" \/><\/figure>\n\n\n\n\n\t<\/div>\n\n<\/div>\n\n<\/div>\n\n\n<div class=\"wp-bootstrap-blocks-container container-fluid mb-5\">\n\t\n<div class=\"wp-bootstrap-blocks-row row custom_row custom_row--center\">\n\t\n\n<div class=\"col col-md custom_slider custom-banner-img custom_slider__banner\">\n\t\t\t\n\n<h1 class=\"wp-block-heading\" style=\"font-size:30px\">Verpackungsl\u00f6sungen f\u00fcr h\u00f6chste Anspr\u00fcche \u2013 Jetzt kostenlose Muster anfordern<\/h1>\n\n\n\n<p><strong>Effiziente, sichere und nachhaltige Verpackungsl\u00f6sungen<\/strong> \u2013 orfix bietet ein breites Sortiment f\u00fcr verschiedenste Anforderungen:<\/p>\n\n\n\n<ul class=\"wp-block-list\">\n<li><strong>Sicherheitsverpackungen<\/strong> f\u00fcr Bargeld, Wertgegenst\u00e4nde und vertrauliche Dokumente<\/li>\n\n\n\n<li>&nbsp;<strong>Cash Packaging<\/strong> f\u00fcr eine reibungslose und sichere Bargeldlogistik<\/li>\n\n\n\n<li><strong>Industrieverpackungen<\/strong> f\u00fcr robuste und effiziente Transportl\u00f6sungen<\/li>\n<\/ul>\n\n\n\n<p>Unsere Verpackungen sind manipulationssicher, widerstandsf\u00e4hig und erf\u00fcllen internationale Normen. <strong>\u00dcberzeugen Sie sich selbst \u2013 fordern Sie jetzt Ihre kostenlosen Muster an!<\/strong><\/p>\n\n\n<div class=\"wp-bootstrap-blocks-button\">\n\t<a\n\t\thref=\"#zoho-form\"\n\t\t\t\t\t\tclass=\"btn btn-primary\"\n\t>\n\t\tJetzt Muster bestellen\t<\/a>\n<\/div>\n\n\n\n<div style=\"height:40px\" aria-hidden=\"true\" class=\"wp-block-spacer\"><\/div>\n\n\n<div class=\"wp-bootstrap-blocks-row row\">\n\t\n\n<div class=\"col-12 col-md-4\">\n\t\t\t\n\n<figure class=\"wp-block-image size-full\"><img loading=\"lazy\" decoding=\"async\" width=\"476\" height=\"523\" src=\"https:\/\/www.orfix.com\/wp-content\/uploads\/2024\/05\/orfix-International-Benknote-Wrappers_476-x523.jpg\" alt=\"\" class=\"wp-image-21468\"\/><\/figure>\n\n\t<\/div>\n\n\n\n<div class=\"col-12 col-md-4\">\n\t\t\t\n\n<figure class=\"wp-block-image size-full\"><img loading=\"lazy\" decoding=\"async\" width=\"476\" height=\"523\" src=\"https:\/\/www.orfix.com\/wp-content\/uploads\/2024\/05\/orfix-International_Seals_Adhesives_Seals_476-x523.jpg\" alt=\"\" class=\"wp-image-21675\"\/><\/figure>\n\n\t<\/div>\n\n\n\n<div class=\"col-12 col-md-4\">\n\t\t\t\n\n<figure class=\"wp-block-image size-full\"><img loading=\"lazy\" decoding=\"async\" width=\"476\" height=\"523\" src=\"https:\/\/www.orfix.com\/wp-content\/uploads\/2024\/05\/orfix-International_Security_Seals_476-x523.jpg\" alt=\"\" class=\"wp-image-21597\"\/><\/figure>\n\n\t<\/div>\n\n<\/div>\n\n\n\n<div style=\"height:30px\" aria-hidden=\"true\" class=\"wp-block-spacer\"><\/div>\n\n\n\n<h2 class=\"wp-block-heading\" style=\"font-size:30px\">Warum orfix Verpackungsl\u00f6sungen?<\/h2>\n\n\n\n<ul class=\"wp-block-list\">\n<li><strong>Maximale Sicherheit<\/strong> \u2013 Schutz vor Manipulation, Feuchtigkeit und \u00e4u\u00dferen Einfl\u00fcssen<\/li>\n\n\n\n<li><strong>Optimale Handhabung<\/strong> \u2013 Einfache Lagerung, effiziente Nutzung und stabile Materialien<\/li>\n\n\n\n<li><strong>Nachhaltige Optionen<\/strong> \u2013 Umweltfreundliche L\u00f6sungen f\u00fcr ressourcenschonende Prozesse<\/li>\n\n\n\n<li><strong>Industrielle Standards<\/strong> \u2013 Konform mit internationalen Sicherheits- und Transportvorgaben<\/li>\n<\/ul>\n\n\n\n<div style=\"height:30px\" aria-hidden=\"true\" class=\"wp-block-spacer\"><\/div>\n\n\n\n<h3 class=\"wp-block-heading r42-custom\" style=\"font-size:24px\">Jetzt kostenlose Muster anfordern<\/h3>\n\n\n\n<p id=\"zoho-form\">Testen Sie die Qualit\u00e4t von orfix! <strong>F\u00fcllen Sie das Formular aus und erhalten Sie eine kostenlose Probe unserer Verpackungsl\u00f6sungen.<\/strong><\/p>\n\n\n\n<iframe aria-label='Sample_General' frameborder=\"0\" style=\"height:500px;width:99%;border:none;\" src='https:\/\/forms.zohopublic.eu\/orfixinternationalgmbh1\/form\/SampleGeneral\/formperma\/EG7A8_9lHvHZSeZUbrmTG0G1V0aZgt_dpn6mKqDE_eQ'><\/iframe>\n\n\n\n\n<div style=\"height:30px\" aria-hidden=\"true\" class=\"wp-block-spacer\"><\/div>\n\n\n\n<p>\ud83d\udce6 <strong>Begrenzte Verf\u00fcgbarkeit \u2013 Nur solange der Vorrat reicht!<\/strong><\/p>\n\n\t<\/div>\n\n<\/div>\n\n<\/div>\n<style class=\"advgb-styles-renderer\">\niframe {\n    height: 99em !important;\n}\n.btn-primary {\n    padding: 15px 40px;\n}\n@media only screen and (max-width: 600px){\niframe {\n    height: 125em !important;\n    width: 100% !important;\n}}\n<\/style>","protected":false},"excerpt":{"rendered":"<p><a class=\"btn btn-secondary understrap-read-more-link\" href=\"https:\/\/www.orfix.com\/de\/muster\/\">Weiterlesen&#8230;<\/a><\/p>\n","protected":false},"author":37,"featured_media":0,"parent":0,"menu_order":0,"comment_status":"closed","ping_status":"closed","template":"","meta":{"_acf_changed":false,"om_disable_all_campaigns":false,"inline_featured_image":false,"advgb_blocks_editor_width":"","advgb_blocks_columns_visual_guide":"","_monsterinsights_skip_tracking":false,"_monsterinsights_sitenote_active":false,"_monsterinsights_sitenote_note":"","_monsterinsights_sitenote_category":0,"_uf_show_specific_survey":0,"_uf_disable_surveys":false,"footnotes":""},"class_list":["post-31061","page","type-page","status-publish","hentry"],"acf":[],"aioseo_notices":[],"coauthors":[],"author_meta":{"author_link":"https:\/\/www.orfix.com\/de\/author\/publishingreply42-com\/","display_name":"publishing@reply42.com"},"relative_dates":{"created":"Posted 1\u00a0Jahr ago","modified":"Updated 1\u00a0Jahr ago"},"absolute_dates":{"created":"Posted on 6. M\u00e4rz 2025","modified":"Updated on 10. M\u00e4rz 2025"},"absolute_dates_time":{"created":"Posted on 6. M\u00e4rz 2025 13:22","modified":"Updated on 10. M\u00e4rz 2025 12:24"},"featured_img_caption":"","featured_img":false,"series_order":"","_links":{"self":[{"href":"https:\/\/www.orfix.com\/de\/wp-json\/wp\/v2\/pages\/31061","targetHints":{"allow":["GET"]}}],"collection":[{"href":"https:\/\/www.orfix.com\/de\/wp-json\/wp\/v2\/pages"}],"about":[{"href":"https:\/\/www.orfix.com\/de\/wp-json\/wp\/v2\/types\/page"}],"author":[{"embeddable":true,"href":"https:\/\/www.orfix.com\/de\/wp-json\/wp\/v2\/users\/37"}],"replies":[{"embeddable":true,"href":"https:\/\/www.orfix.com\/de\/wp-json\/wp\/v2\/comments?post=31061"}],"version-history":[{"count":35,"href":"https:\/\/www.orfix.com\/de\/wp-json\/wp\/v2\/pages\/31061\/revisions"}],"predecessor-version":[{"id":31357,"href":"https:\/\/www.orfix.com\/de\/wp-json\/wp\/v2\/pages\/31061\/revisions\/31357"}],"wp:attachment":[{"href":"https:\/\/www.orfix.com\/de\/wp-json\/wp\/v2\/media?parent=31061"}],"curies":[{"name":"wp","href":"https:\/\/api.w.org\/{rel}","templated":true}]}}