{"id":273,"date":"2020-08-28T17:03:17","date_gmt":"2020-08-28T15:03:17","guid":{"rendered":"http:\/\/localhost:8888\/orfix\/impressum\/"},"modified":"2025-09-15T10:53:49","modified_gmt":"2025-09-15T08:53:49","slug":"impressum","status":"publish","type":"page","link":"https:\/\/www.orfix.com\/de\/impressum\/","title":{"rendered":"Impressum"},"content":{"rendered":"<div class=\"wp-bootstrap-blocks-container container-fluid mb-5 custom_container custom_container--big custom_container--banner custom_container--banner--no-img\">\n\t\n<div class=\"wp-bootstrap-blocks-row row custom_row custom_row--center\">\n\t\n\n<div class=\"col-12 col-md-12 custom_slider custom-banner-img custom_slider__banner\">\n\t\t\t\n\n\n\n\n<h1 class=\"wp-block-heading\" style=\"font-size:30px\">Impressum<\/h1>\n\n\t<\/div>\n\n<\/div>\n\n<\/div>\n\n\n<div class=\"wp-bootstrap-blocks-container container-fluid mb-5 custom_container custom_container--small\">\n\t\n<div class=\"wp-bootstrap-blocks-row row\">\n\t\n\n<div class=\"col-12 col-md-12\">\n\t\t\t\n\n<h2 class=\"wp-block-heading\" style=\"font-size:30px\">Standort<\/h2>\n\n\n\n<p class=\"has-medium-font-size\">orfix International GmbH&nbsp;<br>Rottorfer&nbsp;Stra\u00dfe 8 \u00b7 21449 Radbruch&nbsp;<br>Tel. <a href=\"tel:+4941788184\">+ 49 (0) 4178 8184<\/a> &#8211; 0 \u00b7&nbsp;fax&nbsp;+ 49 (0) 4178 8184 &#8211; 99&nbsp;<br><a href=\"mailto:info@orfix.de\">info@orfix.de<\/a><\/p>\n\n\n\n<p class=\"has-medium-font-size\">Eingetragen beim Handelsregister Amtsgericht L\u00fcneburg \u2013 Register-Nr. HRB204576&nbsp;<br>UST.-ID-NUMMER: DE291453980&nbsp;<\/p>\n\n\n\n<h2 class=\"wp-block-heading\" style=\"font-size:30px\">Inhaltlich verantwortlich:&nbsp;<\/h2>\n\n\n\n<p class=\"has-medium-font-size\">gem\u00e4\u00df \u00a7 55 RStV: <br>Gesch\u00e4ftsf\u00fchrer\/CEO orfix group: Holger Schr\u00f6der<br>Gesch\u00e4ftsf\u00fchrer: Andreas Wulf<\/p>\n\n\n\n<p class=\"has-medium-font-size\"><strong>Steuer Nr.<\/strong> : 33 209 01 755<\/p>\n\n\n\n<p class=\"has-medium-font-size\"><strong>D-U-N-S-Nr.<\/strong>: 340617443<\/p>\n\n\n\n<p class=\"has-medium-font-size\"><strong>LUCID-Nr<\/strong>. DE5823620695200<\/p>\n\n\n\n<p class=\"has-medium-font-size\"><strong>Commerzbank AG<\/strong><\/p>\n\n\n\n<p class=\"has-medium-font-size\">IBAN: DE04 2004 0000 0100 3755 00<\/p>\n\n\n\n<p class=\"has-medium-font-size\">BIC (Swift): COBADEFXXX<\/p>\n\n\n\n<p class=\"has-medium-font-size\"><strong>Hamburger Sparkasse<\/strong><\/p>\n\n\n\n<p class=\"has-medium-font-size\">IBAN: DE31 2005 0550 1213 1247 36<\/p>\n\n\n\n<p class=\"has-medium-font-size\">BIC (Swift): HASPDEHHXXX<\/p>\n\n\n\n<p class=\"has-medium-font-size\"><strong>Hypo Vereinsbank<\/strong><\/p>\n\n\n\n<p class=\"has-medium-font-size\">IBAN: DE 91 2003 0000 0040 2090 58<\/p>\n\n\n\n<p class=\"has-medium-font-size\">BIC (Swift): HYVEDEMM300<\/p>\n\n\n\n<p class=\"has-medium-font-size\"><strong><a href=\"https:\/\/www.orfix.com\/de\/agb\/\" class=\"ek-link\">Unsere Allgemeinen Gesch\u00e4ftsbedingungen<\/a><\/strong><\/p>\n\n\n\n<p class=\"has-medium-font-size\"><strong><a href=\"https:\/\/www.orfix.com\/de\/datenschutz\/\" class=\"ek-link\">Unsere Datenschutzerkl\u00e4rung<\/a><\/strong><\/p>\n\n\n\n<h2 class=\"wp-block-heading\" style=\"font-size:30px\">Konzept, Text und Webdesign:&nbsp;<\/h2>\n\n\n\n<p class=\"has-medium-font-size\">Netzkunst24 Design- und Internetagentur GmbH&nbsp;<br>August-Wellenkamp-Stra\u00dfe 20&nbsp;\u00b7&nbsp;21337 L\u00fcneburg&nbsp;&nbsp;<br>Telefon: +49 (0) 4131 \/ 92 72 27-0&nbsp;<br>info@netzkunst24.de \u00b7 www.netzkunst24.de&nbsp;<\/p>\n\n\n\n<p class=\"has-medium-font-size\">Alle Informationen und Erkl\u00e4rungen dieser Internetseiten sind unverbindlich. Die orfix International GmbH \u00fcbernimmt f\u00fcr die Richtigkeit und Vollst\u00e4ndigkeit der Inhalte keine Gew\u00e4hr. Es werden keine Garantien \u00fcbernommen und keine Zusicherung von Produkteigenschaften gemacht. Aus den Inhalten der Internetseiten ergeben sich keine Rechtsanspr\u00fcche. Fehler im Inhalt werden bei Kenntnis dar\u00fcber unverz\u00fcglich korrigiert. Die Inhalte der Internetseiten k\u00f6nnen durch zeitverz\u00f6gerte Aktualisierung nicht permanent aktuell sein. Bitte fragen Sie uns daher zu dem Stand, den technischen Details und der Lieferbarkeit der Produkte und Dienstleistungen. Links auf andere Internetseiten werden nicht permanent kontrolliert. Somit \u00fcbernehmen wir keine Verantwortung f\u00fcr den Inhalt verlinkter Seiten.&nbsp;<br>Dieses Impressum ist f\u00fcr orfix.com, orfix.de sowie f\u00fcr shop.orfix.com g\u00fcltig. <\/p>\n\n\t<\/div>\n\n<\/div>\n\n<\/div>\n\n\n<div class=\"wp-bootstrap-blocks-container container-fluid mb-5 custom_container custom_container--middle\">\n\t\n<div class=\"wp-bootstrap-blocks-row row custom-row__cta-contact\">\n\t\n\n<div class=\"col-12 col-md-6\">\n\t\t\t\n\n<figure class=\"wp-block-image size-full advgb-dyn-c0ecbe96\"><img loading=\"lazy\" decoding=\"async\" width=\"471\" height=\"344\" src=\"https:\/\/www.orfix.com\/wp-content\/uploads\/2021\/08\/shutterstock_116283283_471x344px.jpg\" alt=\"Ihre Kontaktm\u00f6glichkeiten zu Wasserz\u00e4hler Plomben\" class=\"wp-image-14598\" srcset=\"https:\/\/www.orfix.com\/wp-content\/uploads\/2021\/08\/shutterstock_116283283_471x344px.jpg 471w, https:\/\/www.orfix.com\/wp-content\/uploads\/2021\/08\/shutterstock_116283283_471x344px-300x219.jpg 300w\" sizes=\"auto, (max-width: 471px) 100vw, 471px\" \/><figcaption class=\"wp-element-caption\">Kontakt<\/figcaption><\/figure>\n\n\t<\/div>\n\n\n\n<div class=\"col-12 col-md-6\">\n\t\t\t\n<div class=\"employeeblock\">\n    <figure class=\"employeeblock__item employeeblock__item--img\">\n        <img decoding=\"async\" src=\"\" alt=\"\" \/>\n    <\/figure>\n    <div class=\"employeeblock__item employeeblock__item--content\">\n        <h2 class=\"name\">Kundenberatung<\/h2>\n        <p class=\"position\">Deutschland, \u00d6sterreich &#038; Schweiz<\/p>\n        <p><a class=\"link link--has-icon link--has-icon--mail\" href=\"mailto:info@orfix.de\">info@orfix.de<\/a><\/p>\n        <p><a class=\"link link--has-icon link--has-icon--tel\" href=\"tel:+49417881840\">+49 4178 8184-0<\/a><\/p>\n    <\/div>\n<\/div>\n\n\t<\/div>\n\n<\/div>\n\n<\/div>\n\n\n\n<div style=\"height:20px\" aria-hidden=\"true\" class=\"wp-block-spacer\"><\/div>\n\n\n\n<figure class=\"wp-block-image size-full\"><img loading=\"lazy\" decoding=\"async\" width=\"2048\" height=\"600\" src=\"https:\/\/www.orfix.com\/wp-content\/uploads\/2024\/05\/orfix-Karte-2025-en.jpg\" alt=\"\" class=\"wp-image-32960\" srcset=\"https:\/\/www.orfix.com\/wp-content\/uploads\/2024\/05\/orfix-Karte-2025-en.jpg 2048w, https:\/\/www.orfix.com\/wp-content\/uploads\/2024\/05\/orfix-Karte-2025-en-768x225.jpg 768w, https:\/\/www.orfix.com\/wp-content\/uploads\/2024\/05\/orfix-Karte-2025-en-1536x450.jpg 1536w\" sizes=\"auto, (max-width: 2048px) 100vw, 2048px\" \/><\/figure>\n\n\n\n<p class=\"has-medium-font-size\">Gern beraten wir Sie individuell!<br><strong>Ihr kompetenter Partner mit einem umfassenden Sortiment f\u00fcr alle, die z\u00e4hlen, verpacken, transportieren oder lagern.<\/strong><\/p>\n\n\n\n<div style=\"height:20px\" aria-hidden=\"true\" class=\"wp-block-spacer\"><\/div>\n\n\n\n<div class=\"wp-block-buttons cta-banner-content__item is-layout-flex wp-block-buttons-is-layout-flex\">\n<div class=\"wp-block-button is-style-outline is-style-outline--1 advgb-dyn-2c6a785e\"><a class=\"wp-block-button__link has-text-color has-medium-font-size has-custom-font-size wp-element-button\" href=\"https:\/\/www.orfix.com\/de\/kontakt\/\" style=\"border-radius:1px;color:#ba0c2f\" target=\"_blank\" rel=\"noreferrer noopener\"><strong>Kontakt<\/strong><\/a><\/div>\n\n\n\n<div class=\"wp-block-button btn__bg--red advgb-dyn-48972139\"><a class=\"wp-block-button__link has-white-color has-text-color has-background has-medium-font-size has-custom-font-size wp-element-button\" href=\"https:\/\/www.orfix.com\/de\/leistungsbereiche-produkte\/\" style=\"border-radius:1px;background-color:#ba0c2f\" target=\"_blank\" rel=\"noreferrer noopener\"><strong>Produkte<\/strong><\/a><\/div>\n\n\n\n<div class=\"wp-block-button btn__bg--red advgb-dyn-9363d00e\"><a class=\"wp-block-button__link has-white-color has-text-color has-background has-medium-font-size has-custom-font-size wp-element-button\" href=\"https:\/\/shop.orfix.com\/\" style=\"border-radius:1px;background-color:#ba0c2f\" target=\"_blank\" rel=\"noreferrer noopener\"><strong>Onlineshop<\/strong><\/a><\/div>\n<\/div>\n\n\n\n<div style=\"height:20px\" aria-hidden=\"true\" class=\"wp-block-spacer\"><\/div>\n","protected":false},"excerpt":{"rendered":"<p><a class=\"btn btn-secondary understrap-read-more-link\" href=\"https:\/\/www.orfix.com\/de\/impressum\/\">Weiterlesen&#8230;<\/a><\/p>\n","protected":false},"author":1,"featured_media":0,"parent":0,"menu_order":7,"comment_status":"closed","ping_status":"closed","template":"","meta":{"_acf_changed":false,"om_disable_all_campaigns":false,"inline_featured_image":false,"advgb_blocks_editor_width":"","advgb_blocks_columns_visual_guide":"","_monsterinsights_skip_tracking":false,"_monsterinsights_sitenote_active":false,"_monsterinsights_sitenote_note":"","_monsterinsights_sitenote_category":0,"_uf_show_specific_survey":0,"_uf_disable_surveys":false,"footnotes":""},"class_list":["post-273","page","type-page","status-publish","hentry"],"acf":[],"aioseo_notices":[],"coauthors":[],"author_meta":{"author_link":"https:\/\/www.orfix.com\/de\/author\/nk24-admin\/","display_name":"nk24-admin"},"relative_dates":{"created":"Posted 6\u00a0Jahren ago","modified":"Updated 8\u00a0Monaten ago"},"absolute_dates":{"created":"Posted on 28. August 2020","modified":"Updated on 15. September 2025"},"absolute_dates_time":{"created":"Posted on 28. August 2020 17:03","modified":"Updated on 15. September 2025 10:53"},"featured_img_caption":"","featured_img":false,"series_order":"","_links":{"self":[{"href":"https:\/\/www.orfix.com\/de\/wp-json\/wp\/v2\/pages\/273","targetHints":{"allow":["GET"]}}],"collection":[{"href":"https:\/\/www.orfix.com\/de\/wp-json\/wp\/v2\/pages"}],"about":[{"href":"https:\/\/www.orfix.com\/de\/wp-json\/wp\/v2\/types\/page"}],"author":[{"embeddable":true,"href":"https:\/\/www.orfix.com\/de\/wp-json\/wp\/v2\/users\/1"}],"replies":[{"embeddable":true,"href":"https:\/\/www.orfix.com\/de\/wp-json\/wp\/v2\/comments?post=273"}],"version-history":[{"count":15,"href":"https:\/\/www.orfix.com\/de\/wp-json\/wp\/v2\/pages\/273\/revisions"}],"predecessor-version":[{"id":31878,"href":"https:\/\/www.orfix.com\/de\/wp-json\/wp\/v2\/pages\/273\/revisions\/31878"}],"wp:attachment":[{"href":"https:\/\/www.orfix.com\/de\/wp-json\/wp\/v2\/media?parent=273"}],"curies":[{"name":"wp","href":"https:\/\/api.w.org\/{rel}","templated":true}]}}