{"id":271,"date":"2020-08-28T17:03:17","date_gmt":"2020-08-28T15:03:17","guid":{"rendered":"http:\/\/localhost:8888\/orfix\/karriere\/"},"modified":"2026-02-04T10:43:23","modified_gmt":"2026-02-04T09:43:23","slug":"karriere","status":"publish","type":"page","link":"https:\/\/www.orfix.com\/de\/karriere\/","title":{"rendered":"Karriere"},"content":{"rendered":"<div class=\"wp-bootstrap-blocks-container container-fluid mb-5 wp-bootstrap-blocks-container container-fluid mb-5 custom_container custom_container--big custom_container--banner custom_container--banner--no-img\">\n\t\n<div class=\"wp-bootstrap-blocks-row row custom_row custom_row--center\">\n\t\n\n<div class=\"col-12 col-md-12 custom_slider custom-banner-img custom_slider__banner\">\n\t\t\t\n\n\n\n\n<h1 class=\"wp-block-heading\" style=\"font-size:30px\">Ihre Karriere bei orfix<\/h1>\n\n\t<\/div>\n\n<\/div>\n\n<\/div>\n\n\n<div class=\"wp-bootstrap-blocks-container container-fluid mb-5 custom_container custom_container--small\">\n\t\n<div class=\"wp-bootstrap-blocks-row row\">\n\t\n\n<div class=\"col-12 col-md-12\">\n\t\t\t\n\n<p class=\"has-medium-font-size\">Wir sind das f\u00fchrende Unternehmen f\u00fcr Sicherheits- und Pr\u00e4ventionsl\u00f6sungen mit eigenen Produktions- und Vertriebsunternehmen in Deutschland, Frankreich, Italien, Polen und Serbien. <\/p>\n\n\n\n<p class=\"has-medium-font-size\">Um unser Wachstum zu sichern und unser Team zu erweitern, suchen wir immer engagierte KollegInnen.<\/p>\n\n\n\n<div class=\"wp-block-columns is-layout-flex wp-container-core-columns-is-layout-9d6595d7 wp-block-columns-is-layout-flex\">\n<div class=\"wp-block-column is-layout-flow wp-block-column-is-layout-flow\">\n<p><\/p>\n\n\n\n\n\n<div class=\"jb jb-jobs\" data-base-post=\"271\"\n\tdata-hide-expired=\"1\"\n\tdata-hide-filled=\"1\"\n\tdata-filled-only=\"\"\n\tdata-orderby=\"date\"\n\tdata-order=\"DESC\"\n\tdata-employer=\"\"\n\tdata-no-logo=\"\"\n\tdata-hide-job-types=\"\"\n\tdata-page=\"1\"\n\tdata-per-page=\"10\"\n\tdata-no-jobs=\"No Jobs\"\n\tdata-no-jobs-search=\"No Jobs found\"\n\tdata-category=\"\"\n\tdata-type=\"\"\n\tdata-salary=\"\"\tdata-wrapper-index=\"1\">\n\n\t\n<div class=\"jb-overlay\">\n\t<div class=\"jb-ajax-loading\"><\/div>\n<\/div>\n\n<div class=\"jb-jobs-header\">\n\n\t\n\t<\/div>\n\n<script type=\"text\/template\" id=\"tmpl-jb-jobs-list-line\">\n\t<# if ( data.jobs.length > 0 ) { #>\n\n\t\t<# _.each( data.jobs, function( job, key, list ) { #>\n\t\t\t\n\t\t\t<div class=\"jb-job-list-row<# if ( ! job.logo ) { #> jb-job-list-no-logo<# } #><# if ( job.actions.length > 0 ) { #> jb-job-list-with-actions<# } #><# if ( job.featured ) { #> jb-job-list-featured<# } #>\">\t\t\t\t<# if ( ! data.hide_logo ) { #>\n\t\t\t\t\t<# if ( job.logo ) { #>\n\t\t\t\t\t\t<div class=\"jb-job-logo\">\n\t\t\t\t\t\t\t{{{job.logo}}}\n\t\t\t\t\t\t<\/div>\n\t\t\t\t\t<# } #>\n\t\t\t\t<# } #>\n\t\t\t\t<div class=\"jb-row-data\">\n\t\t\t\t\t<div class=\"jb-job-title\">\n\t\t\t\t\t\t<span class=\"jb-job-title-link-line\"><a href=\"{{{job.permalink}}}\" class=\"jb-job-title-link\">{{{job.title}}}<\/a><\/span>\n\t\t\t\t\t\t<div class=\"jb-job-title-end jb-responsive jb-ui-m jb-ui-l jb-ui-xl\">\n\t\t\t\t\t\t\t<# if ( job.featured ) { #>\n\t\t\t\t\t\t\t\t<div class=\"jb-job-featured\">Featured<\/div>\n\t\t\t\t\t\t\t<# } #>\n\t\t\t\t\t\t\t<# if ( ! data.hide_job_types ) { #>\n\t\t\t\t\t\t\t\t<# if ( job.types.length > 0 ) { #>\n\t\t\t\t\t\t\t\t\t<div class=\"jb-job-types\">\n\t\t\t\t\t\t\t\t\t\t<# _.each( job.types, function( type, t_key, t_list ) { #>\n\t\t\t\t\t\t\t\t\t\t\t<div class=\"jb-job-type\" style=\"color:{{{type.color}}};background:{{{type.bg_color}}};\">\n\t\t\t\t\t\t\t\t\t\t\t\t{{{type.name}}}\n\t\t\t\t\t\t\t\t\t\t\t<\/div>\n\t\t\t\t\t\t\t\t\t\t<# }); #>\n\t\t\t\t\t\t\t\t\t<\/div>\n\t\t\t\t\t\t\t\t<# } #>\n\t\t\t\t\t\t\t<# } #>\n\t\t\t\t\t\t<\/div>\n\t\t\t\t\t<\/div>\n\t\t\t\t\t<div class=\"jb-row-info\">\n\t\t\t\t\t\t<div class=\"jb-row-left-side\">\n\t\t\t\t\t\t\t<# if ( job.company.name ) { #>\n\t\t\t\t\t\t\t\t<div class=\"company\">\n\t\t\t\t\t\t\t\t\t<i class=\"far fa-building\"><\/i>\n\t\t\t\t\t\t\t\t\t<span title=\"{{{job.company.tagline}}}\">\n\t\t\t\t\t\t\t\t\t\t{{{job.company.name}}}\n\t\t\t\t\t\t\t\t\t<\/span>\n\t\t\t\t\t\t\t\t<\/div>\n\t\t\t\t\t\t\t<# } #>\n\n\t\t\t\t\t\t\t<# if ( job.location ) { #>\n\t\t\t\t\t\t\t\t<div class=\"location\">\n\t\t\t\t\t\t\t\t\t<i class=\"fas fa-map-marker-alt\"><\/i>\n\t\t\t\t\t\t\t\t\t{{{job.location}}}\n\t\t\t\t\t\t\t\t<\/div>\n\t\t\t\t\t\t\t<# } #>\n\n\t\t\t\t\t\t\t\t\t\t\t\t\t\t\t<# if ( job.category ) { #>\n\t\t\t\t\t\t\t\t\t<div class=\"category\">\n\t\t\t\t\t\t\t\t\t\t{{{job.category}}}\n\t\t\t\t\t\t\t\t\t<\/div>\n\t\t\t\t\t\t\t\t<# } #>\n\t\t\t\t\t\t\t\n\t\t\t\t\t\t\t<div class=\"jb-responsive jb-ui-s jb-ui-xs date\" title=\"Posted\">\n\t\t\t\t\t\t\t\t<i class=\"far fa-calendar-alt\"><\/i>\n\t\t\t\t\t\t\t\tPosted {{{job.date}}}\n\t\t\t\t\t\t\t<\/div>\n\n\t\t\t\t\t\t\t<# if ( job.expires ) { #>\n\t\t\t\t\t\t\t\t<div class=\"expires\" title=\"Expires\">\n\t\t\t\t\t\t\t\t\t<i class=\"fa fa-calendar-times-o\"><\/i>\n\t\t\t\t\t\t\t\t\tClosing on {{{job.expires}}}\n\t\t\t\t\t\t\t\t<\/div>\n\t\t\t\t\t\t\t<# } #>\n\n\t\t\t\t\t\t\t\t\t\t\t\t\t\t\t<# if ( job.salary ) { #>\n\t\t\t\t\t\t\t\t\t<div class=\"jb-job-salary\">\n\t\t\t\t\t\t\t\t\t\t<i class=\"far fa-money-bill-alt\"><\/i>\n\t\t\t\t\t\t\t\t\t\t{{{job.salary}}}\n\t\t\t\t\t\t\t\t\t<\/div>\n\t\t\t\t\t\t\t\t<# } #>\n\t\t\t\t\t\t\t\t\t\t\t\t\t<\/div>\n\t\t\t\t\t\t<div class=\"jb-row-right-side\">\n\t\t\t\t\t\t\t<div class=\"date jb-responsive jb-ui-m jb-ui-l jb-ui-xl date\" title=\"Posted\">\n\t\t\t\t\t\t\t\t{{{job.date}}}\n\t\t\t\t\t\t\t<\/div>\n\t\t\t\t\t\t\t<div class=\"jb-row-right-side-line\">\n\t\t\t\t\t\t\t\t<# if ( job.featured ) { #>\n\t\t\t\t\t\t\t\t\t<div class=\"jb-job-featured jb-responsive jb-ui-s jb-ui-xs\">Featured<\/div>\n\t\t\t\t\t\t\t\t<# } #>\n\t\t\t\t\t\t\t\t<# if ( ! data.hide_job_types ) { #>\n\t\t\t\t\t\t\t\t\t<# if ( job.types.length > 0 ) { #>\n\t\t\t\t\t\t\t\t\t\t<div class=\"jb-job-types jb-responsive jb-ui-s jb-ui-xs\">\n\t\t\t\t\t\t\t\t\t\t\t<# _.each( job.types, function( type, t_key, t_list ) { #>\n\t\t\t\t\t\t\t\t\t\t\t\t<div class=\"jb-job-type\" style=\"color:{{{type.color}}};background:{{{type.bg_color}}};\">\n\t\t\t\t\t\t\t\t\t\t\t\t\t{{{type.name}}}\n\t\t\t\t\t\t\t\t\t\t\t\t<\/div>\n\t\t\t\t\t\t\t\t\t\t\t<# }); #>\n\t\t\t\t\t\t\t\t\t\t<\/div>\n\t\t\t\t\t\t\t\t\t<# } #>\n\t\t\t\t\t\t\t\t<# } #>\n\t\t\t\t\t\t\t<\/div>\n\t\t\t\t\t\t<\/div>\n\t\t\t\t\t<\/div>\n\t\t\t\t<\/div>\n\t\t\t\t<# if ( job.actions.length > 0 ) { #>\n\t\t\t\t\t<div class=\"jb-row-actions\">\n\t\t\t\t\t\t<# _.each( job.actions, function( action, a_key, a_list ) { #>\n\t\t\t\t\t\t\t<# if ( action.html ) { #>\n\t\t\t\t\t\t\t\t{{{action.html}}}\n\t\t\t\t\t\t\t<# } else { #>\n\t\t\t\t\t\t\t\t<a href=\"{{{action.url}}}\" class=\"{{{action.class}}}\">\n\t\t\t\t\t\t\t\t\t<i class=\"{{{action.img}}}\"><\/i>\n\t\t\t\t\t\t\t\t<\/a>\n\t\t\t\t\t\t\t<# } #>\n\t\t\t\t\t\t<# }); #>\n\t\t\t\t\t<\/div>\n\t\t\t\t<# } #>\n\t\t\t<\/div>\n\t\t<# }); #>\n\t<# } #>\n<\/script>\n\n<div class=\"jb-jobs-wrapper\"><\/div>\n\n<div class=\"jb-jobs-pagination-box\">\n\t<input type=\"button\" class=\"jb-button jb-load-more-jobs\" value=\"Load more jobs\" \/>\n<\/div>\n<\/div>\n\n\n\n\n\n\n<p><\/p>\n\n\n\n<h2 class=\"wp-block-heading has-medium-font-size\"><\/h2>\n<\/div>\n<\/div>\n\n\n\n<p><\/p>\n\n\n\n<p class=\"has-medium-font-size\">Senden Sie uns einfach Ihre Initiativ-Bewerbung per E-Mail: <a href=\"mailto:personal@orfix.de\">personal@orfix.de<\/a> <\/p>\n\n\n\n<p><\/p>\n\n\t<\/div>\n\n<\/div>\n\n<\/div>\n\n\n\n<div style=\"height:20px\" aria-hidden=\"true\" class=\"wp-block-spacer\"><\/div>\n\n\n\n<figure class=\"wp-block-image size-full\"><img loading=\"lazy\" decoding=\"async\" width=\"2048\" height=\"600\" src=\"https:\/\/www.orfix.com\/wp-content\/uploads\/2024\/05\/orfix-Karte-2025-en.jpg\" alt=\"\" class=\"wp-image-32960\" srcset=\"https:\/\/www.orfix.com\/wp-content\/uploads\/2024\/05\/orfix-Karte-2025-en.jpg 2048w, https:\/\/www.orfix.com\/wp-content\/uploads\/2024\/05\/orfix-Karte-2025-en-768x225.jpg 768w, https:\/\/www.orfix.com\/wp-content\/uploads\/2024\/05\/orfix-Karte-2025-en-1536x450.jpg 1536w\" sizes=\"auto, (max-width: 2048px) 100vw, 2048px\" \/><\/figure>\n\n\n\n<p class=\"has-medium-font-size\">Gern beraten wir Sie individuell!<br><strong>Ihr kompetenter Partner mit einem umfassenden Sortiment f\u00fcr alle, die z\u00e4hlen, verpacken, transportieren oder lagern.<\/strong><\/p>\n\n\n\n<div style=\"height:20px\" aria-hidden=\"true\" class=\"wp-block-spacer\"><\/div>\n\n\n\n<div class=\"wp-block-buttons cta-banner-content__item is-layout-flex wp-block-buttons-is-layout-flex\">\n<div class=\"wp-block-button is-style-outline is-style-outline--1 advgb-dyn-2c6a785e\"><a class=\"wp-block-button__link has-text-color has-medium-font-size has-custom-font-size wp-element-button\" href=\"https:\/\/www.orfix.com\/de\/kontakt\/\" style=\"border-radius:1px;color:#ba0c2f\" target=\"_blank\" rel=\"noreferrer noopener\"><strong>Kontakt<\/strong><\/a><\/div>\n\n\n\n<div class=\"wp-block-button btn__bg--red advgb-dyn-48972139\"><a class=\"wp-block-button__link has-white-color has-text-color has-background has-medium-font-size has-custom-font-size wp-element-button\" href=\"https:\/\/www.orfix.com\/de\/leistungsbereiche-produkte\/\" style=\"border-radius:1px;background-color:#ba0c2f\" target=\"_blank\" rel=\"noreferrer noopener\"><strong>Produkte<\/strong><\/a><\/div>\n\n\n\n<div class=\"wp-block-button btn__bg--red advgb-dyn-9363d00e\"><a class=\"wp-block-button__link has-white-color has-text-color has-background has-medium-font-size has-custom-font-size wp-element-button\" href=\"https:\/\/shop.orfix.com\/\" style=\"border-radius:1px;background-color:#ba0c2f\" target=\"_blank\" rel=\"noreferrer noopener\"><strong>Onlineshop<\/strong><\/a><\/div>\n<\/div>\n\n\n\n<div style=\"height:20px\" aria-hidden=\"true\" class=\"wp-block-spacer\"><\/div>\n","protected":false},"excerpt":{"rendered":"<p><a class=\"btn btn-secondary understrap-read-more-link\" href=\"https:\/\/www.orfix.com\/de\/karriere\/\">Weiterlesen&#8230;<\/a><\/p>\n","protected":false},"author":1,"featured_media":0,"parent":0,"menu_order":5,"comment_status":"closed","ping_status":"closed","template":"","meta":{"_acf_changed":false,"om_disable_all_campaigns":false,"inline_featured_image":false,"advgb_blocks_editor_width":"","advgb_blocks_columns_visual_guide":"","_monsterinsights_skip_tracking":false,"_monsterinsights_sitenote_active":false,"_monsterinsights_sitenote_note":"","_monsterinsights_sitenote_category":0,"_uf_show_specific_survey":0,"_uf_disable_surveys":false,"footnotes":""},"class_list":["post-271","page","type-page","status-publish","hentry"],"acf":[],"aioseo_notices":[],"coauthors":[],"author_meta":{"author_link":"https:\/\/www.orfix.com\/de\/author\/nk24-admin\/","display_name":"nk24-admin"},"relative_dates":{"created":"Posted 6\u00a0Jahren ago","modified":"Updated 3\u00a0Monaten ago"},"absolute_dates":{"created":"Posted on 28. August 2020","modified":"Updated on 4. Februar 2026"},"absolute_dates_time":{"created":"Posted on 28. August 2020 17:03","modified":"Updated on 4. Februar 2026 10:43"},"featured_img_caption":"","featured_img":false,"series_order":"","_links":{"self":[{"href":"https:\/\/www.orfix.com\/de\/wp-json\/wp\/v2\/pages\/271","targetHints":{"allow":["GET"]}}],"collection":[{"href":"https:\/\/www.orfix.com\/de\/wp-json\/wp\/v2\/pages"}],"about":[{"href":"https:\/\/www.orfix.com\/de\/wp-json\/wp\/v2\/types\/page"}],"author":[{"embeddable":true,"href":"https:\/\/www.orfix.com\/de\/wp-json\/wp\/v2\/users\/1"}],"replies":[{"embeddable":true,"href":"https:\/\/www.orfix.com\/de\/wp-json\/wp\/v2\/comments?post=271"}],"version-history":[{"count":44,"href":"https:\/\/www.orfix.com\/de\/wp-json\/wp\/v2\/pages\/271\/revisions"}],"predecessor-version":[{"id":33437,"href":"https:\/\/www.orfix.com\/de\/wp-json\/wp\/v2\/pages\/271\/revisions\/33437"}],"wp:attachment":[{"href":"https:\/\/www.orfix.com\/de\/wp-json\/wp\/v2\/media?parent=271"}],"curies":[{"name":"wp","href":"https:\/\/api.w.org\/{rel}","templated":true}]}}