{"id":259,"date":"2020-08-28T16:58:13","date_gmt":"2020-08-28T14:58:13","guid":{"rendered":"http:\/\/localhost:8888\/orfix\/standorte-partner\/"},"modified":"2026-02-20T11:10:53","modified_gmt":"2026-02-20T10:10:53","slug":"standorte-partner","status":"publish","type":"page","link":"https:\/\/www.orfix.com\/de\/unternehmen\/standorte-partner\/","title":{"rendered":"Standorte \/ Partner"},"content":{"rendered":"<div class=\"wp-bootstrap-blocks-container container-fluid mb-5 custom_container custom_container--big custom_container--banner\">\n\t\n<div class=\"wp-bootstrap-blocks-row row custom_row custom_row--center\">\n\t\n\n<div class=\"col-12 col-md-12 custom_slider custom-banner-img custom_slider__banner custom-banner-img\">\n\t\t\t\n\n<figure class=\"wp-block-image size-full\"><img loading=\"lazy\" decoding=\"async\" width=\"2048\" height=\"600\" src=\"https:\/\/www.orfix.com\/wp-content\/uploads\/2020\/09\/orfix-Karte-2025-de-1.1.jpg\" alt=\"\" class=\"wp-image-32963\" srcset=\"https:\/\/www.orfix.com\/wp-content\/uploads\/2020\/09\/orfix-Karte-2025-de-1.1.jpg 2048w, https:\/\/www.orfix.com\/wp-content\/uploads\/2020\/09\/orfix-Karte-2025-de-1.1-768x225.jpg 768w, https:\/\/www.orfix.com\/wp-content\/uploads\/2020\/09\/orfix-Karte-2025-de-1.1-1536x450.jpg 1536w\" sizes=\"auto, (max-width: 2048px) 100vw, 2048px\" \/><\/figure>\n\n\n\n\n\t<\/div>\n\n<\/div>\n\n<\/div>\n\n\n<div class=\"wp-bootstrap-blocks-container container-fluid mb-5 custom_container custom_container--small\">\n\t\n<div class=\"wp-bootstrap-blocks-row row\">\n\t\n\n<div class=\"col-12 col-md-12\">\n\t\t\t\n\n<h1 class=\"wp-block-heading\" style=\"font-size:30px\">Standorte und Partner<\/h1>\n\n\n\n<p class=\"has-medium-font-size\">orfix unterh\u00e4lt eigene Produktions- und Vertriebsunternehmen in Deutschland, Frankreich, Italien, Polen und Serbien. In vielen weiteren L\u00e4ndern erhalten Sie orfix-Produkte und L\u00f6sungen \u00fcber autorisierte Vertriebspartner. Wenn es um Sicherheit f\u00fcr Ihre Werte geht \u2013 nehmen Sie Kontakt mit uns auf.<\/p>\n\n\t<\/div>\n\n<\/div>\n\n<\/div>\n\n\n<div class=\"wp-bootstrap-blocks-container container-fluid mb-5 custom_container custom_container--small\">\n\t\n<div class=\"wp-bootstrap-blocks-row row\">\n\t\n\n<div class=\"col-12 col-md-6\">\n\t\t\t\n\n<figure class=\"wp-block-image size-large\"><img loading=\"lazy\" decoding=\"async\" width=\"365\" height=\"257\" src=\"https:\/\/www.orfix.com\/wp-content\/uploads\/2020\/11\/Overviewblock_about-us_locationen_germany.jpg\" alt=\"\" class=\"wp-image-6634\" srcset=\"https:\/\/www.orfix.com\/wp-content\/uploads\/2020\/11\/Overviewblock_about-us_locationen_germany.jpg 365w, https:\/\/www.orfix.com\/wp-content\/uploads\/2020\/11\/Overviewblock_about-us_locationen_germany-300x211.jpg 300w\" sizes=\"auto, (max-width: 365px) 100vw, 365px\" \/><\/figure>\n\n\t<\/div>\n\n\n\n<div class=\"col-12 col-md-6\">\n\t\t\t\n\n<h2 class=\"wp-block-heading\" style=\"font-size:30px\">orfix International GmbH \u00b7 GERMANY&nbsp;<\/h2>\n\n\n\n<p class=\"has-medium-font-size\">Rottorfer&nbsp;Stra\u00dfe 8 \u00b7 D-21449 Radbruch&nbsp;<\/p>\n\n\n\n<p class=\"has-medium-font-size\">Tel. <a href=\"tel:+49417881840\">+49 (0) 41 78 &#8211; 81 84 &#8211; 0<\/a> <\/p>\n\n\n\n<p class=\"has-medium-font-size\">Fax +49 (0) 41 78 &#8211; 81 84 &#8211; 99&nbsp;<\/p>\n\n\n\n<p class=\"has-medium-font-size\"><a href=\"mailto:info@orfix.de\" class=\"ek-link\">info@orfix.de \u00b7&nbsp;www.orfix.com&nbsp;<\/a><\/p>\n\n\t<\/div>\n\n<\/div>\n\n<\/div>\n\n\n<div class=\"wp-bootstrap-blocks-container container-fluid mb-5 custom_container custom_container--small\">\n\t\n<div class=\"wp-bootstrap-blocks-row row\">\n\t\n\n<div class=\"col-12 col-md-6\">\n\t\t\t\n\n<figure class=\"wp-block-image size-large\"><img loading=\"lazy\" decoding=\"async\" width=\"365\" height=\"257\" src=\"https:\/\/www.orfix.com\/wp-content\/uploads\/2020\/11\/Overviewblock_about-us_locationen_france.jpg\" alt=\"\" class=\"wp-image-6662\" srcset=\"https:\/\/www.orfix.com\/wp-content\/uploads\/2020\/11\/Overviewblock_about-us_locationen_france.jpg 365w, https:\/\/www.orfix.com\/wp-content\/uploads\/2020\/11\/Overviewblock_about-us_locationen_france-300x211.jpg 300w\" sizes=\"auto, (max-width: 365px) 100vw, 365px\" \/><\/figure>\n\n\t<\/div>\n\n\n\n<div class=\"col-12 col-md-6\">\n\t\t\t\n\n<h2 class=\"wp-block-heading\" style=\"font-size:30px\">orfix France SA \u00b7 FRANCE&nbsp;<\/h2>\n\n\n\n<p class=\"has-medium-font-size\">ZI de Maubech&nbsp;\u00b7 FR-19250 Meymac<\/p>\n\n\n\n<p class=\"has-medium-font-size\">Tel. <a href=\"tel:+33820229099\">+33 (0) 820 22 90 99<\/a> <\/p>\n\n\n\n<p class=\"has-medium-font-size\">Fax +33 (0) 5 55 95 26 48&nbsp;<\/p>\n\n\n\n<p class=\"has-medium-font-size\"><a href=\"mailto:info@orfix.fr\">info@orfix.fr<\/a> \u00b7&nbsp;<a href=\"https:\/\/www.orfix.com\/\" target=\"_blank\" rel=\"noreferrer noopener\" class=\"ek-link\">www.orfix.com&nbsp;<\/a><\/p>\n\n\t<\/div>\n\n<\/div>\n\n<\/div>\n\n\n<div class=\"wp-bootstrap-blocks-container container-fluid mb-5 custom_container custom_container--small\">\n\t\n<div class=\"wp-bootstrap-blocks-row row\">\n\t\n\n<div class=\"col-12 col-md-6\">\n\t\t\t\n\n<figure class=\"wp-block-image size-full\"><img loading=\"lazy\" decoding=\"async\" width=\"365\" height=\"257\" src=\"https:\/\/www.orfix.com\/wp-content\/uploads\/2026\/02\/Overviewblock_about-us_locationen_ireland.jpg\" alt=\"\" class=\"wp-image-33491\"\/><\/figure>\n\n\t<\/div>\n\n\n\n<div class=\"col-12 col-md-6\">\n\t\t\t\n\n<h2 class=\"wp-block-heading\" style=\"font-size:30px\">orfix NJB Packaging \u00b7 IRLAND&nbsp;<\/h2>\n\n\n\n<p class=\"has-medium-font-size\">Unit F6 Maynooth Business Campus&nbsp;\u00b7 Straffan Rd, Maynooth, Co. Kildare \u00b7 W23 F9F4 Irland <\/p>\n\n\n\n<p class=\"has-medium-font-size\">Tel. <a href=\"tel:+33820229099\" class=\"ek-link\">+353 (0) 1 610 6449<\/a> <\/p>\n\n\n\n<p class=\"has-medium-font-size\"><a href=\"mailto:info@njb.ie\" class=\"ek-link\">info@njb.ie<\/a> \u00b7&nbsp;<a href=\"https:\/\/www.njb.ie\/\" target=\"_blank\" aria-label=\" (opens in a new tab)\" rel=\"noreferrer noopener\" class=\"ek-link\">www.njb.ie&nbsp;<\/a><\/p>\n\n\t<\/div>\n\n<\/div>\n\n<\/div>\n\n\n<div class=\"wp-bootstrap-blocks-container container-fluid mb-5 custom_container custom_container--small\">\n\t\n<div class=\"wp-bootstrap-blocks-row row\">\n\t\n\n<div class=\"col-12 col-md-6\">\n\t\t\t\n\n<figure class=\"wp-block-image size-large\"><img loading=\"lazy\" decoding=\"async\" width=\"365\" height=\"257\" src=\"https:\/\/www.orfix.com\/wp-content\/uploads\/2020\/12\/Overviewblock_about-us_locationen_italy2.jpg\" alt=\"\" class=\"wp-image-12808\" srcset=\"https:\/\/www.orfix.com\/wp-content\/uploads\/2020\/12\/Overviewblock_about-us_locationen_italy2.jpg 365w, https:\/\/www.orfix.com\/wp-content\/uploads\/2020\/12\/Overviewblock_about-us_locationen_italy2-300x211.jpg 300w\" sizes=\"auto, (max-width: 365px) 100vw, 365px\" \/><\/figure>\n\n\t<\/div>\n\n\n\n<div class=\"col-12 col-md-6\">\n\t\t\t\n\n<h2 class=\"wp-block-heading\" style=\"font-size:30px\">orfix Italia&nbsp;s.r.l. \u00b7 ITALIA&nbsp;<\/h2>\n\n\n\n<p class=\"has-medium-font-size\">Via Leone XIII, 95 \u00b7 IT-00165 Roma (RM)&nbsp;<\/p>\n\n\n\n<p class=\"has-medium-font-size\">Tel. <a href=\"tel:+390639870216\">+39 06 39 87&nbsp;02 16&nbsp;<\/a><\/p>\n\n\n\n<p class=\"has-medium-font-size\"><a href=\"mailto:info@orfix.it\" class=\"ek-link\">info@orfix.it \u00b7&nbsp;www.orfix.com&nbsp;<\/a><\/p>\n\n\t<\/div>\n\n<\/div>\n\n<\/div>\n\n\n<div class=\"wp-bootstrap-blocks-container container-fluid mb-5 custom_container custom_container--small\">\n\t<\/div>\n\n\n<div class=\"wp-bootstrap-blocks-container container-fluid mb-5 custom_container custom_container--small\">\n\t\n<div class=\"wp-bootstrap-blocks-row row\">\n\t\n\n<div class=\"col-12 col-md-6\">\n\t\t\t\n\n<figure class=\"wp-block-image size-large\"><img loading=\"lazy\" decoding=\"async\" width=\"365\" height=\"257\" src=\"https:\/\/www.orfix.com\/wp-content\/uploads\/2020\/12\/Overviewblock_about-us_locationen_poland2.jpg\" alt=\"\" class=\"wp-image-12815\" srcset=\"https:\/\/www.orfix.com\/wp-content\/uploads\/2020\/12\/Overviewblock_about-us_locationen_poland2.jpg 365w, https:\/\/www.orfix.com\/wp-content\/uploads\/2020\/12\/Overviewblock_about-us_locationen_poland2-300x211.jpg 300w\" sizes=\"auto, (max-width: 365px) 100vw, 365px\" \/><\/figure>\n\n\t<\/div>\n\n\n\n<div class=\"col-12 col-md-6\">\n\t\t\t\n\n<h2 class=\"wp-block-heading\" style=\"font-size:30px\">orfix&nbsp;Polska&nbsp;Sp. z&nbsp;o.o.&nbsp;sp.k. \u00b7 POLSKA&nbsp;<\/h2>\n\n\n\n<p class=\"has-medium-font-size\">ul.&nbsp;Kartuska 462 \u00b7 PL-80-298&nbsp;Gda\u0144sk&nbsp;<\/p>\n\n\n\n<p class=\"has-medium-font-size\">Tel. <a href=\"tel:+48585110655\">+48 (0) 58 &#8211; 511 06 55<\/a>  <\/p>\n\n\n\n<p class=\"has-medium-font-size\">Fax +48 (0) 58 &#8211; 511 06 57&nbsp;<\/p>\n\n\n\n<p class=\"has-medium-font-size\"><a href=\"mailto:info@orfix.pl\">info@orfix.pl<\/a> \u00b7&nbsp;<a href=\"https:\/\/www.orfix.com\/\" target=\"_blank\" rel=\"noreferrer noopener\" class=\"ek-link\">www.orfix.com&nbsp;<\/a><\/p>\n\n\t<\/div>\n\n<\/div>\n\n<\/div>\n\n\n<div class=\"wp-bootstrap-blocks-container container-fluid mb-5 custom_container custom_container--small\">\n\t\n<div class=\"wp-bootstrap-blocks-row row\">\n\t\n\n<div class=\"col-12 col-md-6\">\n\t\t\t\n\n<figure class=\"wp-block-image size-large\"><img loading=\"lazy\" decoding=\"async\" width=\"365\" height=\"257\" src=\"https:\/\/www.orfix.com\/wp-content\/uploads\/2020\/12\/Overviewblock_about-us_locationen_serbia2.jpg\" alt=\"\" class=\"wp-image-12842\" srcset=\"https:\/\/www.orfix.com\/wp-content\/uploads\/2020\/12\/Overviewblock_about-us_locationen_serbia2.jpg 365w, https:\/\/www.orfix.com\/wp-content\/uploads\/2020\/12\/Overviewblock_about-us_locationen_serbia2-300x211.jpg 300w\" sizes=\"auto, (max-width: 365px) 100vw, 365px\" \/><\/figure>\n\n\t<\/div>\n\n\n\n<div class=\"col-12 col-md-6\">\n\t\t\t\n\n<h2 class=\"wp-block-heading\" style=\"font-size:30px\">orfix doo \u00b7 SERBIA&nbsp;<\/h2>\n\n\n\n<p class=\"has-medium-font-size\">Rumenacki put bb \u00b7 RS-21000&nbsp;Novi Sad<\/p>\n\n\n\n<p class=\"has-medium-font-size\">Tel. <a href=\"tel:+38121872999\">+381 (0) 63 267 909<\/a><\/p>\n\n\n\n<p class=\"has-medium-font-size\"><a href=\"mailto:info@orfix.rs\">info@orfix.rs<\/a> <\/p>\n\n\n\n<p class=\"has-medium-font-size\"><a href=\"https:\/\/www.orfix.com\" class=\"ek-link\">www.orfix.com&nbsp;<\/a><\/p>\n\n\t<\/div>\n\n<\/div>\n\n<\/div>\n\n\n<div class=\"wp-bootstrap-blocks-container container-fluid mb-5 custom_container custom_container--middle\">\n\t\n<div class=\"wp-bootstrap-blocks-row row\">\n\t\n\n<div class=\"col-12 col-md-12\">\n\t\t\t\n\n<h2 class=\"wp-block-heading has-text-color advgb-dyn-54f9f1f8\" style=\"color:#002855;font-size:30px\">orfix &#8211; Ihr Spezialist f\u00fcr die Herstellung von Papier und Kunststoff<\/h2>\n\n\t<\/div>\n\n\n\n<div class=\"col-12 col-md-6\">\n\t\t\t\n\n<p class=\"has-medium-font-size\">Wir entwickeln und produzieren mit modernsten Produktionsmethoden, immer mit Blick auf Ihre individuellen Anforderungen, aber auch auf die Umwelt! Wir leben Nachhaltigkeit aktiv, wir handeln ressourcenschonend und m\u00f6glichst CO2-neutral. Daf\u00fcr steht unser Umweltmanagement. Sie erhalten von uns konstante, erstklassige und zertifizierte Qualit\u00e4t, wir begeistern Sie mit Innovationen und exzellentem Kundenservice.<\/p>\n\n\t<\/div>\n\n\n\n<div class=\"col-12 col-md-6\">\n\t\t\t\n\n<ul class=\"wp-block-list\">\n<li class=\"has-medium-font-size\">Das orfix-Standardsortiment ist immer vorr\u00e4tig.<\/li>\n\n\n\n<li class=\"has-medium-font-size\">orfix bietet individuelle Lagerhaltung und Dienstleistungen f\u00fcr personalisierte Waren.<\/li>\n\n\n\n<li class=\"has-medium-font-size\">orfix ist in der Lage, kundenspezifische Artikel auch in kleinen Mengen zu produzieren.<\/li>\n\n\n\n<li class=\"has-medium-font-size\">orfix bietet kompetente und individuelle Beratung &#8211; per Kontaktformular, telefonisch oder auch vor Ort.<\/li>\n<\/ul>\n\n\t<\/div>\n\n<\/div>\n\n<\/div>\n\n\n\n<div style=\"height:20px\" aria-hidden=\"true\" class=\"wp-block-spacer\"><\/div>\n\n\n\n<figure class=\"wp-block-image size-full\"><img loading=\"lazy\" decoding=\"async\" width=\"2048\" height=\"600\" src=\"https:\/\/www.orfix.com\/wp-content\/uploads\/2024\/05\/orfix-Karte-2025-en.jpg\" alt=\"\" class=\"wp-image-32960\" srcset=\"https:\/\/www.orfix.com\/wp-content\/uploads\/2024\/05\/orfix-Karte-2025-en.jpg 2048w, https:\/\/www.orfix.com\/wp-content\/uploads\/2024\/05\/orfix-Karte-2025-en-768x225.jpg 768w, https:\/\/www.orfix.com\/wp-content\/uploads\/2024\/05\/orfix-Karte-2025-en-1536x450.jpg 1536w\" sizes=\"auto, (max-width: 2048px) 100vw, 2048px\" \/><\/figure>\n\n\n\n<p class=\"has-medium-font-size\">Gern beraten wir Sie individuell!<br><strong>Ihr kompetenter Partner mit einem umfassenden Sortiment f\u00fcr alle, die z\u00e4hlen, verpacken, transportieren oder lagern.<\/strong><\/p>\n\n\n\n<div style=\"height:20px\" aria-hidden=\"true\" class=\"wp-block-spacer\"><\/div>\n\n\n\n<div class=\"wp-block-buttons cta-banner-content__item is-layout-flex wp-block-buttons-is-layout-flex\">\n<div class=\"wp-block-button is-style-outline is-style-outline--1 advgb-dyn-2c6a785e\"><a class=\"wp-block-button__link has-text-color has-medium-font-size has-custom-font-size wp-element-button\" href=\"https:\/\/www.orfix.com\/de\/kontakt\/\" style=\"border-radius:1px;color:#ba0c2f\" target=\"_blank\" rel=\"noreferrer noopener\"><strong>Kontakt<\/strong><\/a><\/div>\n\n\n\n<div class=\"wp-block-button btn__bg--red advgb-dyn-48972139\"><a class=\"wp-block-button__link has-white-color has-text-color has-background has-medium-font-size has-custom-font-size wp-element-button\" href=\"https:\/\/www.orfix.com\/de\/leistungsbereiche-produkte\/\" style=\"border-radius:1px;background-color:#ba0c2f\" target=\"_blank\" rel=\"noreferrer noopener\"><strong>Produkte<\/strong><\/a><\/div>\n\n\n\n<div class=\"wp-block-button btn__bg--red advgb-dyn-9363d00e\"><a class=\"wp-block-button__link has-white-color has-text-color has-background has-medium-font-size has-custom-font-size wp-element-button\" href=\"https:\/\/shop.orfix.com\/\" style=\"border-radius:1px;background-color:#ba0c2f\" target=\"_blank\" rel=\"noreferrer noopener\"><strong>Onlineshop<\/strong><\/a><\/div>\n<\/div>\n\n\n\n<div style=\"height:20px\" aria-hidden=\"true\" class=\"wp-block-spacer\"><\/div>\n","protected":false},"excerpt":{"rendered":"<p><a class=\"btn btn-secondary understrap-read-more-link\" href=\"https:\/\/www.orfix.com\/de\/unternehmen\/standorte-partner\/\">Weiterlesen&#8230;<\/a><\/p>\n","protected":false},"author":1,"featured_media":0,"parent":250,"menu_order":7,"comment_status":"closed","ping_status":"closed","template":"","meta":{"_acf_changed":false,"om_disable_all_campaigns":false,"inline_featured_image":false,"advgb_blocks_editor_width":"","advgb_blocks_columns_visual_guide":"","_monsterinsights_skip_tracking":false,"_monsterinsights_sitenote_active":false,"_monsterinsights_sitenote_note":"","_monsterinsights_sitenote_category":0,"_uf_show_specific_survey":0,"_uf_disable_surveys":false,"footnotes":""},"class_list":["post-259","page","type-page","status-publish","hentry"],"acf":[],"aioseo_notices":[],"coauthors":[],"author_meta":{"author_link":"https:\/\/www.orfix.com\/de\/author\/nk24-admin\/","display_name":"nk24-admin"},"relative_dates":{"created":"Posted 6\u00a0Jahren ago","modified":"Updated 2\u00a0Monaten ago"},"absolute_dates":{"created":"Posted on 28. August 2020","modified":"Updated on 20. Februar 2026"},"absolute_dates_time":{"created":"Posted on 28. August 2020 16:58","modified":"Updated on 20. Februar 2026 11:10"},"featured_img_caption":"","featured_img":false,"series_order":"","_links":{"self":[{"href":"https:\/\/www.orfix.com\/de\/wp-json\/wp\/v2\/pages\/259","targetHints":{"allow":["GET"]}}],"collection":[{"href":"https:\/\/www.orfix.com\/de\/wp-json\/wp\/v2\/pages"}],"about":[{"href":"https:\/\/www.orfix.com\/de\/wp-json\/wp\/v2\/types\/page"}],"author":[{"embeddable":true,"href":"https:\/\/www.orfix.com\/de\/wp-json\/wp\/v2\/users\/1"}],"replies":[{"embeddable":true,"href":"https:\/\/www.orfix.com\/de\/wp-json\/wp\/v2\/comments?post=259"}],"version-history":[{"count":23,"href":"https:\/\/www.orfix.com\/de\/wp-json\/wp\/v2\/pages\/259\/revisions"}],"predecessor-version":[{"id":33497,"href":"https:\/\/www.orfix.com\/de\/wp-json\/wp\/v2\/pages\/259\/revisions\/33497"}],"up":[{"embeddable":true,"href":"https:\/\/www.orfix.com\/de\/wp-json\/wp\/v2\/pages\/250"}],"wp:attachment":[{"href":"https:\/\/www.orfix.com\/de\/wp-json\/wp\/v2\/media?parent=259"}],"curies":[{"name":"wp","href":"https:\/\/api.w.org\/{rel}","templated":true}]}}