{"id":257,"date":"2020-08-28T16:58:13","date_gmt":"2020-08-28T14:58:13","guid":{"rendered":"http:\/\/localhost:8888\/orfix\/historie\/"},"modified":"2026-01-20T17:13:41","modified_gmt":"2026-01-20T16:13:41","slug":"historie","status":"publish","type":"page","link":"https:\/\/www.orfix.com\/de\/unternehmen\/historie\/","title":{"rendered":"Historie"},"content":{"rendered":"<div class=\"wp-bootstrap-blocks-container container-fluid mb-5 custom_container custom_container--big custom_container--banner\">\n\t\n<div class=\"wp-bootstrap-blocks-row row custom_row custom_row--center\">\n\t\n\n<div class=\"col-12 col-md-12 custom_slider custom-banner-img custom_slider__banner\">\n\t\t\t\n\n<figure class=\"wp-block-image size-full display-banner\"><img loading=\"lazy\" decoding=\"async\" width=\"2048\" height=\"554\" src=\"https:\/\/www.orfix.com\/wp-content\/uploads\/2026\/01\/orfix_Header_Banner_Historie_DE_1024x277-1-2048x554-1.jpg\" alt=\"\" class=\"wp-image-33079\" srcset=\"https:\/\/www.orfix.com\/wp-content\/uploads\/2026\/01\/orfix_Header_Banner_Historie_DE_1024x277-1-2048x554-1.jpg 2048w, https:\/\/www.orfix.com\/wp-content\/uploads\/2026\/01\/orfix_Header_Banner_Historie_DE_1024x277-1-2048x554-1-768x208.jpg 768w, https:\/\/www.orfix.com\/wp-content\/uploads\/2026\/01\/orfix_Header_Banner_Historie_DE_1024x277-1-2048x554-1-1536x416.jpg 1536w\" sizes=\"auto, (max-width: 2048px) 100vw, 2048px\" \/><\/figure>\n\n\n\n\n\t<\/div>\n\n<\/div>\n\n\n<div class=\"wp-bootstrap-blocks-row row custom_row custom_row--center\">\n\t\n\n<div class=\"col-12 col-md-12 custom_slider custom-banner-img custom_slider__banner\">\n\t\t\t\n\n<figure class=\"wp-block-image size-full mobile-banner\"><img loading=\"lazy\" decoding=\"async\" width=\"2560\" height=\"2021\" src=\"https:\/\/www.orfix.com\/wp-content\/uploads\/2024\/05\/orfix_Header_Banner_History_DE_760x650-scaled.jpg\" alt=\"Historisches Foto der orfix Produktionsst\u00e4tte mit Arbeitern an Maschinen\" class=\"wp-image-26956\" srcset=\"https:\/\/www.orfix.com\/wp-content\/uploads\/2024\/05\/orfix_Header_Banner_History_DE_760x650-scaled.jpg 2560w, https:\/\/www.orfix.com\/wp-content\/uploads\/2024\/05\/orfix_Header_Banner_History_DE_760x650-768x606.jpg 768w, https:\/\/www.orfix.com\/wp-content\/uploads\/2024\/05\/orfix_Header_Banner_History_DE_760x650-1536x1213.jpg 1536w, https:\/\/www.orfix.com\/wp-content\/uploads\/2024\/05\/orfix_Header_Banner_History_DE_760x650-2048x1617.jpg 2048w\" sizes=\"auto, (max-width: 2560px) 100vw, 2560px\" \/><\/figure>\n\n\n\n\n\t<\/div>\n\n<\/div>\n\n<\/div>\n\n\n\n<h1 class=\"wp-block-heading\" style=\"font-size:30px\">Historie<\/h1>\n\n\n\n<p class=\"has-medium-font-size\">orfix International ist aus der <strong>1855 gegr\u00fcndeten Druckerei J. F. Richter<\/strong> hervorgegangen. Bereits <strong>1920 <\/strong>wurde dieser der <strong>Druck von Reichsbank-Noten<\/strong> zugesprochen und damit der Grundstein von einer Druckerei zu einem international f\u00fchrenden Anbieter f\u00fcr Sicherheits- und Pr\u00e4ventionsl\u00f6sungen gelegt. <\/p>\n\n\n\n<p class=\"has-medium-font-size\">Ab <strong>1948 <\/strong>begann die <strong>Produktion von Geldverpackungen<\/strong>. Sp\u00e4ter konnte das Sortiment um alle Verbrauchsmaterialien f\u00fcr die Bereiche Geldverpackung und -transport erweitert werden. <strong>Die Marke orfix ist seit 1953 registriert.<\/strong><\/p>\n\n\n\n<div style=\"height:50px\" aria-hidden=\"true\" class=\"wp-block-spacer\"><\/div>\n\n\n\n<figure class=\"wp-block-image size-full\"><img loading=\"lazy\" decoding=\"async\" width=\"1541\" height=\"396\" src=\"https:\/\/www.orfix.com\/wp-content\/uploads\/2026\/01\/Zeitstrahl-Historie-orfix-deutsch.jpg\" alt=\"\" class=\"wp-image-33107\" srcset=\"https:\/\/www.orfix.com\/wp-content\/uploads\/2026\/01\/Zeitstrahl-Historie-orfix-deutsch.jpg 1541w, https:\/\/www.orfix.com\/wp-content\/uploads\/2026\/01\/Zeitstrahl-Historie-orfix-deutsch-768x197.jpg 768w, https:\/\/www.orfix.com\/wp-content\/uploads\/2026\/01\/Zeitstrahl-Historie-orfix-deutsch-1536x395.jpg 1536w\" sizes=\"auto, (max-width: 1541px) 100vw, 1541px\" \/><\/figure>\n\n\n\n<div style=\"height:50px\" aria-hidden=\"true\" class=\"wp-block-spacer\"><\/div>\n\n\n\n<p class=\"has-medium-font-size\">Im <strong>Jahre 1999 wurde \u201corfix International\u201d<\/strong> mit dem Ziel der europaweiten Verf\u00fcgbarkeit von Dienstleistungen in der Geldbearbeitung <strong>gegr\u00fcndet<\/strong>. Den Anfang des internationalen Netzwerkes machte ebenfalls <strong>1999 orfix France<\/strong>. <strong>2000 folgte orfix Italia<\/strong>, <strong>2006 <\/strong>kam <strong>orfix Polska<\/strong> hinzu und seit dem Jahr <strong>2015<\/strong> sind wir mit eigenem Standort in <strong>Serbien <\/strong>vor Ort.<\/p>\n\n\n\n<p class=\"has-medium-font-size\">Seit dem Jahr <strong>2023<\/strong> hat <strong>orfix Serbien<\/strong> eine neue zus\u00e4tzliche <strong>Produktionslinie<\/strong>, um die Produktionskapazit\u00e4t zu erh\u00f6hen und der wachsenden Nachfrage nach ihren Produkten gerecht zu werden. Ebenfalls im Jahr <strong>2023 <\/strong>hat <strong>orfix Deutschland<\/strong> einen <strong>Eigent\u00fcmerwechsel durchlaufen<\/strong>, was den Weg f\u00fcr die Neuausrichtung und Weiterentwicklung des Unternehmens ebnete.<\/p>\n\n\n\n<div style=\"height:50px\" aria-hidden=\"true\" class=\"wp-block-spacer\"><\/div>\n\n\n\n<figure class=\"wp-block-image size-full\"><img loading=\"lazy\" decoding=\"async\" width=\"1264\" height=\"146\" src=\"https:\/\/www.orfix.com\/wp-content\/uploads\/2024\/07\/Bilderleiste-Historie-orfix.png\" alt=\"\" class=\"wp-image-29333\" srcset=\"https:\/\/www.orfix.com\/wp-content\/uploads\/2024\/07\/Bilderleiste-Historie-orfix.png 1264w, https:\/\/www.orfix.com\/wp-content\/uploads\/2024\/07\/Bilderleiste-Historie-orfix-768x89.png 768w\" sizes=\"auto, (max-width: 1264px) 100vw, 1264px\" \/><\/figure>\n\n\n\n<div style=\"height:50px\" aria-hidden=\"true\" class=\"wp-block-spacer\"><\/div>\n\n\n\n<p class=\"has-medium-font-size\">Im Jahr <strong>2024 <\/strong>gibt es Pl\u00e4ne, die <strong>Produktionslinien <\/strong>sowohl bei <strong>orfix Deutschland<\/strong> als auch bei <strong>orfix Serbien<\/strong> zu <strong>erweitern<\/strong>, um die Produktionseffizienz zu steigern und ihre Marktpr\u00e4senz weiter zu st\u00e4rken. <br><br>Seit Ende\u00a0<strong>2025<\/strong>\u00a0\u00fcbernahm die\u00a0orfix Gruppe\u00a0die Mehrheit an\u00a0<strong>NJB Packaging<\/strong>\u00a0in Irland. Dieser strategische Zusammenschluss markiert den offiziellen Einstieg von orfix in den Sektor der\u00a0<strong>Lebensmittelverpackungen<\/strong>\u00a0und st\u00e4rkt das Portfolio durch nachhaltige Verpackungsl\u00f6sungen.<\/p>\n\n\n\n<div style=\"height:50px\" aria-hidden=\"true\" class=\"wp-block-spacer\"><\/div>\n\n\n<div class=\"wp-bootstrap-blocks-container container-fluid mb-5 custom_container custom_container--middle\">\n\t\n<div class=\"wp-bootstrap-blocks-row row custom-row__cta-contact\">\n\t\n\n<div class=\"col-12 col-md-6\">\n\t\t\t\n\n<figure class=\"wp-block-image size-full advgb-dyn-c0ecbe96\"><img loading=\"lazy\" decoding=\"async\" width=\"471\" height=\"344\" src=\"https:\/\/www.orfix.com\/wp-content\/uploads\/2021\/08\/shutterstock_116283283_471x344px.jpg\" alt=\"Ihre Kontaktm\u00f6glichkeiten zu Wasserz\u00e4hler Plomben\" class=\"wp-image-14598\" srcset=\"https:\/\/www.orfix.com\/wp-content\/uploads\/2021\/08\/shutterstock_116283283_471x344px.jpg 471w, https:\/\/www.orfix.com\/wp-content\/uploads\/2021\/08\/shutterstock_116283283_471x344px-300x219.jpg 300w\" sizes=\"auto, (max-width: 471px) 100vw, 471px\" \/><figcaption class=\"wp-element-caption\">Kontakt<\/figcaption><\/figure>\n\n\t<\/div>\n\n\n\n<div class=\"col-12 col-md-6\">\n\t\t\t\n<div class=\"employeeblock\">\n    <figure class=\"employeeblock__item employeeblock__item--img\">\n        <img decoding=\"async\" src=\"\" alt=\"\" \/>\n    <\/figure>\n    <div class=\"employeeblock__item employeeblock__item--content\">\n        <h2 class=\"name\">Kundenberatung<\/h2>\n        <p class=\"position\">Deutschland, \u00d6sterreich &#038; Schweiz<\/p>\n        <p><a class=\"link link--has-icon link--has-icon--mail\" href=\"mailto:info@orfix.de\">info@orfix.de<\/a><\/p>\n        <p><a class=\"link link--has-icon link--has-icon--tel\" href=\"tel:+49417881840\">+49 4178 8184-0<\/a><\/p>\n    <\/div>\n<\/div>\n\n\t<\/div>\n\n<\/div>\n\n<\/div>\n\n\n<div class=\"wp-bootstrap-blocks-container container-fluid mb-5 custom_container custom_container--middle\">\n\t\n<div class=\"wp-bootstrap-blocks-row row\">\n\t\n\n<div class=\"col-12 col-md-12\">\n\t\t\t\n\n<h2 class=\"wp-block-heading has-text-color advgb-dyn-54f9f1f8\" style=\"color:#002855;font-size:30px\">orfix &#8211; Ihr Spezialist f\u00fcr die Herstellung von Papier und Kunststoff<\/h2>\n\n\t<\/div>\n\n\n\n<div class=\"col-12 col-md-6\">\n\t\t\t\n\n<p class=\"has-medium-font-size\">Wir entwickeln und produzieren mit modernsten Produktionsmethoden, immer mit Blick auf Ihre individuellen Anforderungen, aber auch auf die Umwelt! Wir leben Nachhaltigkeit aktiv, wir handeln ressourcenschonend und m\u00f6glichst CO2-neutral. Daf\u00fcr steht unser Umweltmanagement. Sie erhalten von uns konstante, erstklassige und zertifizierte Qualit\u00e4t, wir begeistern Sie mit Innovationen und exzellentem Kundenservice.<\/p>\n\n\t<\/div>\n\n\n\n<div class=\"col-12 col-md-6\">\n\t\t\t\n\n<ul class=\"wp-block-list\">\n<li class=\"has-medium-font-size\">Das orfix-Standardsortiment ist immer vorr\u00e4tig.<\/li>\n\n\n\n<li class=\"has-medium-font-size\">orfix bietet individuelle Lagerhaltung und Dienstleistungen f\u00fcr personalisierte Waren.<\/li>\n\n\n\n<li class=\"has-medium-font-size\">orfix ist in der Lage, kundenspezifische Artikel auch in kleinen Mengen zu produzieren.<\/li>\n\n\n\n<li class=\"has-medium-font-size\">orfix bietet kompetente und individuelle Beratung &#8211; per Kontaktformular, telefonisch oder auch vor Ort.<\/li>\n<\/ul>\n\n\t<\/div>\n\n<\/div>\n\n<\/div>\n\n\n\n<div style=\"height:20px\" aria-hidden=\"true\" class=\"wp-block-spacer\"><\/div>\n\n\n\n<figure class=\"wp-block-image size-full\"><img loading=\"lazy\" decoding=\"async\" width=\"2048\" height=\"600\" src=\"https:\/\/www.orfix.com\/wp-content\/uploads\/2024\/05\/orfix-Karte-2025-en.jpg\" alt=\"\" class=\"wp-image-32960\" srcset=\"https:\/\/www.orfix.com\/wp-content\/uploads\/2024\/05\/orfix-Karte-2025-en.jpg 2048w, https:\/\/www.orfix.com\/wp-content\/uploads\/2024\/05\/orfix-Karte-2025-en-768x225.jpg 768w, https:\/\/www.orfix.com\/wp-content\/uploads\/2024\/05\/orfix-Karte-2025-en-1536x450.jpg 1536w\" sizes=\"auto, (max-width: 2048px) 100vw, 2048px\" \/><\/figure>\n\n\n\n<p class=\"has-medium-font-size\">Gern beraten wir Sie individuell!<br><strong>Ihr kompetenter Partner mit einem umfassenden Sortiment f\u00fcr alle, die z\u00e4hlen, verpacken, transportieren oder lagern.<\/strong><\/p>\n\n\n\n<div style=\"height:20px\" aria-hidden=\"true\" class=\"wp-block-spacer\"><\/div>\n\n\n\n<div class=\"wp-block-buttons cta-banner-content__item is-layout-flex wp-block-buttons-is-layout-flex\">\n<div class=\"wp-block-button is-style-outline is-style-outline--1 advgb-dyn-2c6a785e\"><a class=\"wp-block-button__link has-text-color has-medium-font-size has-custom-font-size wp-element-button\" href=\"https:\/\/www.orfix.com\/de\/kontakt\/\" style=\"border-radius:1px;color:#ba0c2f\" target=\"_blank\" rel=\"noreferrer noopener\"><strong>Kontakt<\/strong><\/a><\/div>\n\n\n\n<div class=\"wp-block-button btn__bg--red advgb-dyn-48972139\"><a class=\"wp-block-button__link has-white-color has-text-color has-background has-medium-font-size has-custom-font-size wp-element-button\" href=\"https:\/\/www.orfix.com\/de\/leistungsbereiche-produkte\/\" style=\"border-radius:1px;background-color:#ba0c2f\" target=\"_blank\" rel=\"noreferrer noopener\"><strong>Produkte<\/strong><\/a><\/div>\n\n\n\n<div class=\"wp-block-button btn__bg--red advgb-dyn-9363d00e\"><a class=\"wp-block-button__link has-white-color has-text-color has-background has-medium-font-size has-custom-font-size wp-element-button\" href=\"https:\/\/shop.orfix.com\/\" style=\"border-radius:1px;background-color:#ba0c2f\" target=\"_blank\" rel=\"noreferrer noopener\"><strong>Onlineshop<\/strong><\/a><\/div>\n<\/div>\n\n\n\n<div style=\"height:20px\" aria-hidden=\"true\" class=\"wp-block-spacer\"><\/div>\n","protected":false},"excerpt":{"rendered":"<p>Historie orfix International ist aus der 1855 gegr\u00fcndeten Druckerei J. F. Richter hervorgegangen. Bereits 1920 wurde dieser der Druck von Reichsbank-Noten zugesprochen und damit der Grundstein von einer Druckerei zu einem international f\u00fchrenden Anbieter f\u00fcr Sicherheits- und Pr\u00e4ventionsl\u00f6sungen gelegt. Ab 1948 begann die Produktion von Geldverpackungen. Sp\u00e4ter konnte das Sortiment um alle Verbrauchsmaterialien f\u00fcr die<\/p>\n<p><a class=\"btn btn-secondary understrap-read-more-link\" href=\"https:\/\/www.orfix.com\/de\/unternehmen\/historie\/\">Weiterlesen&#8230;<\/a><\/p>\n","protected":false},"author":1,"featured_media":0,"parent":250,"menu_order":5,"comment_status":"closed","ping_status":"closed","template":"","meta":{"_acf_changed":false,"om_disable_all_campaigns":false,"inline_featured_image":false,"advgb_blocks_editor_width":"","advgb_blocks_columns_visual_guide":"","_monsterinsights_skip_tracking":false,"_monsterinsights_sitenote_active":false,"_monsterinsights_sitenote_note":"","_monsterinsights_sitenote_category":0,"_uf_show_specific_survey":0,"_uf_disable_surveys":false,"footnotes":""},"class_list":["post-257","page","type-page","status-publish","hentry"],"acf":[],"aioseo_notices":[],"coauthors":[],"author_meta":{"author_link":"https:\/\/www.orfix.com\/de\/author\/nk24-admin\/","display_name":"nk24-admin"},"relative_dates":{"created":"Posted 6\u00a0Jahren ago","modified":"Updated 3\u00a0Monaten ago"},"absolute_dates":{"created":"Posted on 28. August 2020","modified":"Updated on 20. Januar 2026"},"absolute_dates_time":{"created":"Posted on 28. August 2020 16:58","modified":"Updated on 20. Januar 2026 17:13"},"featured_img_caption":"","featured_img":false,"series_order":"","_links":{"self":[{"href":"https:\/\/www.orfix.com\/de\/wp-json\/wp\/v2\/pages\/257","targetHints":{"allow":["GET"]}}],"collection":[{"href":"https:\/\/www.orfix.com\/de\/wp-json\/wp\/v2\/pages"}],"about":[{"href":"https:\/\/www.orfix.com\/de\/wp-json\/wp\/v2\/types\/page"}],"author":[{"embeddable":true,"href":"https:\/\/www.orfix.com\/de\/wp-json\/wp\/v2\/users\/1"}],"replies":[{"embeddable":true,"href":"https:\/\/www.orfix.com\/de\/wp-json\/wp\/v2\/comments?post=257"}],"version-history":[{"count":17,"href":"https:\/\/www.orfix.com\/de\/wp-json\/wp\/v2\/pages\/257\/revisions"}],"predecessor-version":[{"id":33118,"href":"https:\/\/www.orfix.com\/de\/wp-json\/wp\/v2\/pages\/257\/revisions\/33118"}],"up":[{"embeddable":true,"href":"https:\/\/www.orfix.com\/de\/wp-json\/wp\/v2\/pages\/250"}],"wp:attachment":[{"href":"https:\/\/www.orfix.com\/de\/wp-json\/wp\/v2\/media?parent=257"}],"curies":[{"name":"wp","href":"https:\/\/api.w.org\/{rel}","templated":true}]}}