{"id":256,"date":"2020-08-28T16:58:13","date_gmt":"2020-08-28T14:58:13","guid":{"rendered":"http:\/\/localhost:8888\/orfix\/referenzen\/"},"modified":"2020-11-25T09:22:01","modified_gmt":"2020-11-25T08:22:01","slug":"referenzen","status":"publish","type":"page","link":"https:\/\/www.orfix.com\/de\/unternehmen\/referenzen\/","title":{"rendered":"Referenzen"},"content":{"rendered":"<div class=\"wp-bootstrap-blocks-container container-fluid mb-5 custom_container custom_container--big custom_container--banner\">\n\t\n<div class=\"wp-bootstrap-blocks-row row custom_row custom_row--center\">\n\t\n\n<div class=\"col-12 col-md-12 custom_slider custom-banner-img custom_slider__banner\">\n\t\t\t\n\n<figure class=\"wp-block-image size-large\"><img loading=\"lazy\" decoding=\"async\" width=\"1024\" height=\"277\" src=\"https:\/\/www.orfix.com\/wp-content\/uploads\/2020\/10\/banner_about-us_references-4-1024x277.jpg\" alt=\"\" class=\"wp-image-4862\" srcset=\"https:\/\/www.orfix.com\/wp-content\/uploads\/2020\/10\/banner_about-us_references-4-1024x277.jpg 1024w, https:\/\/www.orfix.com\/wp-content\/uploads\/2020\/10\/banner_about-us_references-4-300x81.jpg 300w, https:\/\/www.orfix.com\/wp-content\/uploads\/2020\/10\/banner_about-us_references-4-768x208.jpg 768w, https:\/\/www.orfix.com\/wp-content\/uploads\/2020\/10\/banner_about-us_references-4-24x7.jpg 24w, https:\/\/www.orfix.com\/wp-content\/uploads\/2020\/10\/banner_about-us_references-4-36x10.jpg 36w, https:\/\/www.orfix.com\/wp-content\/uploads\/2020\/10\/banner_about-us_references-4-48x13.jpg 48w, https:\/\/www.orfix.com\/wp-content\/uploads\/2020\/10\/banner_about-us_references-4.jpg 1366w\" sizes=\"auto, (max-width: 1024px) 100vw, 1024px\" \/><figcaption><strong>Weltweites Vertrauen.<\/strong><\/figcaption><\/figure>\n\n\n\n\n\t<\/div>\n\n<\/div>\n\n<\/div>\n\n\n<div class=\"wp-bootstrap-blocks-container container-fluid mb-5 custom_container custom_container--small\">\n\t\n<div class=\"wp-bootstrap-blocks-row row\">\n\t\n\n<div class=\"col-12 col-md-12\">\n\t\t\t\n\n<h1>Referenzen<\/h1>\n\n\n\n<p>Mehr als 10.000 Anwender und Kunden vertrauen weltweit auf&nbsp;orfix.&nbsp;<\/p>\n\n\n\n<p>orfix&nbsp;ist branchen\u00fcbergreifend f\u00fcr Unternehmen t\u00e4tig, in denen der Umgang mit Geld- und Wertgegenst\u00e4nden zum t\u00e4glichen Gesch\u00e4ft geh\u00f6rt und wo Sicherheit und Diskretion h\u00f6chste Priorit\u00e4t besitzen.&nbsp;<\/p>\n\n\n\n<p>Diese Diskretion bringen wir auch unseren Kunden entgegen. F\u00fcr konkrete Referenzen wenden Sie sich bitte direkt an uns.&nbsp;<\/p>\n\n\t<\/div>\n\n<\/div>\n\n<\/div>\n\n\n<div class=\"wp-bootstrap-blocks-container container-fluid mb-5 custom_container custom_container--middle\">\n\t\n<div class=\"wp-bootstrap-blocks-row row custom-row__cta-contact\">\n\t\n\n<div class=\"col-12 col-md-6\">\n\t\t\t\n\n<figure class=\"wp-block-image size-full advgb-dyn-c0ecbe96\"><img loading=\"lazy\" decoding=\"async\" width=\"471\" height=\"344\" src=\"https:\/\/www.orfix.com\/wp-content\/uploads\/2021\/08\/shutterstock_116283283_471x344px.jpg\" alt=\"Ihre Kontaktm\u00f6glichkeiten zu Wasserz\u00e4hler Plomben\" class=\"wp-image-14598\" srcset=\"https:\/\/www.orfix.com\/wp-content\/uploads\/2021\/08\/shutterstock_116283283_471x344px.jpg 471w, https:\/\/www.orfix.com\/wp-content\/uploads\/2021\/08\/shutterstock_116283283_471x344px-300x219.jpg 300w\" sizes=\"auto, (max-width: 471px) 100vw, 471px\" \/><figcaption class=\"wp-element-caption\">Kontakt<\/figcaption><\/figure>\n\n\t<\/div>\n\n\n\n<div class=\"col-12 col-md-6\">\n\t\t\t\n<div class=\"employeeblock\">\n    <figure class=\"employeeblock__item employeeblock__item--img\">\n        <img decoding=\"async\" src=\"\" alt=\"\" \/>\n    <\/figure>\n    <div class=\"employeeblock__item employeeblock__item--content\">\n        <h2 class=\"name\">Kundenberatung<\/h2>\n        <p class=\"position\">Deutschland, \u00d6sterreich &#038; Schweiz<\/p>\n        <p><a class=\"link link--has-icon link--has-icon--mail\" href=\"mailto:info@orfix.de\">info@orfix.de<\/a><\/p>\n        <p><a class=\"link link--has-icon link--has-icon--tel\" href=\"tel:+49417881840\">+49 4178 8184-0<\/a><\/p>\n    <\/div>\n<\/div>\n\n\t<\/div>\n\n<\/div>\n\n<\/div>\n\n\n<div class=\"wp-bootstrap-blocks-container container-fluid mb-5 custom_container custom_container--middle\">\n\t\n<div class=\"wp-bootstrap-blocks-row row\">\n\t\n\n<div class=\"col-12 col-md-12\">\n\t\t\t\n\n<h2 class=\"wp-block-heading has-text-color advgb-dyn-54f9f1f8\" style=\"color:#002855;font-size:30px\">orfix &#8211; Ihr Spezialist f\u00fcr die Herstellung von Papier und Kunststoff<\/h2>\n\n\t<\/div>\n\n\n\n<div class=\"col-12 col-md-6\">\n\t\t\t\n\n<p class=\"has-medium-font-size\">Wir entwickeln und produzieren mit modernsten Produktionsmethoden, immer mit Blick auf Ihre individuellen Anforderungen, aber auch auf die Umwelt! Wir leben Nachhaltigkeit aktiv, wir handeln ressourcenschonend und m\u00f6glichst CO2-neutral. Daf\u00fcr steht unser Umweltmanagement. Sie erhalten von uns konstante, erstklassige und zertifizierte Qualit\u00e4t, wir begeistern Sie mit Innovationen und exzellentem Kundenservice.<\/p>\n\n\t<\/div>\n\n\n\n<div class=\"col-12 col-md-6\">\n\t\t\t\n\n<ul class=\"wp-block-list\">\n<li class=\"has-medium-font-size\">Das orfix-Standardsortiment ist immer vorr\u00e4tig.<\/li>\n\n\n\n<li class=\"has-medium-font-size\">orfix bietet individuelle Lagerhaltung und Dienstleistungen f\u00fcr personalisierte Waren.<\/li>\n\n\n\n<li class=\"has-medium-font-size\">orfix ist in der Lage, kundenspezifische Artikel auch in kleinen Mengen zu produzieren.<\/li>\n\n\n\n<li class=\"has-medium-font-size\">orfix bietet kompetente und individuelle Beratung &#8211; per Kontaktformular, telefonisch oder auch vor Ort.<\/li>\n<\/ul>\n\n\t<\/div>\n\n<\/div>\n\n<\/div>\n\n\n\n<div style=\"height:20px\" aria-hidden=\"true\" class=\"wp-block-spacer\"><\/div>\n\n\n\n<figure class=\"wp-block-image size-full\"><img loading=\"lazy\" decoding=\"async\" width=\"2048\" height=\"600\" src=\"https:\/\/www.orfix.com\/wp-content\/uploads\/2024\/05\/orfix-Karte-2025-en.jpg\" alt=\"\" class=\"wp-image-32960\" srcset=\"https:\/\/www.orfix.com\/wp-content\/uploads\/2024\/05\/orfix-Karte-2025-en.jpg 2048w, https:\/\/www.orfix.com\/wp-content\/uploads\/2024\/05\/orfix-Karte-2025-en-768x225.jpg 768w, https:\/\/www.orfix.com\/wp-content\/uploads\/2024\/05\/orfix-Karte-2025-en-1536x450.jpg 1536w\" sizes=\"auto, (max-width: 2048px) 100vw, 2048px\" \/><\/figure>\n\n\n\n<p class=\"has-medium-font-size\">Gern beraten wir Sie individuell!<br><strong>Ihr kompetenter Partner mit einem umfassenden Sortiment f\u00fcr alle, die z\u00e4hlen, verpacken, transportieren oder lagern.<\/strong><\/p>\n\n\n\n<div style=\"height:20px\" aria-hidden=\"true\" class=\"wp-block-spacer\"><\/div>\n\n\n\n<div class=\"wp-block-buttons cta-banner-content__item is-layout-flex wp-block-buttons-is-layout-flex\">\n<div class=\"wp-block-button is-style-outline is-style-outline--1 advgb-dyn-2c6a785e\"><a class=\"wp-block-button__link has-text-color has-medium-font-size has-custom-font-size wp-element-button\" href=\"https:\/\/www.orfix.com\/de\/kontakt\/\" style=\"border-radius:1px;color:#ba0c2f\" target=\"_blank\" rel=\"noreferrer noopener\"><strong>Kontakt<\/strong><\/a><\/div>\n\n\n\n<div class=\"wp-block-button btn__bg--red advgb-dyn-48972139\"><a class=\"wp-block-button__link has-white-color has-text-color has-background has-medium-font-size has-custom-font-size wp-element-button\" href=\"https:\/\/www.orfix.com\/de\/leistungsbereiche-produkte\/\" style=\"border-radius:1px;background-color:#ba0c2f\" target=\"_blank\" rel=\"noreferrer noopener\"><strong>Produkte<\/strong><\/a><\/div>\n\n\n\n<div class=\"wp-block-button btn__bg--red advgb-dyn-9363d00e\"><a class=\"wp-block-button__link has-white-color has-text-color has-background has-medium-font-size has-custom-font-size wp-element-button\" href=\"https:\/\/shop.orfix.com\/\" style=\"border-radius:1px;background-color:#ba0c2f\" target=\"_blank\" rel=\"noreferrer noopener\"><strong>Onlineshop<\/strong><\/a><\/div>\n<\/div>\n\n\n\n<div style=\"height:20px\" aria-hidden=\"true\" class=\"wp-block-spacer\"><\/div>\n","protected":false},"excerpt":{"rendered":"<p><a class=\"btn btn-secondary understrap-read-more-link\" href=\"https:\/\/www.orfix.com\/de\/unternehmen\/referenzen\/\">Weiterlesen&#8230;<\/a><\/p>\n","protected":false},"author":1,"featured_media":0,"parent":250,"menu_order":4,"comment_status":"closed","ping_status":"closed","template":"","meta":{"_acf_changed":false,"om_disable_all_campaigns":false,"inline_featured_image":false,"advgb_blocks_editor_width":"","advgb_blocks_columns_visual_guide":"","_monsterinsights_skip_tracking":false,"_monsterinsights_sitenote_active":false,"_monsterinsights_sitenote_note":"","_monsterinsights_sitenote_category":0,"_uf_show_specific_survey":0,"_uf_disable_surveys":false,"footnotes":""},"class_list":["post-256","page","type-page","status-publish","hentry"],"acf":[],"aioseo_notices":[],"coauthors":[],"author_meta":{"author_link":"https:\/\/www.orfix.com\/de\/author\/nk24-admin\/","display_name":"nk24-admin"},"relative_dates":{"created":"Posted 6\u00a0Jahren ago","modified":"Updated 5\u00a0Jahren ago"},"absolute_dates":{"created":"Posted on 28. August 2020","modified":"Updated on 25. November 2020"},"absolute_dates_time":{"created":"Posted on 28. August 2020 16:58","modified":"Updated on 25. November 2020 9:22"},"featured_img_caption":"","featured_img":false,"series_order":"","_links":{"self":[{"href":"https:\/\/www.orfix.com\/de\/wp-json\/wp\/v2\/pages\/256","targetHints":{"allow":["GET"]}}],"collection":[{"href":"https:\/\/www.orfix.com\/de\/wp-json\/wp\/v2\/pages"}],"about":[{"href":"https:\/\/www.orfix.com\/de\/wp-json\/wp\/v2\/types\/page"}],"author":[{"embeddable":true,"href":"https:\/\/www.orfix.com\/de\/wp-json\/wp\/v2\/users\/1"}],"replies":[{"embeddable":true,"href":"https:\/\/www.orfix.com\/de\/wp-json\/wp\/v2\/comments?post=256"}],"version-history":[{"count":8,"href":"https:\/\/www.orfix.com\/de\/wp-json\/wp\/v2\/pages\/256\/revisions"}],"predecessor-version":[{"id":16215,"href":"https:\/\/www.orfix.com\/de\/wp-json\/wp\/v2\/pages\/256\/revisions\/16215"}],"up":[{"embeddable":true,"href":"https:\/\/www.orfix.com\/de\/wp-json\/wp\/v2\/pages\/250"}],"wp:attachment":[{"href":"https:\/\/www.orfix.com\/de\/wp-json\/wp\/v2\/media?parent=256"}],"curies":[{"name":"wp","href":"https:\/\/api.w.org\/{rel}","templated":true}]}}