{"id":254,"date":"2020-08-28T16:58:13","date_gmt":"2020-08-28T14:58:13","guid":{"rendered":"http:\/\/localhost:8888\/orfix\/compliance-leitlinien\/"},"modified":"2026-01-20T16:57:02","modified_gmt":"2026-01-20T15:57:02","slug":"compliance-leitlinien","status":"publish","type":"page","link":"https:\/\/www.orfix.com\/de\/unternehmen\/compliance-leitlinien\/","title":{"rendered":"Compliance Leitlinien"},"content":{"rendered":"<div class=\"wp-bootstrap-blocks-container container-fluid mb-5 custom_container custom_container--big custom_container--banner\">\n\t\n<div class=\"wp-bootstrap-blocks-row row custom_row custom_row--center\">\n\t\n\n<div class=\"col-12 col-md-12 custom_slider custom-banner-img custom_slider__banner\">\n\t\t\t\n\n<figure class=\"wp-block-image size-full display-banner\"><img loading=\"lazy\" decoding=\"async\" width=\"2048\" height=\"554\" src=\"https:\/\/www.orfix.com\/wp-content\/uploads\/2026\/01\/orfix_Header_Banner_Compliance_1024x277-2048x554-1.jpg\" alt=\"\" class=\"wp-image-33086\" srcset=\"https:\/\/www.orfix.com\/wp-content\/uploads\/2026\/01\/orfix_Header_Banner_Compliance_1024x277-2048x554-1.jpg 2048w, https:\/\/www.orfix.com\/wp-content\/uploads\/2026\/01\/orfix_Header_Banner_Compliance_1024x277-2048x554-1-768x208.jpg 768w, https:\/\/www.orfix.com\/wp-content\/uploads\/2026\/01\/orfix_Header_Banner_Compliance_1024x277-2048x554-1-1536x416.jpg 1536w\" sizes=\"auto, (max-width: 2048px) 100vw, 2048px\" \/><\/figure>\n\n\n\n\n\t<\/div>\n\n<\/div>\n\n\n<div class=\"wp-bootstrap-blocks-row row custom_row custom_row--center\">\n\t\n\n<div class=\"col-12 col-md-12 custom_slider custom-banner-img custom_slider__banner\">\n\t\t\t\n\n<figure class=\"wp-block-image size-full mobile-banner\"><img loading=\"lazy\" decoding=\"async\" width=\"2560\" height=\"2021\" src=\"https:\/\/www.orfix.com\/wp-content\/uploads\/2024\/05\/orfix_Header_Banner_Complience_760x650-scaled.jpg\" alt=\"\" class=\"wp-image-24032\" srcset=\"https:\/\/www.orfix.com\/wp-content\/uploads\/2024\/05\/orfix_Header_Banner_Complience_760x650-scaled.jpg 2560w, https:\/\/www.orfix.com\/wp-content\/uploads\/2024\/05\/orfix_Header_Banner_Complience_760x650-768x606.jpg 768w, https:\/\/www.orfix.com\/wp-content\/uploads\/2024\/05\/orfix_Header_Banner_Complience_760x650-1536x1213.jpg 1536w, https:\/\/www.orfix.com\/wp-content\/uploads\/2024\/05\/orfix_Header_Banner_Complience_760x650-2048x1617.jpg 2048w\" sizes=\"auto, (max-width: 2560px) 100vw, 2560px\" \/><\/figure>\n\n\n\n\n\t<\/div>\n\n<\/div>\n\n<\/div>\n\n\n<div class=\"wp-bootstrap-blocks-container container-fluid mb-5 custom_container custom_container--small\">\n\t\n<div class=\"wp-bootstrap-blocks-row row\">\n\t\n\n<div class=\"col-12 col-md-12\">\n\t\t\t\n\n<p class=\"has-medium-font-size\">Die Sicherheits- und Pr\u00e4ventionsl\u00f6sungen der&nbsp;orfix&nbsp;International GmbH erf\u00fcllen h\u00f6chste Qualit\u00e4tsstandards und garantieren absolute Verl\u00e4sslichkeit. Ein Wert, den Kunden auf der ganzen Welt sch\u00e4tzen. Mit kompetenten Teams entwickeln wir so integrierte L\u00f6sungen, die unseren Kunden helfen, ihre Werte nachhaltig zu bewahren und zu sichern.&nbsp;<\/p>\n\n\n\n<p class=\"has-medium-font-size\">Verantwortungsvolles Handeln ist fester Bestandteil unserer Unternehmenskultur und Basis des Vertrauens, das uns unsere Kunden t\u00e4glich entgegenbringen.&nbsp;&nbsp;<\/p>\n\n\n\n<p class=\"has-medium-font-size\">Verantwortung \u00fcbernehmen bedeutet auch rechtm\u00e4\u00dfiges Handeln. Compliance \u2013 die Einhaltung von Gesetzen und internen Richtlinien \u2013 ist bei&nbsp;orfix&nbsp;eine Selbstverst\u00e4ndlichkeit.&nbsp;<\/p>\n\n\n\n<p class=\"has-medium-font-size\">Das Management steht zu seiner Verantwortung, die Compliance sicherzustellen und ein Compliance Management System zu implementieren und durchzusetzen.&nbsp;&nbsp;<\/p>\n\n\t<\/div>\n\n<\/div>\n\n<\/div>\n\n\n<div class=\"wp-bootstrap-blocks-container container-fluid mb-5 custom_container custom_container--small\">\n\t\n<div class=\"wp-bootstrap-blocks-row row\">\n\t\n\n<div class=\"col-12 col-md-12\">\n\t\t\t\n\n<h2 class=\"wp-block-heading has-large-font-size\">Bei&nbsp;orfix&nbsp;gelten folgende Compliance Leitlinien:&nbsp;<\/h2>\n\n\n\n<ol class=\"wp-block-list\">\n<li class=\"has-medium-font-size\">Das Vertrauen unserer Kunden, Mitarbeiter und Gesch\u00e4ftspartner ist die Basis f\u00fcr unseren Erfolg. Compliance ist unverzichtbare Grundlage f\u00fcr dieses Vertrauen und unsere Basis f\u00fcr nachhaltiges Wachstum.<\/li>\n\n\n\n<li class=\"has-medium-font-size\">Wir nehmen im Rahmen der geltenden Gesetze aktiv am Wettbewerb teil.<\/li>\n\n\n\n<li class=\"has-medium-font-size\">Gesetzesverst\u00f6\u00dfe werden nicht toleriert. Es ist die Verpflichtung aller Mitarbeiter, die geltenden Gesetze und internen Richtlinien einzuhalten.<\/li>\n\n\n\n<li class=\"has-medium-font-size\">Mitarbeiter werden nicht f\u00fcr Verluste verantwortlich gemacht, die auf der Einhaltung geltender Gesetze und Regeln beruhen.<\/li>\n\n\n\n<li class=\"has-medium-font-size\">Ein effektives Compliance System setzt das Engagement aller Mitarbeiter voraus. Jeder Mitarbeiter ist daher aufgefordert, sich an der Weiterentwicklung dieses Systems zu beteiligen.<\/li>\n\n\n\n<li class=\"has-medium-font-size\">Transparenz und Kommunikation sind der Schl\u00fcssel zur Compliance. Wir kommunizieren in allen Bereichen \u2013 intern und extern &#8211; offen und vertrauensvoll.<\/li>\n<\/ol>\n\n\n\n<p><\/p>\n\n\t<\/div>\n\n<\/div>\n\n<\/div>\n\n\n<div class=\"wp-bootstrap-blocks-container container-fluid mb-5 custom_container custom_container--middle\">\n\t\n<div class=\"wp-bootstrap-blocks-row row custom-row__cta-contact\">\n\t\n\n<div class=\"col-12 col-md-6\">\n\t\t\t\n\n<figure class=\"wp-block-image size-full advgb-dyn-c0ecbe96\"><img loading=\"lazy\" decoding=\"async\" width=\"471\" height=\"344\" src=\"https:\/\/www.orfix.com\/wp-content\/uploads\/2021\/08\/shutterstock_116283283_471x344px.jpg\" alt=\"Ihre Kontaktm\u00f6glichkeiten zu Wasserz\u00e4hler Plomben\" class=\"wp-image-14598\" srcset=\"https:\/\/www.orfix.com\/wp-content\/uploads\/2021\/08\/shutterstock_116283283_471x344px.jpg 471w, https:\/\/www.orfix.com\/wp-content\/uploads\/2021\/08\/shutterstock_116283283_471x344px-300x219.jpg 300w\" sizes=\"auto, (max-width: 471px) 100vw, 471px\" \/><figcaption class=\"wp-element-caption\">Kontakt<\/figcaption><\/figure>\n\n\t<\/div>\n\n\n\n<div class=\"col-12 col-md-6\">\n\t\t\t\n<div class=\"employeeblock\">\n    <figure class=\"employeeblock__item employeeblock__item--img\">\n        <img decoding=\"async\" src=\"\" alt=\"\" \/>\n    <\/figure>\n    <div class=\"employeeblock__item employeeblock__item--content\">\n        <h2 class=\"name\">Kundenberatung<\/h2>\n        <p class=\"position\">Deutschland, \u00d6sterreich &#038; Schweiz<\/p>\n        <p><a class=\"link link--has-icon link--has-icon--mail\" href=\"mailto:info@orfix.de\">info@orfix.de<\/a><\/p>\n        <p><a class=\"link link--has-icon link--has-icon--tel\" href=\"tel:+49417881840\">+49 4178 8184-0<\/a><\/p>\n    <\/div>\n<\/div>\n\n\t<\/div>\n\n<\/div>\n\n<\/div>\n\n\n\n<div style=\"height:20px\" aria-hidden=\"true\" class=\"wp-block-spacer\"><\/div>\n\n\n\n<figure class=\"wp-block-image size-full\"><img loading=\"lazy\" decoding=\"async\" width=\"2048\" height=\"600\" src=\"https:\/\/www.orfix.com\/wp-content\/uploads\/2024\/05\/orfix-Karte-2025-en.jpg\" alt=\"\" class=\"wp-image-32960\" srcset=\"https:\/\/www.orfix.com\/wp-content\/uploads\/2024\/05\/orfix-Karte-2025-en.jpg 2048w, https:\/\/www.orfix.com\/wp-content\/uploads\/2024\/05\/orfix-Karte-2025-en-768x225.jpg 768w, https:\/\/www.orfix.com\/wp-content\/uploads\/2024\/05\/orfix-Karte-2025-en-1536x450.jpg 1536w\" sizes=\"auto, (max-width: 2048px) 100vw, 2048px\" \/><\/figure>\n\n\n\n<p class=\"has-medium-font-size\">Gern beraten wir Sie individuell!<br><strong>Ihr kompetenter Partner mit einem umfassenden Sortiment f\u00fcr alle, die z\u00e4hlen, verpacken, transportieren oder lagern.<\/strong><\/p>\n\n\n\n<div style=\"height:20px\" aria-hidden=\"true\" class=\"wp-block-spacer\"><\/div>\n\n\n\n<div class=\"wp-block-buttons cta-banner-content__item is-layout-flex wp-block-buttons-is-layout-flex\">\n<div class=\"wp-block-button is-style-outline is-style-outline--1 advgb-dyn-2c6a785e\"><a class=\"wp-block-button__link has-text-color has-medium-font-size has-custom-font-size wp-element-button\" href=\"https:\/\/www.orfix.com\/de\/kontakt\/\" style=\"border-radius:1px;color:#ba0c2f\" target=\"_blank\" rel=\"noreferrer noopener\"><strong>Kontakt<\/strong><\/a><\/div>\n\n\n\n<div class=\"wp-block-button btn__bg--red advgb-dyn-48972139\"><a class=\"wp-block-button__link has-white-color has-text-color has-background has-medium-font-size has-custom-font-size wp-element-button\" href=\"https:\/\/www.orfix.com\/de\/leistungsbereiche-produkte\/\" style=\"border-radius:1px;background-color:#ba0c2f\" target=\"_blank\" rel=\"noreferrer noopener\"><strong>Produkte<\/strong><\/a><\/div>\n\n\n\n<div class=\"wp-block-button btn__bg--red advgb-dyn-9363d00e\"><a class=\"wp-block-button__link has-white-color has-text-color has-background has-medium-font-size has-custom-font-size wp-element-button\" href=\"https:\/\/shop.orfix.com\/\" style=\"border-radius:1px;background-color:#ba0c2f\" target=\"_blank\" rel=\"noreferrer noopener\"><strong>Onlineshop<\/strong><\/a><\/div>\n<\/div>\n\n\n\n<div style=\"height:20px\" aria-hidden=\"true\" class=\"wp-block-spacer\"><\/div>\n","protected":false},"excerpt":{"rendered":"<p><a class=\"btn btn-secondary understrap-read-more-link\" href=\"https:\/\/www.orfix.com\/de\/unternehmen\/compliance-leitlinien\/\">Weiterlesen&#8230;<\/a><\/p>\n","protected":false},"author":1,"featured_media":0,"parent":250,"menu_order":2,"comment_status":"closed","ping_status":"closed","template":"","meta":{"_acf_changed":false,"om_disable_all_campaigns":false,"inline_featured_image":false,"advgb_blocks_editor_width":"","advgb_blocks_columns_visual_guide":"","_monsterinsights_skip_tracking":false,"_monsterinsights_sitenote_active":false,"_monsterinsights_sitenote_note":"","_monsterinsights_sitenote_category":0,"_uf_show_specific_survey":0,"_uf_disable_surveys":false,"footnotes":""},"class_list":["post-254","page","type-page","status-publish","hentry"],"acf":[],"aioseo_notices":[],"coauthors":[],"author_meta":{"author_link":"https:\/\/www.orfix.com\/de\/author\/nk24-admin\/","display_name":"nk24-admin"},"relative_dates":{"created":"Posted 6\u00a0Jahren ago","modified":"Updated 3\u00a0Monaten ago"},"absolute_dates":{"created":"Posted on 28. August 2020","modified":"Updated on 20. Januar 2026"},"absolute_dates_time":{"created":"Posted on 28. August 2020 16:58","modified":"Updated on 20. Januar 2026 16:57"},"featured_img_caption":"","featured_img":false,"series_order":"","_links":{"self":[{"href":"https:\/\/www.orfix.com\/de\/wp-json\/wp\/v2\/pages\/254","targetHints":{"allow":["GET"]}}],"collection":[{"href":"https:\/\/www.orfix.com\/de\/wp-json\/wp\/v2\/pages"}],"about":[{"href":"https:\/\/www.orfix.com\/de\/wp-json\/wp\/v2\/types\/page"}],"author":[{"embeddable":true,"href":"https:\/\/www.orfix.com\/de\/wp-json\/wp\/v2\/users\/1"}],"replies":[{"embeddable":true,"href":"https:\/\/www.orfix.com\/de\/wp-json\/wp\/v2\/comments?post=254"}],"version-history":[{"count":8,"href":"https:\/\/www.orfix.com\/de\/wp-json\/wp\/v2\/pages\/254\/revisions"}],"predecessor-version":[{"id":33092,"href":"https:\/\/www.orfix.com\/de\/wp-json\/wp\/v2\/pages\/254\/revisions\/33092"}],"up":[{"embeddable":true,"href":"https:\/\/www.orfix.com\/de\/wp-json\/wp\/v2\/pages\/250"}],"wp:attachment":[{"href":"https:\/\/www.orfix.com\/de\/wp-json\/wp\/v2\/media?parent=254"}],"curies":[{"name":"wp","href":"https:\/\/api.w.org\/{rel}","templated":true}]}}