{"id":253,"date":"2020-08-28T16:58:13","date_gmt":"2020-08-28T14:58:13","guid":{"rendered":"http:\/\/localhost:8888\/orfix\/code-of-conduct\/"},"modified":"2026-01-20T16:59:03","modified_gmt":"2026-01-20T15:59:03","slug":"code-of-conduct","status":"publish","type":"page","link":"https:\/\/www.orfix.com\/de\/unternehmen\/code-of-conduct\/","title":{"rendered":"Code of Conduct"},"content":{"rendered":"<div class=\"wp-bootstrap-blocks-container container-fluid mb-5 custom_container custom_container--big custom_container--banner\">\n\t\n<div class=\"wp-bootstrap-blocks-row row custom_row custom_row--center\">\n\t\n\n<div class=\"col-12 col-md-12 custom_slider custom-banner-img custom_slider__banner\">\n\t\t\t\n\n<figure class=\"wp-block-image size-full display-banner\"><img loading=\"lazy\" decoding=\"async\" width=\"2048\" height=\"554\" src=\"https:\/\/www.orfix.com\/wp-content\/uploads\/2026\/01\/orfix_Header_Banner_Code-of-conduct_1024x277-1-2048x554-1.jpg\" alt=\"\" class=\"wp-image-33093\" srcset=\"https:\/\/www.orfix.com\/wp-content\/uploads\/2026\/01\/orfix_Header_Banner_Code-of-conduct_1024x277-1-2048x554-1.jpg 2048w, https:\/\/www.orfix.com\/wp-content\/uploads\/2026\/01\/orfix_Header_Banner_Code-of-conduct_1024x277-1-2048x554-1-768x208.jpg 768w, https:\/\/www.orfix.com\/wp-content\/uploads\/2026\/01\/orfix_Header_Banner_Code-of-conduct_1024x277-1-2048x554-1-1536x416.jpg 1536w\" sizes=\"auto, (max-width: 2048px) 100vw, 2048px\" \/><\/figure>\n\n\n\n\n\t<\/div>\n\n<\/div>\n\n\n<div class=\"wp-bootstrap-blocks-row row custom_row custom_row--center\">\n\t\n\n<div class=\"col-12 col-md-12 custom_slider custom-banner-img custom_slider__banner\">\n\t\t\t\n\n<figure class=\"wp-block-image size-full mobile-banner\"><img loading=\"lazy\" decoding=\"async\" width=\"2560\" height=\"2021\" src=\"https:\/\/www.orfix.com\/wp-content\/uploads\/2024\/05\/orfix_Header_Banner_Commitment_DE_750x650-scaled.jpg\" alt=\"H\u00e4ndedruck symbolisiert Unternehmensethik und Verhaltenskodex\" class=\"wp-image-24016\" srcset=\"https:\/\/www.orfix.com\/wp-content\/uploads\/2024\/05\/orfix_Header_Banner_Commitment_DE_750x650-scaled.jpg 2560w, https:\/\/www.orfix.com\/wp-content\/uploads\/2024\/05\/orfix_Header_Banner_Commitment_DE_750x650-768x606.jpg 768w, https:\/\/www.orfix.com\/wp-content\/uploads\/2024\/05\/orfix_Header_Banner_Commitment_DE_750x650-1536x1213.jpg 1536w, https:\/\/www.orfix.com\/wp-content\/uploads\/2024\/05\/orfix_Header_Banner_Commitment_DE_750x650-2048x1617.jpg 2048w\" sizes=\"auto, (max-width: 2560px) 100vw, 2560px\" \/><\/figure>\n\n\n\n\n\t<\/div>\n\n<\/div>\n\n<\/div>\n\n\n\n<div style=\"height:50px\" aria-hidden=\"true\" class=\"wp-block-spacer\"><\/div>\n\n\n<div class=\"wp-bootstrap-blocks-container container-fluid mb-2 custom_container custom_container--small\">\n\t\n<div class=\"wp-bootstrap-blocks-row row\">\n\t\n\n<div class=\"col-12 col-md-12\">\n\t\t\t\n\n<h2 class=\"wp-block-heading has-large-font-size\">1. Geltungsbereich&nbsp;<\/h2>\n\n\n\n<p>Der vorliegende Code&nbsp;of&nbsp;Conduct ist eine Selbstverpflichtung aller Mitarbeiterinnen und Mitarbeitern&nbsp;inklusive F\u00fchrungskr\u00e4ften&nbsp;zu ethisch einwandfreiem Handeln. Er beschreibt die Grunds\u00e4tze, die Basis f\u00fcr unsere Entscheidungen und unser Handeln sind.&nbsp;<\/p>\n\n\n\n<p>Der Code&nbsp;of&nbsp;Conduct soll dabei helfen, unsere Grunds\u00e4tze zu verstehen, danach zu handeln und f\u00fcr die Zukunft zu erhalten.&nbsp;<\/p>\n\n\n\n<p>Der Code&nbsp;of&nbsp;Conduct gilt f\u00fcr die gesamte orfix-Gruppe.&nbsp;<\/p>\n\n\t<\/div>\n\n<\/div>\n\n<\/div>\n\n\n<div class=\"wp-bootstrap-blocks-container container-fluid mb-2 custom_container custom_container--small\">\n\t\n<div class=\"wp-bootstrap-blocks-row row\">\n\t\n\n<div class=\"col-12 col-md-12\">\n\t\t\t\n\n<h2 class=\"wp-block-heading has-large-font-size\">2. Grunds\u00e4tze&nbsp;<\/h2>\n\n\n\n<h3 class=\"wp-block-heading\">2.1 Einhaltung von Gesetzen und Richtlinien&nbsp;&nbsp;<\/h3>\n\n\n\n<p class=\"has-medium-font-size\">Wir verpflichten uns, geltende Gesetze und Vorschriften zu beachten und einzuhalten. Diese Verpflichtung gilt auch f\u00fcr geltende Richt- und Leitlinien sowie anerkannte Wertma\u00dfst\u00e4be der Kulturkreise und L\u00e4nder, in denen orfix t\u00e4tig ist.&nbsp;<\/p>\n\n\n\n<h3 class=\"wp-block-heading\">2.2. Mitarbeiter als orfix-Repr\u00e4sentanten&nbsp;<\/h3>\n\n\n\n<p class=\"has-medium-font-size\">Wir sind uns bewusst, dass wir mit unserer Arbeit und unserem Verhalten zur positiven Wahrnehmung von orfix beitragen und unterst\u00fctzen mit unserem Handeln den wirtschaftlichen Erfolg des Unternehmens.&nbsp;<\/p>\n\n\n\n<p class=\"has-medium-font-size\">Wir alle haben die Aufgabe, den Code&nbsp;of&nbsp;Conduct zu beachten, seine Grunds\u00e4tze ins Unternehmen zu tragen und durch unser Verhalten f\u00fcr ihre Einhaltung zu sorgen.&nbsp;&nbsp;<\/p>\n\n\n\n<p class=\"has-medium-font-size\">F\u00fchrungskr\u00e4fte handeln als Vorbild und Unterst\u00fctzer und helfen Mitarbeiterinnen und Mitarbeitern, sich jederzeit ethisch einwandfrei zu verhalten.&nbsp;<\/p>\n\n\t<\/div>\n\n<\/div>\n\n<\/div>\n\n\n<div class=\"wp-bootstrap-blocks-container container-fluid mb-2 custom_container custom_container--small\">\n\t\n<div class=\"wp-bootstrap-blocks-row row\">\n\t\n\n<div class=\"col-12 col-md-12\">\n\t\t\t\n\n<h2 class=\"wp-block-heading has-large-font-size\">3. Fairer Wettbewerb und Kartellrecht&nbsp;<\/h2>\n\n\n\n<p class=\"has-medium-font-size\">Wir stehen zu den Regeln eines fairen Wettbewerbs zum Vorteil aller Markt-teilnehmer. Unser Unternehmen setzt sich daf\u00fcr ein, den freien und unverf\u00e4lschten Wettbewerb zu sichern und aufrechtzuerhalten. Dieser Grundsatz ist zentraler Gedanke der weltweit existierenden Kartellgesetze und daher f\u00fcr orfix verpflichtend.&nbsp;<\/p>\n\n\t<\/div>\n\n<\/div>\n\n<\/div>\n\n\n<div class=\"wp-bootstrap-blocks-container container-fluid mb-2 custom_container custom_container--small\">\n\t\n<div class=\"wp-bootstrap-blocks-row row\">\n\t\n\n<div class=\"col-12 col-md-12\">\n\t\t\t\n\n<h2 class=\"wp-block-heading has-large-font-size\">4. Verbot von Korruption&nbsp;<\/h2>\n\n\n\n<p class=\"has-medium-font-size\">Wir dulden keine Korruption \u2013 egal, in welcher Form. Die unrechtm\u00e4\u00dfige Zuwendung von Vorteilen an Dritte \u2013 etwa an Amtstr\u00e4ger oder Mitarbeiter privater Unternehmen \u2013 sowie die Annahme derer, ist bei orfix verboten. Das Verbot der Korruption gilt uneingeschr\u00e4nkt, also unabh\u00e4ngig davon, an wen, an welchem Ort der Welt und aus welchem Grund solche Vorteile gew\u00e4hrt werden.&nbsp;<\/p>\n\n\t<\/div>\n\n<\/div>\n\n<\/div>\n\n\n<div class=\"wp-bootstrap-blocks-container container-fluid mb-2 custom_container custom_container--small\">\n\t\n<div class=\"wp-bootstrap-blocks-row row\">\n\t\n\n<div class=\"col-12 col-md-12\">\n\t\t\t\n\n<h2 class=\"wp-block-heading has-large-font-size\">5. Umgang mit Geschenken, Einladungen&nbsp;und&nbsp; Interessenkonflikten&nbsp;<\/h2>\n\n\n\n<p class=\"has-medium-font-size\">Im Zusammenhang mit Geschenken und Einladungen ist vollst\u00e4ndige Transparenz unabdingbar. In praktisch allen Rechtsordnungen sind Geschenke und Einladungen sensibel und daher in der Regel verboten. Die Gew\u00e4hrung und Annahme von hochwertigen Geschenken, Geldgeschenken und finanziellen Verg\u00fcnstigungen ist grunds\u00e4tzlich verboten. Nur ausnahmsweise d\u00fcrfen geringwertige Pr\u00e4sente angenommen werden, sofern diese angemessen sind und keine Gegenleistung erwartet wird. Solche Geschenke sollten mit dem jeweiligen Firmenlogo versehen sein.&nbsp;<\/p>\n\n\n\n<p class=\"has-medium-font-size\">S\u00e4mtliche Entscheidungen und T\u00e4tigkeiten im Unternehmen d\u00fcrfen nicht von privaten Interessen und\/oder pers\u00f6nlichen Beziehungen gepr\u00e4gt sein.&nbsp;&nbsp;<\/p>\n\n\n\n<p class=\"has-medium-font-size\">Situationen, in denen es zu Interessenkonflikten kommen kann, sollten deshalb vermieden werden. Zweifelsf\u00e4lle sollten immer mit dem Vorgesetzten besprochen werden.&nbsp;<\/p>\n\n\t<\/div>\n\n<\/div>\n\n<\/div>\n\n\n<div class=\"wp-bootstrap-blocks-container container-fluid mb-2 custom_container custom_container--small\">\n\t\n<div class=\"wp-bootstrap-blocks-row row\">\n\t\n\n<div class=\"col-12 col-md-12\">\n\t\t\t\n\n<h2 class=\"wp-block-heading has-large-font-size\">6. Sorgfalt im Umgang mit Rechnungslegung und Finanzunterlagen&nbsp;<\/h2>\n\n\n\n<p class=\"has-medium-font-size\">Wir sind uns bewusst, dass Sorgfalt im Umgang mit Finanzunterlagen von h\u00f6chster Wichtigkeit f\u00fcr orfix ist. Wir halten uns deshalb an die Verpflichtung, die nationalen und internationalen Regeln der Rechnungslegung sicherzustellen.&nbsp;<\/p>\n\n\n\n<p class=\"has-medium-font-size\">Unsere Finanzunterlagen spiegeln gegen\u00fcber den Interessengruppen den Gesch\u00e4ftsverlauf und die relevanten Fakten zutreffend und zeitnah wider.&nbsp;&nbsp;<\/p>\n\n\n\n<p class=\"has-medium-font-size\">Wir arbeiten mit internen und externen Pr\u00fcfern kooperativ zusammen.&nbsp;<\/p>\n\n\t<\/div>\n\n<\/div>\n\n<\/div>\n\n\n<div class=\"wp-bootstrap-blocks-container container-fluid mb-5 custom_container custom_container--small\">\n\t\n<div class=\"wp-bootstrap-blocks-row row\">\n\t\n\n<div class=\"col-12 col-md-12\">\n\t\t\t\n\n<h2 class=\"wp-block-heading has-large-font-size\">7. Umgang mit vertraulichen Informationen und der Schutz des geistigen Eigentums&nbsp;<\/h2>\n\n\n\n<p class=\"has-medium-font-size\">Wir sind uns bewusst, dass geistiges Eigentum ein wertvoller Verm\u00f6genswert und Basis f\u00fcr den Erfolg unseres Unternehmens ist. Deshalb gilt es, diese Informationen zu sch\u00fctzen. Als geistiges Eigentum gelten Erfindungen, Produktprototypen, Rezepturen, Produktkonzepte, Details \u00fcber Kunden und Lieferanten sowie andere Gesch\u00e4ftsgeheimnisse.&nbsp;<\/p>\n\n\n\n<p class=\"has-medium-font-size\">Wir sch\u00fctzen unsere Akten und Dateien vor unberechtigtem Zugriff. Passworte sind entsprechend den Sicherheitsvorgaben auszuw\u00e4hlen, in regelm\u00e4\u00dfigen Abst\u00e4nden zu \u00e4ndern und nicht weiterzugeben.&nbsp;<\/p>\n\n\n\n<p class=\"has-medium-font-size\">Jeder Einzelne stellt sicher, dass kein Unberechtigter auf eigene Datenbest\u00e4nde zugreifen kann. Wir verwenden vertrauliche Informationen ausschlie\u00dflich zu gesch\u00e4ftlichen Zwecken.&nbsp;<\/p>\n\n\t<\/div>\n\n<\/div>\n\n<\/div>\n\n\n<div class=\"wp-bootstrap-blocks-container container-fluid mb-5 custom_container custom_container--middle\">\n\t\n<div class=\"wp-bootstrap-blocks-row row custom-row__cta-contact\">\n\t\n\n<div class=\"col-12 col-md-6\">\n\t\t\t\n\n<figure class=\"wp-block-image size-full advgb-dyn-c0ecbe96\"><img loading=\"lazy\" decoding=\"async\" width=\"471\" height=\"344\" src=\"https:\/\/www.orfix.com\/wp-content\/uploads\/2021\/08\/shutterstock_116283283_471x344px.jpg\" alt=\"Ihre Kontaktm\u00f6glichkeiten zu Wasserz\u00e4hler Plomben\" class=\"wp-image-14598\" srcset=\"https:\/\/www.orfix.com\/wp-content\/uploads\/2021\/08\/shutterstock_116283283_471x344px.jpg 471w, https:\/\/www.orfix.com\/wp-content\/uploads\/2021\/08\/shutterstock_116283283_471x344px-300x219.jpg 300w\" sizes=\"auto, (max-width: 471px) 100vw, 471px\" \/><figcaption class=\"wp-element-caption\">Kontakt<\/figcaption><\/figure>\n\n\t<\/div>\n\n\n\n<div class=\"col-12 col-md-6\">\n\t\t\t\n<div class=\"employeeblock\">\n    <figure class=\"employeeblock__item employeeblock__item--img\">\n        <img decoding=\"async\" src=\"\" alt=\"\" \/>\n    <\/figure>\n    <div class=\"employeeblock__item employeeblock__item--content\">\n        <h2 class=\"name\">Kundenberatung<\/h2>\n        <p class=\"position\">Deutschland, \u00d6sterreich &#038; Schweiz<\/p>\n        <p><a class=\"link link--has-icon link--has-icon--mail\" href=\"mailto:info@orfix.de\">info@orfix.de<\/a><\/p>\n        <p><a class=\"link link--has-icon link--has-icon--tel\" href=\"tel:+49417881840\">+49 4178 8184-0<\/a><\/p>\n    <\/div>\n<\/div>\n\n\t<\/div>\n\n<\/div>\n\n<\/div>\n\n\n\n<div style=\"height:20px\" aria-hidden=\"true\" class=\"wp-block-spacer\"><\/div>\n\n\n\n<figure class=\"wp-block-image size-full\"><img loading=\"lazy\" decoding=\"async\" width=\"2048\" height=\"600\" src=\"https:\/\/www.orfix.com\/wp-content\/uploads\/2024\/05\/orfix-Karte-2025-en.jpg\" alt=\"\" class=\"wp-image-32960\" srcset=\"https:\/\/www.orfix.com\/wp-content\/uploads\/2024\/05\/orfix-Karte-2025-en.jpg 2048w, https:\/\/www.orfix.com\/wp-content\/uploads\/2024\/05\/orfix-Karte-2025-en-768x225.jpg 768w, https:\/\/www.orfix.com\/wp-content\/uploads\/2024\/05\/orfix-Karte-2025-en-1536x450.jpg 1536w\" sizes=\"auto, (max-width: 2048px) 100vw, 2048px\" \/><\/figure>\n\n\n\n<p class=\"has-medium-font-size\">Gern beraten wir Sie individuell!<br><strong>Ihr kompetenter Partner mit einem umfassenden Sortiment f\u00fcr alle, die z\u00e4hlen, verpacken, transportieren oder lagern.<\/strong><\/p>\n\n\n\n<div style=\"height:20px\" aria-hidden=\"true\" class=\"wp-block-spacer\"><\/div>\n\n\n\n<div class=\"wp-block-buttons cta-banner-content__item is-layout-flex wp-block-buttons-is-layout-flex\">\n<div class=\"wp-block-button is-style-outline is-style-outline--1 advgb-dyn-2c6a785e\"><a class=\"wp-block-button__link has-text-color has-medium-font-size has-custom-font-size wp-element-button\" href=\"https:\/\/www.orfix.com\/de\/kontakt\/\" style=\"border-radius:1px;color:#ba0c2f\" target=\"_blank\" rel=\"noreferrer noopener\"><strong>Kontakt<\/strong><\/a><\/div>\n\n\n\n<div class=\"wp-block-button btn__bg--red advgb-dyn-48972139\"><a class=\"wp-block-button__link has-white-color has-text-color has-background has-medium-font-size has-custom-font-size wp-element-button\" href=\"https:\/\/www.orfix.com\/de\/leistungsbereiche-produkte\/\" style=\"border-radius:1px;background-color:#ba0c2f\" target=\"_blank\" rel=\"noreferrer noopener\"><strong>Produkte<\/strong><\/a><\/div>\n\n\n\n<div class=\"wp-block-button btn__bg--red advgb-dyn-9363d00e\"><a class=\"wp-block-button__link has-white-color has-text-color has-background has-medium-font-size has-custom-font-size wp-element-button\" href=\"https:\/\/shop.orfix.com\/\" style=\"border-radius:1px;background-color:#ba0c2f\" target=\"_blank\" rel=\"noreferrer noopener\"><strong>Onlineshop<\/strong><\/a><\/div>\n<\/div>\n\n\n\n<div style=\"height:20px\" aria-hidden=\"true\" class=\"wp-block-spacer\"><\/div>\n","protected":false},"excerpt":{"rendered":"<p><a class=\"btn btn-secondary understrap-read-more-link\" href=\"https:\/\/www.orfix.com\/de\/unternehmen\/code-of-conduct\/\">Weiterlesen&#8230;<\/a><\/p>\n","protected":false},"author":1,"featured_media":0,"parent":250,"menu_order":1,"comment_status":"closed","ping_status":"closed","template":"","meta":{"_acf_changed":false,"om_disable_all_campaigns":false,"inline_featured_image":false,"advgb_blocks_editor_width":"","advgb_blocks_columns_visual_guide":"","_monsterinsights_skip_tracking":false,"_monsterinsights_sitenote_active":false,"_monsterinsights_sitenote_note":"","_monsterinsights_sitenote_category":0,"_uf_show_specific_survey":0,"_uf_disable_surveys":false,"footnotes":""},"class_list":["post-253","page","type-page","status-publish","hentry"],"acf":[],"aioseo_notices":[],"coauthors":[],"author_meta":{"author_link":"https:\/\/www.orfix.com\/de\/author\/nk24-admin\/","display_name":"nk24-admin"},"relative_dates":{"created":"Posted 6\u00a0Jahren ago","modified":"Updated 3\u00a0Monaten ago"},"absolute_dates":{"created":"Posted on 28. August 2020","modified":"Updated on 20. Januar 2026"},"absolute_dates_time":{"created":"Posted on 28. August 2020 16:58","modified":"Updated on 20. Januar 2026 16:59"},"featured_img_caption":"","featured_img":false,"series_order":"","_links":{"self":[{"href":"https:\/\/www.orfix.com\/de\/wp-json\/wp\/v2\/pages\/253","targetHints":{"allow":["GET"]}}],"collection":[{"href":"https:\/\/www.orfix.com\/de\/wp-json\/wp\/v2\/pages"}],"about":[{"href":"https:\/\/www.orfix.com\/de\/wp-json\/wp\/v2\/types\/page"}],"author":[{"embeddable":true,"href":"https:\/\/www.orfix.com\/de\/wp-json\/wp\/v2\/users\/1"}],"replies":[{"embeddable":true,"href":"https:\/\/www.orfix.com\/de\/wp-json\/wp\/v2\/comments?post=253"}],"version-history":[{"count":7,"href":"https:\/\/www.orfix.com\/de\/wp-json\/wp\/v2\/pages\/253\/revisions"}],"predecessor-version":[{"id":33099,"href":"https:\/\/www.orfix.com\/de\/wp-json\/wp\/v2\/pages\/253\/revisions\/33099"}],"up":[{"embeddable":true,"href":"https:\/\/www.orfix.com\/de\/wp-json\/wp\/v2\/pages\/250"}],"wp:attachment":[{"href":"https:\/\/www.orfix.com\/de\/wp-json\/wp\/v2\/media?parent=253"}],"curies":[{"name":"wp","href":"https:\/\/api.w.org\/{rel}","templated":true}]}}