{"id":252,"date":"2020-08-28T16:58:13","date_gmt":"2020-08-28T14:58:13","guid":{"rendered":"http:\/\/localhost:8888\/orfix\/leitbild\/"},"modified":"2026-01-20T16:59:46","modified_gmt":"2026-01-20T15:59:46","slug":"leitbild","status":"publish","type":"page","link":"https:\/\/www.orfix.com\/de\/unternehmen\/leitbild\/","title":{"rendered":"Leitbild"},"content":{"rendered":"<div class=\"wp-bootstrap-blocks-container container-fluid mb-5 custom_container custom_container--big custom_container--banner\">\n\t\n<div class=\"wp-bootstrap-blocks-row row custom_row custom_row--center\">\n\t\n\n<div class=\"col-12 col-md-12 custom_slider custom-banner-img custom_slider__banner\">\n\t\t\t\n\n<figure class=\"wp-block-image size-full display-banner\"><img loading=\"lazy\" decoding=\"async\" width=\"2048\" height=\"554\" src=\"https:\/\/www.orfix.com\/wp-content\/uploads\/2026\/01\/orfix_Header_Banner_Mission_DE_1024x277-2048x554-1.jpg\" alt=\"\" class=\"wp-image-33100\" srcset=\"https:\/\/www.orfix.com\/wp-content\/uploads\/2026\/01\/orfix_Header_Banner_Mission_DE_1024x277-2048x554-1.jpg 2048w, https:\/\/www.orfix.com\/wp-content\/uploads\/2026\/01\/orfix_Header_Banner_Mission_DE_1024x277-2048x554-1-768x208.jpg 768w, https:\/\/www.orfix.com\/wp-content\/uploads\/2026\/01\/orfix_Header_Banner_Mission_DE_1024x277-2048x554-1-1536x416.jpg 1536w\" sizes=\"auto, (max-width: 2048px) 100vw, 2048px\" \/><\/figure>\n\n\n\n\n\t<\/div>\n\n<\/div>\n\n\n<div class=\"wp-bootstrap-blocks-row row custom_row custom_row--center\">\n\t\n\n<div class=\"col-12 col-md-12 custom_slider custom-banner-img custom_slider__banner\">\n\t\t\t\n\n<figure class=\"wp-block-image size-full mobile-banner\"><img loading=\"lazy\" decoding=\"async\" width=\"1583\" height=\"1250\" src=\"https:\/\/www.orfix.com\/wp-content\/uploads\/2024\/05\/orfix_Mobile_Banner-Mission_760x600.jpg\" alt=\"\" class=\"wp-image-23994\" srcset=\"https:\/\/www.orfix.com\/wp-content\/uploads\/2024\/05\/orfix_Mobile_Banner-Mission_760x600.jpg 1583w, https:\/\/www.orfix.com\/wp-content\/uploads\/2024\/05\/orfix_Mobile_Banner-Mission_760x600-768x606.jpg 768w, https:\/\/www.orfix.com\/wp-content\/uploads\/2024\/05\/orfix_Mobile_Banner-Mission_760x600-1536x1213.jpg 1536w\" sizes=\"auto, (max-width: 1583px) 100vw, 1583px\" \/><\/figure>\n\n\n\n\n\t<\/div>\n\n<\/div>\n\n<\/div>\n\n\n\n<div style=\"height:50px\" aria-hidden=\"true\" class=\"wp-block-spacer\"><\/div>\n\n\n<div class=\"wp-bootstrap-blocks-container container-fluid mb-3 custom_container custom_container--small\">\n\t\n<div class=\"wp-bootstrap-blocks-row row g-0\">\n\t\n\n<div class=\"col-12 col-md-2\">\n\t\t\t\n\n<h2 class=\"wp-block-heading\"><img loading=\"lazy\" decoding=\"async\" width=\"150\" height=\"117\" class=\"wp-image-4233\" style=\"width: 150px;\" src=\"https:\/\/www.orfix.com\/wp-content\/uploads\/2020\/10\/item_whoweare_mission_statement3.jpg\" alt=\"\" srcset=\"https:\/\/www.orfix.com\/wp-content\/uploads\/2020\/10\/item_whoweare_mission_statement3.jpg 300w, https:\/\/www.orfix.com\/wp-content\/uploads\/2020\/10\/item_whoweare_mission_statement3-24x19.jpg 24w, https:\/\/www.orfix.com\/wp-content\/uploads\/2020\/10\/item_whoweare_mission_statement3-36x28.jpg 36w, https:\/\/www.orfix.com\/wp-content\/uploads\/2020\/10\/item_whoweare_mission_statement3-48x37.jpg 48w\" sizes=\"auto, (max-width: 150px) 100vw, 150px\" \/><\/h2>\n\n\t<\/div>\n\n\n\n<div class=\"col-12 col-md-10\">\n\t\t\t\n\n<h2 class=\"wp-block-heading has-large-font-size\">1. \u00dcber uns<\/h2>\n\n\n\n<p class=\"has-medium-font-size\">Wir sind ein Dienstleistungsunternehmen und Hersteller im Bereich des Wertschutzes. Wir liefern innovative L\u00f6sungen und entwickeln neue Produkte, die sich an den Anforderungen und Bed\u00fcrfnissen unserer Kunden ausrichten.<\/p>\n\n\t<\/div>\n\n<\/div>\n\n\n<div class=\"wp-bootstrap-blocks-row row g-0\">\n\t\n\n<div class=\"col-12 col-md-2\">\n\t\t\t\n\n<h2 class=\"wp-block-heading\"><img loading=\"lazy\" decoding=\"async\" width=\"150\" height=\"117\" class=\"wp-image-4213\" style=\"width: 150px;\" src=\"https:\/\/www.orfix.com\/wp-content\/uploads\/2020\/10\/item_green_label_mission_statement3-3.jpg\" alt=\"\" srcset=\"https:\/\/www.orfix.com\/wp-content\/uploads\/2020\/10\/item_green_label_mission_statement3-3.jpg 300w, https:\/\/www.orfix.com\/wp-content\/uploads\/2020\/10\/item_green_label_mission_statement3-3-24x19.jpg 24w, https:\/\/www.orfix.com\/wp-content\/uploads\/2020\/10\/item_green_label_mission_statement3-3-36x28.jpg 36w, https:\/\/www.orfix.com\/wp-content\/uploads\/2020\/10\/item_green_label_mission_statement3-3-48x37.jpg 48w\" sizes=\"auto, (max-width: 150px) 100vw, 150px\" \/><\/h2>\n\n\t<\/div>\n\n\n\n<div class=\"col-12 col-md-10\">\n\t\t\t\n\n<h2 class=\"wp-block-heading has-large-font-size\">2. Nachhaltigkeit<\/h2>\n\n\n\n<p class=\"has-medium-font-size\">Nachhaltigkeit bedeutet f\u00fcr die orfix-Gruppe, an langfristige Beziehungen und langfristige Entwicklungen im Markt zu glauben und sich ihrer \u00f6kologischen Verantwortung bewusst zu sein.<\/p>\n\n\t<\/div>\n\n<\/div>\n\n\n<div class=\"wp-bootstrap-blocks-row row g-0\">\n\t\n\n<div class=\"col-12 col-md-2\">\n\t\t\t\n\n<h2 class=\"wp-block-heading\"><img loading=\"lazy\" decoding=\"async\" width=\"150\" height=\"117\" class=\"wp-image-4240\" style=\"width: 150px;\" src=\"https:\/\/www.orfix.com\/wp-content\/uploads\/2020\/10\/item_availabilityl_mission_statement3.jpg\" alt=\"\" srcset=\"https:\/\/www.orfix.com\/wp-content\/uploads\/2020\/10\/item_availabilityl_mission_statement3.jpg 300w, https:\/\/www.orfix.com\/wp-content\/uploads\/2020\/10\/item_availabilityl_mission_statement3-24x19.jpg 24w, https:\/\/www.orfix.com\/wp-content\/uploads\/2020\/10\/item_availabilityl_mission_statement3-36x28.jpg 36w, https:\/\/www.orfix.com\/wp-content\/uploads\/2020\/10\/item_availabilityl_mission_statement3-48x37.jpg 48w\" sizes=\"auto, (max-width: 150px) 100vw, 150px\" \/><\/h2>\n\n\t<\/div>\n\n\n\n<div class=\"col-12 col-md-10\">\n\t\t\t\n\n<h2 class=\"wp-block-heading has-large-font-size\">3. Verf\u00fcgbarkeit<\/h2>\n\n\n\n<p class=\"has-medium-font-size\">Als internationaler Konzern ist Verf\u00fcgbarkeit eine unserer wichtigsten Aufgaben und St\u00e4rken. Wir handeln zuverl\u00e4ssig, flexibel und vertrauensw\u00fcrdig.<\/p>\n\n\t<\/div>\n\n<\/div>\n\n\n<div class=\"wp-bootstrap-blocks-row row g-0\">\n\t\n\n<div class=\"col-12 col-md-2\">\n\t\t\t\n\n<h2 class=\"wp-block-heading\"><img loading=\"lazy\" decoding=\"async\" width=\"150\" height=\"117\" class=\"wp-image-4247\" style=\"width: 150px;\" src=\"https:\/\/www.orfix.com\/wp-content\/uploads\/2020\/10\/item_people_mission_statement3.jpg\" alt=\"\" srcset=\"https:\/\/www.orfix.com\/wp-content\/uploads\/2020\/10\/item_people_mission_statement3.jpg 300w, https:\/\/www.orfix.com\/wp-content\/uploads\/2020\/10\/item_people_mission_statement3-24x19.jpg 24w, https:\/\/www.orfix.com\/wp-content\/uploads\/2020\/10\/item_people_mission_statement3-36x28.jpg 36w, https:\/\/www.orfix.com\/wp-content\/uploads\/2020\/10\/item_people_mission_statement3-48x37.jpg 48w\" sizes=\"auto, (max-width: 150px) 100vw, 150px\" \/><\/h2>\n\n\t<\/div>\n\n\n\n<div class=\"col-12 col-md-10\">\n\t\t\t\n\n<h2 class=\"wp-block-heading has-large-font-size\">4. Menschen<\/h2>\n\n\n\n<p class=\"has-medium-font-size\">Unser Erfolg beruht darauf, ein &#8220;Unternehmen f\u00fcr Menschen&#8221; zu sein. Wir sind auf fachliche Kompetenz und individuelle Entwicklung ausgerichtet.<\/p>\n\n\t<\/div>\n\n<\/div>\n\n\n<div class=\"wp-bootstrap-blocks-row row g-0\">\n\t\n\n<div class=\"col-12 col-md-2\">\n\t\t\t\n\n<h2 class=\"wp-block-heading\"><img loading=\"lazy\" decoding=\"async\" width=\"150\" height=\"117\" class=\"wp-image-4256\" style=\"width: 150px;\" src=\"https:\/\/www.orfix.com\/wp-content\/uploads\/2020\/10\/item_gualityl_mission_statement3.jpg\" alt=\"\" srcset=\"https:\/\/www.orfix.com\/wp-content\/uploads\/2020\/10\/item_gualityl_mission_statement3.jpg 300w, https:\/\/www.orfix.com\/wp-content\/uploads\/2020\/10\/item_gualityl_mission_statement3-24x19.jpg 24w, https:\/\/www.orfix.com\/wp-content\/uploads\/2020\/10\/item_gualityl_mission_statement3-36x28.jpg 36w, https:\/\/www.orfix.com\/wp-content\/uploads\/2020\/10\/item_gualityl_mission_statement3-48x37.jpg 48w\" sizes=\"auto, (max-width: 150px) 100vw, 150px\" \/><\/h2>\n\n\t<\/div>\n\n\n\n<div class=\"col-12 col-md-10\">\n\t\t\t\n\n<h2 class=\"wp-block-heading has-large-font-size\">5. Qualit\u00e4t&nbsp;<\/h2>\n\n\n\n<p class=\"has-medium-font-size\">Wir begeistern unsere Kunden mit der orfix-Qualit\u00e4t und Service!<\/p>\n\n\t<\/div>\n\n<\/div>\n\n<\/div>\n\n\n\n<div style=\"height:20px\" aria-hidden=\"true\" class=\"wp-block-spacer\"><\/div>\n\n\n\n<figure class=\"wp-block-image size-full\"><img loading=\"lazy\" decoding=\"async\" width=\"2048\" height=\"600\" src=\"https:\/\/www.orfix.com\/wp-content\/uploads\/2024\/05\/orfix-Karte-2025-en.jpg\" alt=\"\" class=\"wp-image-32960\" srcset=\"https:\/\/www.orfix.com\/wp-content\/uploads\/2024\/05\/orfix-Karte-2025-en.jpg 2048w, https:\/\/www.orfix.com\/wp-content\/uploads\/2024\/05\/orfix-Karte-2025-en-768x225.jpg 768w, https:\/\/www.orfix.com\/wp-content\/uploads\/2024\/05\/orfix-Karte-2025-en-1536x450.jpg 1536w\" sizes=\"auto, (max-width: 2048px) 100vw, 2048px\" \/><\/figure>\n\n\n\n<p class=\"has-medium-font-size\">Gern beraten wir Sie individuell!<br><strong>Ihr kompetenter Partner mit einem umfassenden Sortiment f\u00fcr alle, die z\u00e4hlen, verpacken, transportieren oder lagern.<\/strong><\/p>\n\n\n\n<div style=\"height:20px\" aria-hidden=\"true\" class=\"wp-block-spacer\"><\/div>\n\n\n\n<div class=\"wp-block-buttons cta-banner-content__item is-layout-flex wp-block-buttons-is-layout-flex\">\n<div class=\"wp-block-button is-style-outline is-style-outline--1 advgb-dyn-2c6a785e\"><a class=\"wp-block-button__link has-text-color has-medium-font-size has-custom-font-size wp-element-button\" href=\"https:\/\/www.orfix.com\/de\/kontakt\/\" style=\"border-radius:1px;color:#ba0c2f\" target=\"_blank\" rel=\"noreferrer noopener\"><strong>Kontakt<\/strong><\/a><\/div>\n\n\n\n<div class=\"wp-block-button btn__bg--red advgb-dyn-48972139\"><a class=\"wp-block-button__link has-white-color has-text-color has-background has-medium-font-size has-custom-font-size wp-element-button\" href=\"https:\/\/www.orfix.com\/de\/leistungsbereiche-produkte\/\" style=\"border-radius:1px;background-color:#ba0c2f\" target=\"_blank\" rel=\"noreferrer noopener\"><strong>Produkte<\/strong><\/a><\/div>\n\n\n\n<div class=\"wp-block-button btn__bg--red advgb-dyn-9363d00e\"><a class=\"wp-block-button__link has-white-color has-text-color has-background has-medium-font-size has-custom-font-size wp-element-button\" href=\"https:\/\/shop.orfix.com\/\" style=\"border-radius:1px;background-color:#ba0c2f\" target=\"_blank\" rel=\"noreferrer noopener\"><strong>Onlineshop<\/strong><\/a><\/div>\n<\/div>\n\n\n\n<div style=\"height:20px\" aria-hidden=\"true\" class=\"wp-block-spacer\"><\/div>\n","protected":false},"excerpt":{"rendered":"<p><a class=\"btn btn-secondary understrap-read-more-link\" href=\"https:\/\/www.orfix.com\/de\/unternehmen\/leitbild\/\">Weiterlesen&#8230;<\/a><\/p>\n","protected":false},"author":1,"featured_media":0,"parent":250,"menu_order":0,"comment_status":"closed","ping_status":"closed","template":"","meta":{"_acf_changed":false,"om_disable_all_campaigns":false,"inline_featured_image":false,"advgb_blocks_editor_width":"","advgb_blocks_columns_visual_guide":"","_monsterinsights_skip_tracking":false,"_monsterinsights_sitenote_active":false,"_monsterinsights_sitenote_note":"","_monsterinsights_sitenote_category":0,"_uf_show_specific_survey":0,"_uf_disable_surveys":false,"footnotes":""},"class_list":["post-252","page","type-page","status-publish","hentry"],"acf":[],"aioseo_notices":[],"coauthors":[],"author_meta":{"author_link":"https:\/\/www.orfix.com\/de\/author\/nk24-admin\/","display_name":"nk24-admin"},"relative_dates":{"created":"Posted 6\u00a0Jahren ago","modified":"Updated 4\u00a0Monaten ago"},"absolute_dates":{"created":"Posted on 28. August 2020","modified":"Updated on 20. Januar 2026"},"absolute_dates_time":{"created":"Posted on 28. August 2020 16:58","modified":"Updated on 20. Januar 2026 16:59"},"featured_img_caption":"","featured_img":false,"series_order":"","_links":{"self":[{"href":"https:\/\/www.orfix.com\/de\/wp-json\/wp\/v2\/pages\/252","targetHints":{"allow":["GET"]}}],"collection":[{"href":"https:\/\/www.orfix.com\/de\/wp-json\/wp\/v2\/pages"}],"about":[{"href":"https:\/\/www.orfix.com\/de\/wp-json\/wp\/v2\/types\/page"}],"author":[{"embeddable":true,"href":"https:\/\/www.orfix.com\/de\/wp-json\/wp\/v2\/users\/1"}],"replies":[{"embeddable":true,"href":"https:\/\/www.orfix.com\/de\/wp-json\/wp\/v2\/comments?post=252"}],"version-history":[{"count":12,"href":"https:\/\/www.orfix.com\/de\/wp-json\/wp\/v2\/pages\/252\/revisions"}],"predecessor-version":[{"id":33106,"href":"https:\/\/www.orfix.com\/de\/wp-json\/wp\/v2\/pages\/252\/revisions\/33106"}],"up":[{"embeddable":true,"href":"https:\/\/www.orfix.com\/de\/wp-json\/wp\/v2\/pages\/250"}],"wp:attachment":[{"href":"https:\/\/www.orfix.com\/de\/wp-json\/wp\/v2\/media?parent=252"}],"curies":[{"name":"wp","href":"https:\/\/api.w.org\/{rel}","templated":true}]}}