{"id":228,"date":"2020-08-28T16:48:22","date_gmt":"2020-08-28T14:48:22","guid":{"rendered":"http:\/\/localhost:8888\/orfix\/spedition-transportwesen\/"},"modified":"2024-05-28T18:08:58","modified_gmt":"2024-05-28T16:08:58","slug":"spedition-transportwesen","status":"publish","type":"page","link":"https:\/\/www.orfix.com\/de\/branchen\/spedition-transportwesen\/","title":{"rendered":"Spedition \/ Transportwesen"},"content":{"rendered":"<div class=\"wp-bootstrap-blocks-container container-fluid mb-5 custom_container custom_container--big custom_container--banner\">\n\t\n<div class=\"wp-bootstrap-blocks-row row custom_row custom_row--center\">\n\t\n\n<div class=\"col-12 col-md-12 custom_slider custom-banner-img custom_slider__banner\">\n\t\t\t\n\n<figure class=\"wp-block-image size-full mobile-banner advgb-dyn-ae56de26\"><img loading=\"lazy\" decoding=\"async\" width=\"2560\" height=\"2021\" src=\"https:\/\/www.orfix.com\/wp-content\/uploads\/2024\/05\/orfix_Mobile_Banner_sector_automotive-and-Industrial_DE_760x650-scaled.jpg\" alt=\"\" class=\"wp-image-26347\" srcset=\"https:\/\/www.orfix.com\/wp-content\/uploads\/2024\/05\/orfix_Mobile_Banner_sector_automotive-and-Industrial_DE_760x650-scaled.jpg 2560w, https:\/\/www.orfix.com\/wp-content\/uploads\/2024\/05\/orfix_Mobile_Banner_sector_automotive-and-Industrial_DE_760x650-768x606.jpg 768w, https:\/\/www.orfix.com\/wp-content\/uploads\/2024\/05\/orfix_Mobile_Banner_sector_automotive-and-Industrial_DE_760x650-1536x1213.jpg 1536w, https:\/\/www.orfix.com\/wp-content\/uploads\/2024\/05\/orfix_Mobile_Banner_sector_automotive-and-Industrial_DE_760x650-2048x1617.jpg 2048w\" sizes=\"auto, (max-width: 2560px) 100vw, 2560px\" \/><\/figure>\n\n\n\n\n\t<\/div>\n\n<\/div>\n\n\n<div class=\"wp-bootstrap-blocks-row row custom_row custom_row--center\">\n\t\n\n<div class=\"col-12 col-md-12 custom_slider custom-banner-img custom_slider__banner\">\n\t\t\t\n\n<figure class=\"wp-block-image size-full desktop-banner advgb-dyn-75515fa0\"><img loading=\"lazy\" decoding=\"async\" width=\"2133\" height=\"577\" src=\"https:\/\/www.orfix.com\/wp-content\/uploads\/2024\/05\/orfix_Header_Banner_sector_security_automotive-and-industrial_-DE_1024x277.jpg\" alt=\"\" class=\"wp-image-26353\" srcset=\"https:\/\/www.orfix.com\/wp-content\/uploads\/2024\/05\/orfix_Header_Banner_sector_security_automotive-and-industrial_-DE_1024x277.jpg 2133w, https:\/\/www.orfix.com\/wp-content\/uploads\/2024\/05\/orfix_Header_Banner_sector_security_automotive-and-industrial_-DE_1024x277-768x208.jpg 768w, https:\/\/www.orfix.com\/wp-content\/uploads\/2024\/05\/orfix_Header_Banner_sector_security_automotive-and-industrial_-DE_1024x277-1536x416.jpg 1536w, https:\/\/www.orfix.com\/wp-content\/uploads\/2024\/05\/orfix_Header_Banner_sector_security_automotive-and-industrial_-DE_1024x277-2048x554.jpg 2048w\" sizes=\"auto, (max-width: 2133px) 100vw, 2133px\" \/><\/figure>\n\n\n\n\n\t<\/div>\n\n<\/div>\n\n<\/div>\n\n\n\n<h1 class=\"wp-block-heading\" style=\"font-size:30px\">orfix ist Zulieferer f\u00fcr das produzierende Gewerbe<\/h1>\n\n\n\n<p><\/p>\n\n\n\n<p class=\"has-medium-font-size\">Von der Aufbewahrung von Kleinteilen w\u00e4hrend der Produktion im Automotiv- und Industrie-Bereich bis hin zur gesch\u00fctzten Auslieferung von beiliegenden Gebrauchsanweisungen, Kleinteilen und Zubeh\u00f6r sowie von Dokumenten oder Schl\u00fcsseln &#8211; orfix hat den passenden Flachbeutel. Individuell in der Fertigung einsetzbar, wo es auf st\u00fcckgenaue Zuteilung ankommt.<\/p>\n\n\n\n<p class=\"has-medium-font-size\">Unsere Industrie-Beutel bestehen aus rei\u00dffester, transparenter PE-Folie, lassen sich einfach beschreiben und mit Etiketten bekleben. Sie sind in verschiedenen St\u00e4rken und Abmessungen sowie mit manipulationssicherem &#8211; auf Wunsch personalisiertem &#8211; orfix-Klebeverschluss, in verschiedenen Qualit\u00e4ten lieferbar. \u202f\u202f<\/p>\n\n\n\n<p class=\"has-medium-font-size\">Zur Schonung der Umwelt bieten wir die Sicherheitstaschen auch aus recyceltem Material an.<\/p>\n\n\n\n<div style=\"height:50px\" aria-hidden=\"true\" class=\"wp-block-spacer\"><\/div>\n\n\n<div class=\"wp-bootstrap-blocks-container container-fluid mb-5 custom_container custom_container--big custom_container--banner\">\n\t\n<div class=\"wp-bootstrap-blocks-row row custom_row custom_row--center\">\n\t\n\n<div class=\"col-12 col-md-12 custom_slider custom-banner-img custom_slider__banner\">\n\t\t\t\n\n<figure class=\"wp-block-image size-large advgb-dyn-3978d469\"><img loading=\"lazy\" decoding=\"async\" width=\"1024\" height=\"277\" src=\"https:\/\/www.orfix.com\/wp-content\/uploads\/2020\/10\/bannerbilder_sectors_forwarders-logistics-2-1024x277.jpg\" alt=\"\" class=\"wp-image-5820\" srcset=\"https:\/\/www.orfix.com\/wp-content\/uploads\/2020\/10\/bannerbilder_sectors_forwarders-logistics-2-1024x277.jpg 1024w, https:\/\/www.orfix.com\/wp-content\/uploads\/2020\/10\/bannerbilder_sectors_forwarders-logistics-2-300x81.jpg 300w, https:\/\/www.orfix.com\/wp-content\/uploads\/2020\/10\/bannerbilder_sectors_forwarders-logistics-2-768x208.jpg 768w, https:\/\/www.orfix.com\/wp-content\/uploads\/2020\/10\/bannerbilder_sectors_forwarders-logistics-2-24x7.jpg 24w, https:\/\/www.orfix.com\/wp-content\/uploads\/2020\/10\/bannerbilder_sectors_forwarders-logistics-2-36x10.jpg 36w, https:\/\/www.orfix.com\/wp-content\/uploads\/2020\/10\/bannerbilder_sectors_forwarders-logistics-2-48x13.jpg 48w, https:\/\/www.orfix.com\/wp-content\/uploads\/2020\/10\/bannerbilder_sectors_forwarders-logistics-2.jpg 1366w\" sizes=\"auto, (max-width: 1024px) 100vw, 1024px\" \/><figcaption class=\"wp-element-caption\"><strong><strong>Sicher unterwegs.<\/strong><\/strong><\/figcaption><\/figure>\n\n\n\n\n\n\n<p><\/p>\n\n\t<\/div>\n\n<\/div>\n\n<\/div>\n\n\n<div class=\"wp-bootstrap-blocks-container container-fluid mb-5 custom_container custom_container--small\">\n\t\n<div class=\"wp-bootstrap-blocks-row row\">\n\t\n\n<div class=\"col-12\">\n\t\t\t\n<div class=\"wp-bootstrap-blocks-container container mb-2\">\n\t<\/div>\n\n\n<div class=\"wp-bootstrap-blocks-container container-fluid mb-5 custom_container custom_container--small\">\n\t\n<div class=\"wp-bootstrap-blocks-row row\">\n\t\n\n<div class=\"col-12 col-md-12\">\n\t\t\t\n\n<p><strong>Mit unseren orfix&nbsp;Sicherheitsplomben und Klebesiegel&nbsp;ist Ihre Ware sicher unterwegs!<\/strong><\/p>\n\n\t<\/div>\n\n<\/div>\n\n<\/div>\n\n\t<\/div>\n\n\n\n<div class=\"col-12 col-md-12\">\n\t\t\t\n\n<h2 class=\"wp-block-heading advgb-dyn-321b5216\">orfix Sicherheitssiegel<\/h2>\n\n\n\n<p>Unsere Sicherheitsplomben werden bei der Herstellung strengen Qualit\u00e4tstests unterworfen. Sie sind aus stabilem Kunststoff gefertigt und verf\u00fcgen \u00fcber deutlich sichtbare und gut lesbare Nummerierungen bzw. Barcodes. Die Plomben sind entsprechend ihrer Anwendung nach den erforderlichen Standards zertifiziert und bieten h\u00f6chste Sicherheit. orfix Sicherheitsplomben sind in verschiedenen Standardausf\u00fchrungen erh\u00e4ltlich, k\u00f6nnen auch&nbsp;nach Ihren individuellen Anspr\u00fcchen hergestellt&nbsp;werden.<\/p>\n\n\n\n<p>Wir f\u00fchren Plomben in verschiedenen Ausf\u00fchrungen:<\/p>\n\n\t<\/div>\n\n\n\n<div class=\"col-12 col-md-6\">\n\t\t\t\n\n<ul id=\"block-3b035f7e-320f-4805-a05e-30ed89eeb04c\" class=\"list--no-img-point wp-block-list\">\n<li>Durchziehplomben&nbsp;<\/li>\n\n\n\n<li>Containerplomben&nbsp;<\/li>\n\n\n\n<li>Kabelplomben&nbsp;<\/li>\n\n\n\n<li>Schlossplomben&nbsp;<\/li>\n\n\n\n<li>Steckplomben&nbsp;<\/li>\n\n\n\n<li>Z\u00e4hlerplomben&nbsp;<\/li>\n<\/ul>\n\n\t<\/div>\n\n\n\n<div class=\"col-12 col-md-6\">\n\t\t\t\n\n<figure class=\"wp-block-image size-large\"><a href=\"https:\/\/www.orfix.com\/en\/areas-of-excellence-products\/cash-packaging\/security-seals\/\"><img loading=\"lazy\" decoding=\"async\" width=\"365\" height=\"257\" src=\"https:\/\/www.orfix.com\/wp-content\/uploads\/2020\/09\/overviewblock_security_seals.jpg\" alt=\"\" class=\"wp-image-2139\" srcset=\"https:\/\/www.orfix.com\/wp-content\/uploads\/2020\/09\/overviewblock_security_seals.jpg 365w, https:\/\/www.orfix.com\/wp-content\/uploads\/2020\/09\/overviewblock_security_seals-300x211.jpg 300w, https:\/\/www.orfix.com\/wp-content\/uploads\/2020\/09\/overviewblock_security_seals-24x17.jpg 24w, https:\/\/www.orfix.com\/wp-content\/uploads\/2020\/09\/overviewblock_security_seals-36x25.jpg 36w, https:\/\/www.orfix.com\/wp-content\/uploads\/2020\/09\/overviewblock_security_seals-48x34.jpg 48w\" sizes=\"auto, (max-width: 365px) 100vw, 365px\" \/><\/a><\/figure>\n\n\t<\/div>\n\n<\/div>\n\n<\/div>\n\n\n<div class=\"wp-bootstrap-blocks-container container-fluid mb-5 custom_container custom_container--small\">\n\t\n<div class=\"wp-bootstrap-blocks-row row\">\n\t\n\n<div class=\"col-12\">\n\t\t\t\n\n<h2 class=\"wp-block-heading advgb-dyn-7c1081e1\">orfix Klebesiegel<\/h2>\n\n\t<\/div>\n\n\n\n<div class=\"col-12\">\n\t\t\t\n\n<p>Die&nbsp;orfix&nbsp;Standard&nbsp;Klebesiegel&nbsp;sind&nbsp;mit Barcode 39 oder GS1-128 (EAN-128) und fortlaufender Nummerierung ausgestattet.&nbsp;Sie k\u00f6nnen w\u00e4hlen zwischen deutlichen und wenig Kleber\u00fcckst\u00e4nden.&nbsp;Es k\u00f6nnen&nbsp;generell&nbsp;alle g\u00e4ngigen Barcodes erzeugt werden. Ein orfix Klebesiegel mit Schriftzug&nbsp;oder&nbsp;kundenindividueller Gestaltung und kundenspezifischem Barcode ist selbstverst\u00e4ndlich m\u00f6glich. Unsere Manipulationsanzeige ist der VOID-Effekt mit dem Schriftzug \u201eVOID OPENED\u201c.&nbsp;<\/p>\n\n\t<\/div>\n\n\n\n<div class=\"col-12\">\n\t\t\t\n<div class=\"wp-bootstrap-blocks-row row\">\n\t\n\n<div class=\"col-12 col-md-6\">\n\t\t\t\n\n<ul id=\"block-54dfac89-d72c-4a32-a07c-9f3cbd8f14ec\" class=\"list--no-img-point wp-block-list\">\n<li>Barcode 39&nbsp;<\/li>\n\n\n\n<li>Barcode GS-128 (EAN-128)<\/li>\n\n\n\n<li>Fortlaufende Nummerierung<\/li>\n\n\n\n<li>Deutliche Kleber\u00fcckst\u00e4nde<\/li>\n\n\n\n<li>Geringe Kleber\u00fcckst\u00e4nde<\/li>\n<\/ul>\n\n\t<\/div>\n\n\n\n<div class=\"col-12 col-md-6\">\n\t\t\t\n\n<figure class=\"wp-block-image size-large\"><a href=\"https:\/\/www.orfix.com\/en\/areas-of-excellence-products\/cash-packaging\/security-labels\/\"><img loading=\"lazy\" decoding=\"async\" width=\"365\" height=\"257\" src=\"https:\/\/www.orfix.com\/wp-content\/uploads\/2020\/09\/overviewblock_security_label.jpg\" alt=\"\" class=\"wp-image-2148\" srcset=\"https:\/\/www.orfix.com\/wp-content\/uploads\/2020\/09\/overviewblock_security_label.jpg 365w, https:\/\/www.orfix.com\/wp-content\/uploads\/2020\/09\/overviewblock_security_label-300x211.jpg 300w, https:\/\/www.orfix.com\/wp-content\/uploads\/2020\/09\/overviewblock_security_label-24x17.jpg 24w, https:\/\/www.orfix.com\/wp-content\/uploads\/2020\/09\/overviewblock_security_label-36x25.jpg 36w, https:\/\/www.orfix.com\/wp-content\/uploads\/2020\/09\/overviewblock_security_label-48x34.jpg 48w\" sizes=\"auto, (max-width: 365px) 100vw, 365px\" \/><\/a><\/figure>\n\n\t<\/div>\n\n<\/div>\n\n\t<\/div>\n\n<\/div>\n\n<\/div>\n\n\n<div class=\"wp-bootstrap-blocks-container container-fluid mb-5 custom_container custom_container--small\">\n\t\n<div class=\"wp-bootstrap-blocks-row row\">\n\t\n\n<div class=\"col-12 col-md-12\">\n\t\t\t\n\n<div class=\"wp-block-group advgb-dyn-f2a6aa86\"><div class=\"wp-block-group__inner-container is-layout-flow wp-block-group-is-layout-flow\">\n<h2 class=\"wp-block-heading advgb-dyn-c17c1d5a\" style=\"font-size:30px\">Passende Produkte<\/h2>\n<\/div><\/div>\n\n\t<\/div>\n\n\n\n<div class=\"col-12\">\n\t\t\t\n\n<ul class=\"list--no-img-point wp-block-list\">\n<li class=\"has-medium-font-size\"><a href=\"https:\/\/www.orfix.com\/de\/leistungsbereiche-produkte\/security-packaging\/automotiv-industrie-beutel\/\" class=\"ek-link\">Automotiv- \/ Industrie-Beutel &#8211; orfix<\/a><\/li>\n<\/ul>\n\n\n\n<p><\/p>\n\n\t<\/div>\n\n<\/div>\n\n<\/div>\n\n\n<div class=\"wp-bootstrap-blocks-container container-fluid mb-5 custom_container custom_container--middle\">\n\t\n<div class=\"wp-bootstrap-blocks-row row custom-row__cta-contact\">\n\t\n\n<div class=\"col-12 col-md-6\">\n\t\t\t\n\n<figure class=\"wp-block-image size-full advgb-dyn-c0ecbe96\"><img loading=\"lazy\" decoding=\"async\" width=\"471\" height=\"344\" src=\"https:\/\/www.orfix.com\/wp-content\/uploads\/2021\/08\/shutterstock_116283283_471x344px.jpg\" alt=\"Ihre Kontaktm\u00f6glichkeiten zu Wasserz\u00e4hler Plomben\" class=\"wp-image-14598\" srcset=\"https:\/\/www.orfix.com\/wp-content\/uploads\/2021\/08\/shutterstock_116283283_471x344px.jpg 471w, https:\/\/www.orfix.com\/wp-content\/uploads\/2021\/08\/shutterstock_116283283_471x344px-300x219.jpg 300w\" sizes=\"auto, (max-width: 471px) 100vw, 471px\" \/><figcaption class=\"wp-element-caption\">Kontakt<\/figcaption><\/figure>\n\n\t<\/div>\n\n\n\n<div class=\"col-12 col-md-6\">\n\t\t\t\n<div class=\"employeeblock\">\n    <figure class=\"employeeblock__item employeeblock__item--img\">\n        <img decoding=\"async\" src=\"\" alt=\"\" \/>\n    <\/figure>\n    <div class=\"employeeblock__item employeeblock__item--content\">\n        <h2 class=\"name\">Kundenberatung<\/h2>\n        <p class=\"position\">Deutschland, \u00d6sterreich &#038; Schweiz<\/p>\n        <p><a class=\"link link--has-icon link--has-icon--mail\" href=\"mailto:info@orfix.de\">info@orfix.de<\/a><\/p>\n        <p><a class=\"link link--has-icon link--has-icon--tel\" href=\"tel:+49417881840\">+49 4178 8184-0<\/a><\/p>\n    <\/div>\n<\/div>\n\n\t<\/div>\n\n<\/div>\n\n<\/div>\n\n\n<div class=\"wp-bootstrap-blocks-container container-fluid mb-5 custom_container custom_container--middle\">\n\t\n<div class=\"wp-bootstrap-blocks-row row\">\n\t\n\n<div class=\"col-12 col-md-12\">\n\t\t\t\n\n<h2 class=\"wp-block-heading has-text-color advgb-dyn-54f9f1f8\" style=\"color:#002855;font-size:30px\">orfix &#8211; Ihr Spezialist f\u00fcr die Herstellung von Papier und Kunststoff<\/h2>\n\n\t<\/div>\n\n\n\n<div class=\"col-12 col-md-6\">\n\t\t\t\n\n<p class=\"has-medium-font-size\">Wir entwickeln und produzieren mit modernsten Produktionsmethoden, immer mit Blick auf Ihre individuellen Anforderungen, aber auch auf die Umwelt! Wir leben Nachhaltigkeit aktiv, wir handeln ressourcenschonend und m\u00f6glichst CO2-neutral. Daf\u00fcr steht unser Umweltmanagement. Sie erhalten von uns konstante, erstklassige und zertifizierte Qualit\u00e4t, wir begeistern Sie mit Innovationen und exzellentem Kundenservice.<\/p>\n\n\t<\/div>\n\n\n\n<div class=\"col-12 col-md-6\">\n\t\t\t\n\n<ul class=\"wp-block-list\">\n<li class=\"has-medium-font-size\">Das orfix-Standardsortiment ist immer vorr\u00e4tig.<\/li>\n\n\n\n<li class=\"has-medium-font-size\">orfix bietet individuelle Lagerhaltung und Dienstleistungen f\u00fcr personalisierte Waren.<\/li>\n\n\n\n<li class=\"has-medium-font-size\">orfix ist in der Lage, kundenspezifische Artikel auch in kleinen Mengen zu produzieren.<\/li>\n\n\n\n<li class=\"has-medium-font-size\">orfix bietet kompetente und individuelle Beratung &#8211; per Kontaktformular, telefonisch oder auch vor Ort.<\/li>\n<\/ul>\n\n\t<\/div>\n\n<\/div>\n\n<\/div>\n\n\n\n<div style=\"height:20px\" aria-hidden=\"true\" class=\"wp-block-spacer\"><\/div>\n\n\n\n<figure class=\"wp-block-image size-full\"><img loading=\"lazy\" decoding=\"async\" width=\"2048\" height=\"600\" src=\"https:\/\/www.orfix.com\/wp-content\/uploads\/2024\/05\/orfix-Karte-2025-en.jpg\" alt=\"\" class=\"wp-image-32960\" srcset=\"https:\/\/www.orfix.com\/wp-content\/uploads\/2024\/05\/orfix-Karte-2025-en.jpg 2048w, https:\/\/www.orfix.com\/wp-content\/uploads\/2024\/05\/orfix-Karte-2025-en-768x225.jpg 768w, https:\/\/www.orfix.com\/wp-content\/uploads\/2024\/05\/orfix-Karte-2025-en-1536x450.jpg 1536w\" sizes=\"auto, (max-width: 2048px) 100vw, 2048px\" \/><\/figure>\n\n\n\n<p class=\"has-medium-font-size\">Gern beraten wir Sie individuell!<br><strong>Ihr kompetenter Partner mit einem umfassenden Sortiment f\u00fcr alle, die z\u00e4hlen, verpacken, transportieren oder lagern.<\/strong><\/p>\n\n\n\n<div style=\"height:20px\" aria-hidden=\"true\" class=\"wp-block-spacer\"><\/div>\n\n\n\n<div class=\"wp-block-buttons cta-banner-content__item is-layout-flex wp-block-buttons-is-layout-flex\">\n<div class=\"wp-block-button is-style-outline is-style-outline--1 advgb-dyn-2c6a785e\"><a class=\"wp-block-button__link has-text-color has-medium-font-size has-custom-font-size wp-element-button\" href=\"https:\/\/www.orfix.com\/de\/kontakt\/\" style=\"border-radius:1px;color:#ba0c2f\" target=\"_blank\" rel=\"noreferrer noopener\"><strong>Kontakt<\/strong><\/a><\/div>\n\n\n\n<div class=\"wp-block-button btn__bg--red advgb-dyn-48972139\"><a class=\"wp-block-button__link has-white-color has-text-color has-background has-medium-font-size has-custom-font-size wp-element-button\" href=\"https:\/\/www.orfix.com\/de\/leistungsbereiche-produkte\/\" style=\"border-radius:1px;background-color:#ba0c2f\" target=\"_blank\" rel=\"noreferrer noopener\"><strong>Produkte<\/strong><\/a><\/div>\n\n\n\n<div class=\"wp-block-button btn__bg--red advgb-dyn-9363d00e\"><a class=\"wp-block-button__link has-white-color has-text-color has-background has-medium-font-size has-custom-font-size wp-element-button\" href=\"https:\/\/shop.orfix.com\/\" style=\"border-radius:1px;background-color:#ba0c2f\" target=\"_blank\" rel=\"noreferrer noopener\"><strong>Onlineshop<\/strong><\/a><\/div>\n<\/div>\n\n\n\n<div style=\"height:20px\" aria-hidden=\"true\" class=\"wp-block-spacer\"><\/div>\n","protected":false},"excerpt":{"rendered":"<p>orfix ist Zulieferer f\u00fcr das produzierende Gewerbe Von der Aufbewahrung von Kleinteilen w\u00e4hrend der Produktion im Automotiv- und Industrie-Bereich bis hin zur gesch\u00fctzten Auslieferung von beiliegenden Gebrauchsanweisungen, Kleinteilen und Zubeh\u00f6r sowie von Dokumenten oder Schl\u00fcsseln &#8211; orfix hat den passenden Flachbeutel. Individuell in der Fertigung einsetzbar, wo es auf st\u00fcckgenaue Zuteilung ankommt. Unsere Industrie-Beutel bestehen<\/p>\n<p><a class=\"btn btn-secondary understrap-read-more-link\" href=\"https:\/\/www.orfix.com\/de\/branchen\/spedition-transportwesen\/\">Weiterlesen&#8230;<\/a><\/p>\n","protected":false},"author":1,"featured_media":0,"parent":220,"menu_order":7,"comment_status":"closed","ping_status":"closed","template":"","meta":{"_acf_changed":false,"om_disable_all_campaigns":false,"inline_featured_image":false,"advgb_blocks_editor_width":"","advgb_blocks_columns_visual_guide":"","_monsterinsights_skip_tracking":false,"_monsterinsights_sitenote_active":false,"_monsterinsights_sitenote_note":"","_monsterinsights_sitenote_category":0,"_uf_show_specific_survey":0,"_uf_disable_surveys":false,"footnotes":""},"class_list":["post-228","page","type-page","status-publish","hentry"],"acf":[],"aioseo_notices":[],"coauthors":[],"author_meta":{"author_link":"https:\/\/www.orfix.com\/de\/author\/nk24-admin\/","display_name":"nk24-admin"},"relative_dates":{"created":"Posted 6\u00a0Jahren ago","modified":"Updated 2\u00a0Jahren ago"},"absolute_dates":{"created":"Posted on 28. August 2020","modified":"Updated on 28. Mai 2024"},"absolute_dates_time":{"created":"Posted on 28. August 2020 16:48","modified":"Updated on 28. Mai 2024 18:08"},"featured_img_caption":"","featured_img":false,"series_order":"","_links":{"self":[{"href":"https:\/\/www.orfix.com\/de\/wp-json\/wp\/v2\/pages\/228","targetHints":{"allow":["GET"]}}],"collection":[{"href":"https:\/\/www.orfix.com\/de\/wp-json\/wp\/v2\/pages"}],"about":[{"href":"https:\/\/www.orfix.com\/de\/wp-json\/wp\/v2\/types\/page"}],"author":[{"embeddable":true,"href":"https:\/\/www.orfix.com\/de\/wp-json\/wp\/v2\/users\/1"}],"replies":[{"embeddable":true,"href":"https:\/\/www.orfix.com\/de\/wp-json\/wp\/v2\/comments?post=228"}],"version-history":[{"count":13,"href":"https:\/\/www.orfix.com\/de\/wp-json\/wp\/v2\/pages\/228\/revisions"}],"predecessor-version":[{"id":26363,"href":"https:\/\/www.orfix.com\/de\/wp-json\/wp\/v2\/pages\/228\/revisions\/26363"}],"up":[{"embeddable":true,"href":"https:\/\/www.orfix.com\/de\/wp-json\/wp\/v2\/pages\/220"}],"wp:attachment":[{"href":"https:\/\/www.orfix.com\/de\/wp-json\/wp\/v2\/media?parent=228"}],"curies":[{"name":"wp","href":"https:\/\/api.w.org\/{rel}","templated":true}]}}