{"id":212,"date":"2020-08-28T16:43:49","date_gmt":"2020-08-28T14:43:49","guid":{"rendered":"http:\/\/localhost:8888\/orfix\/?page_id=212"},"modified":"2026-01-20T14:53:42","modified_gmt":"2026-01-20T13:53:42","slug":"leistungsbereiche-produkte","status":"publish","type":"page","link":"https:\/\/www.orfix.com\/de\/leistungsbereiche-produkte\/","title":{"rendered":"Leistungsbereiche \/ Produkte"},"content":{"rendered":"<div class=\"wp-bootstrap-blocks-container container-fluid mb-5 custom_container custom_container--big custom_container--banner\">\n\t\n<div class=\"wp-bootstrap-blocks-row row custom_row custom_row--center\">\n\t\n\n<div class=\"col-12 col-md-12 custom_slider custom-banner-img custom_slider__banner\">\n\t\t\t\n\n<figure class=\"wp-block-image size-full desktop-banner\"><img loading=\"lazy\" decoding=\"async\" width=\"2048\" height=\"554\" src=\"https:\/\/www.orfix.com\/wp-content\/uploads\/2026\/01\/orfix_Header_Banner_Products_DE_1024x277-2048x554-1.jpg\" alt=\"\" class=\"wp-image-33032\" srcset=\"https:\/\/www.orfix.com\/wp-content\/uploads\/2026\/01\/orfix_Header_Banner_Products_DE_1024x277-2048x554-1.jpg 2048w, https:\/\/www.orfix.com\/wp-content\/uploads\/2026\/01\/orfix_Header_Banner_Products_DE_1024x277-2048x554-1-768x208.jpg 768w, https:\/\/www.orfix.com\/wp-content\/uploads\/2026\/01\/orfix_Header_Banner_Products_DE_1024x277-2048x554-1-1536x416.jpg 1536w\" sizes=\"auto, (max-width: 2048px) 100vw, 2048px\" \/><\/figure>\n\n\n\n\n\t<\/div>\n\n<\/div>\n\n\n<div class=\"wp-bootstrap-blocks-row row custom_row custom_row--center\">\n\t\n\n<div class=\"col-12 col-md-12 custom_slider custom-banner-img custom_slider__banner\">\n\t\t\t\n\n<figure class=\"wp-block-image size-full mobile-banner\"><img loading=\"lazy\" decoding=\"async\" width=\"1583\" height=\"1250\" src=\"https:\/\/www.orfix.com\/wp-content\/uploads\/2024\/05\/orfix_Mobile_Banner_Products_DE_760x650.jpg\" alt=\"orfix Sicherheitstaschen mit Etiketten, Siegeln und Banknoten f\u00fcr den Werttransport\" class=\"wp-image-22677\" srcset=\"https:\/\/www.orfix.com\/wp-content\/uploads\/2024\/05\/orfix_Mobile_Banner_Products_DE_760x650.jpg 1583w, https:\/\/www.orfix.com\/wp-content\/uploads\/2024\/05\/orfix_Mobile_Banner_Products_DE_760x650-768x606.jpg 768w, https:\/\/www.orfix.com\/wp-content\/uploads\/2024\/05\/orfix_Mobile_Banner_Products_DE_760x650-1536x1213.jpg 1536w\" sizes=\"auto, (max-width: 1583px) 100vw, 1583px\" \/><\/figure>\n\n\n\n\n\t<\/div>\n\n<\/div>\n\n<\/div>\n\n\n\n<div class=\"wp-block-columns is-layout-flex wp-container-core-columns-is-layout-9d6595d7 wp-block-columns-is-layout-flex\">\n<div class=\"wp-block-column is-layout-flow wp-block-column-is-layout-flow\">\n<h1 class=\"wp-block-heading has-text-color\" style=\"color:#002855;font-size:30px\">Leistungsbereiche \/ Produkte &#8211; optimale Performance and High Quality<\/h1>\n\n\n\n<p class=\"has-black-color has-text-color has-medium-font-size\">orfix steht f\u00fcr Know-how und langj\u00e4hriger Erfahrung in den Bereichen <a href=\"https:\/\/www.orfix.com\/en\/areas-of-excellence-products\/cash-packaging\/\" target=\"_blank\" rel=\"noreferrer noopener\">Cash Packaging<\/a>, <a href=\"https:\/\/www.orfix.com\/de\/leistungsbereiche-produkte\/security-packaging\/\" class=\"ek-link\">Security Packaging<\/a>, <a href=\"https:\/\/www.orfix.com\/de\/unternehmen\/industrie\/\" class=\"ek-link\">Industrial Packaging<\/a> und <a href=\"https:\/\/www.orfix.com\/de\/leistungsbereiche-produkte\/lebensmittelverpackung\/\" class=\"ek-link\">Food Packaging<\/a>. orfix Produkte bieten in der Praxis eine optimale Leistung und zeichnen sich durch eine hohe Qualit\u00e4t aus. Der Gro\u00dfteil unserer Produkte wird in unseren eigenen Anlagen entwickelt und hergestellt. Dies erm\u00f6glicht uns eine effiziente und kostensparende Implementierung individueller Produktanpassungen und eine schnelle Reaktion auf Kundenanfragen. orfix ist der solide Partner f\u00fcr alle Personen, die f\u00fcr Sicherheit und Schutz verantwortlich sind.<\/p>\n\n\n\n<div style=\"height:50px\" aria-hidden=\"true\" class=\"wp-block-spacer\"><\/div>\n\n\n\n<div class=\"wp-block-columns is-layout-flex wp-container-core-columns-is-layout-9d6595d7 wp-block-columns-is-layout-flex\">\n<div class=\"wp-block-column is-layout-flow wp-block-column-is-layout-flow\">\n<div class=\"wp-block-columns is-layout-flex wp-container-core-columns-is-layout-9d6595d7 wp-block-columns-is-layout-flex\">\n<div class=\"wp-block-column has-text-color is-layout-flow wp-block-column-is-layout-flow\" style=\"color:#002855\">\n  <a href=\"\/de\/leistungsbereiche-produkte\/cash-packaging\/\" class=\"newlink\">\n    <div class=\"over_view_block \">\n\n      \t<img decoding=\"async\" src=\"https:\/\/www.orfix.com\/wp-content\/uploads\/2024\/05\/orfix-startseite-teaser-cash-packaging.jpg\" alt=\"Endless roll of banknote bands and a bundle of cash secured with a banknote band\n\n\n\n\n\n\n\" class=\"over_view_block__item over_view_block__item--img\" \/>\n\n\t     <div class=\"over_view_block__item over_view_block__item--content\">\n\n          <h2>Cash Packaging<\/h2>\n          <p>Unsere hochwertigen Bargeld-Verpackungsprodukte bieten L\u00f6sungen, die f\u00fcr Ihren Gebrauch optimiert sind, alle internationalen Standards erf\u00fcllen und Zeit und Kosten sparen.<\/p>\n                    <span class=\"over_view_block__cta\"><img decoding=\"async\" src=\"\/wp-content\/uploads\/2020\/09\/orfix_icon_arrow.svg\" \/><\/span>\n           \u00a0 \u00a0 \u00a0 \u00a0<\/div>\n\n<\/div><\/a> <\/div>\n\n\n\n<div class=\"wp-block-column is-layout-flow wp-block-column-is-layout-flow\">\n  <a href=\"\/de\/leistungsbereiche-produkte\/security-packaging\/\" class=\"newlink\">\n    <div class=\"over_view_block \">\n\n      \t<img decoding=\"async\" src=\"https:\/\/www.orfix.com\/wp-content\/uploads\/2024\/05\/orfix-startseite-teaser-security-packaging.jpg\" alt=\"orfix tamper-evident safebags with security seals and security bands\" class=\"over_view_block__item over_view_block__item--img\" \/>\n\n\t     <div class=\"over_view_block__item over_view_block__item--content\">\n\n          <h2>Security Packaging<\/h2>\n          <p>orfix Security Packaging Produkte gew\u00e4hrleisten den sicheren Transport und die sichere Lagerung Ihrer Produkte in einer Vielzahl von Branchen wie Medizin, Lebensmittel, Landwirtschaft, Luftfahrt und Online-Handel.<\/p>\n                    <span class=\"over_view_block__cta\"><img decoding=\"async\" src=\"\/wp-content\/uploads\/2020\/09\/orfix_icon_arrow.svg\" \/><\/span>\n           \u00a0 \u00a0 \u00a0 \u00a0<\/div>\n\n<\/div><\/a> <\/div>\n<\/div>\n<\/div>\n\n\n\n<div class=\"wp-block-column is-layout-flow wp-block-column-is-layout-flow\">\n<div class=\"wp-block-columns is-layout-flex wp-container-core-columns-is-layout-9d6595d7 wp-block-columns-is-layout-flex\">\n<div class=\"wp-block-column is-layout-flow wp-block-column-is-layout-flow\">\n  <a href=\"\/de\/unternehmen\/industrie\/\" class=\"newlink\">\n    <div class=\"over_view_block \">\n\n      \t<img decoding=\"async\" src=\"https:\/\/www.orfix.com\/wp-content\/uploads\/2024\/05\/orfix-startseite-teaser-industrial-packaging.jpg\" alt=\"Film roll on a flexographic printing press for orfix industrial packaging solutions\" class=\"over_view_block__item over_view_block__item--img\" \/>\n\n\t     <div class=\"over_view_block__item over_view_block__item--content\">\n\n          <h2>Industrial Packaging<\/h2>\n          <p>orfix setzt Ma\u00dfst\u00e4be in puncto Qualit\u00e4t und Anwendbarkeit f\u00fcr manipulationssichere,\r\nnachhaltige (Link auf die Seite Nachhaltigkeit) und kundenindividuelle L\u00f6sungen f\u00fcr die\r\nBereiche Verpackung, Versand und Transport.<\/p>\n                    <span class=\"over_view_block__cta\"><img decoding=\"async\" src=\"\/wp-content\/uploads\/2020\/09\/orfix_icon_arrow.svg\" \/><\/span>\n           \u00a0 \u00a0 \u00a0 \u00a0<\/div>\n\n<\/div><\/a> <\/div>\n\n\n\n<div class=\"wp-block-column is-layout-flow wp-block-column-is-layout-flow\">\n  <a href=\"\/de\/leistungsbereiche-produkte\/lebensmittelverpackung\/\" class=\"newlink\">\n    <div class=\"over_view_block \">\n\n      \t<img decoding=\"async\" src=\"https:\/\/www.orfix.com\/wp-content\/uploads\/2026\/01\/orfix-startseite-teaser-food-packaging2.jpg\" alt=\"orfix-startseite-teaser-food-packaging2\" class=\"over_view_block__item over_view_block__item--img\" \/>\n\n\t     <div class=\"over_view_block__item over_view_block__item--content\">\n\n          <h2>Food Packaging<\/h2>\n          <p>Unsere Lebensmittelverpackungen und Maschinen bieten h\u00f6chste Qualit\u00e4t. Entdecken Sie innovative und nachhaltige L\u00f6sungen direkt von orfix.<\/p>\n                    <span class=\"over_view_block__cta\"><img decoding=\"async\" src=\"\/wp-content\/uploads\/2020\/09\/orfix_icon_arrow.svg\" \/><\/span>\n           \u00a0 \u00a0 \u00a0 \u00a0<\/div>\n\n<\/div><\/a> <\/div>\n<\/div>\n<\/div>\n<\/div>\n<\/div>\n<\/div>\n\n\n<div class=\"wp-bootstrap-blocks-container container-fluid mb-5 custom_container custom_container--middle\">\n\t\n<div class=\"wp-bootstrap-blocks-row row\">\n\t\n\n<div class=\"col-12 col-md-12\">\n\t\t\t\n\n<h2 class=\"wp-block-heading has-text-color advgb-dyn-54f9f1f8\" style=\"color:#002855;font-size:30px\">orfix &#8211; Ihr Spezialist f\u00fcr die Herstellung von Papier und Kunststoff<\/h2>\n\n\t<\/div>\n\n\n\n<div class=\"col-12 col-md-6\">\n\t\t\t\n\n<p class=\"has-medium-font-size\">Wir entwickeln und produzieren mit modernsten Produktionsmethoden, immer mit Blick auf Ihre individuellen Anforderungen, aber auch auf die Umwelt! Wir leben Nachhaltigkeit aktiv, wir handeln ressourcenschonend und m\u00f6glichst CO2-neutral. Daf\u00fcr steht unser Umweltmanagement. Sie erhalten von uns konstante, erstklassige und zertifizierte Qualit\u00e4t, wir begeistern Sie mit Innovationen und exzellentem Kundenservice.<\/p>\n\n\t<\/div>\n\n\n\n<div class=\"col-12 col-md-6\">\n\t\t\t\n\n<ul class=\"wp-block-list\">\n<li class=\"has-medium-font-size\">Das orfix-Standardsortiment ist immer vorr\u00e4tig.<\/li>\n\n\n\n<li class=\"has-medium-font-size\">orfix bietet individuelle Lagerhaltung und Dienstleistungen f\u00fcr personalisierte Waren.<\/li>\n\n\n\n<li class=\"has-medium-font-size\">orfix ist in der Lage, kundenspezifische Artikel auch in kleinen Mengen zu produzieren.<\/li>\n\n\n\n<li class=\"has-medium-font-size\">orfix bietet kompetente und individuelle Beratung &#8211; per Kontaktformular, telefonisch oder auch vor Ort.<\/li>\n<\/ul>\n\n\t<\/div>\n\n<\/div>\n\n<\/div>\n\n\n<div class=\"wp-bootstrap-blocks-container container-fluid mb-5 custom_container custom_container--middle\">\n\t\n<div class=\"wp-bootstrap-blocks-row row custom-row__cta-contact\">\n\t\n\n<div class=\"col-12 col-md-6\">\n\t\t\t\n\n<figure class=\"wp-block-image size-full advgb-dyn-c0ecbe96\"><img loading=\"lazy\" decoding=\"async\" width=\"471\" height=\"344\" src=\"https:\/\/www.orfix.com\/wp-content\/uploads\/2021\/08\/shutterstock_116283283_471x344px.jpg\" alt=\"Ihre Kontaktm\u00f6glichkeiten zu Wasserz\u00e4hler Plomben\" class=\"wp-image-14598\" srcset=\"https:\/\/www.orfix.com\/wp-content\/uploads\/2021\/08\/shutterstock_116283283_471x344px.jpg 471w, https:\/\/www.orfix.com\/wp-content\/uploads\/2021\/08\/shutterstock_116283283_471x344px-300x219.jpg 300w\" sizes=\"auto, (max-width: 471px) 100vw, 471px\" \/><figcaption class=\"wp-element-caption\">Kontakt<\/figcaption><\/figure>\n\n\t<\/div>\n\n\n\n<div class=\"col-12 col-md-6\">\n\t\t\t\n<div class=\"employeeblock\">\n    <figure class=\"employeeblock__item employeeblock__item--img\">\n        <img decoding=\"async\" src=\"\" alt=\"\" \/>\n    <\/figure>\n    <div class=\"employeeblock__item employeeblock__item--content\">\n        <h2 class=\"name\">Kundenberatung<\/h2>\n        <p class=\"position\">Deutschland, \u00d6sterreich &#038; Schweiz<\/p>\n        <p><a class=\"link link--has-icon link--has-icon--mail\" href=\"mailto:info@orfix.de\">info@orfix.de<\/a><\/p>\n        <p><a class=\"link link--has-icon link--has-icon--tel\" href=\"tel:+49417881840\">+49 4178 8184-0<\/a><\/p>\n    <\/div>\n<\/div>\n\n\t<\/div>\n\n<\/div>\n\n<\/div>\n\n\n\n<div style=\"height:20px\" aria-hidden=\"true\" class=\"wp-block-spacer\"><\/div>\n\n\n\n<figure class=\"wp-block-image size-full\"><img loading=\"lazy\" decoding=\"async\" width=\"2048\" height=\"600\" src=\"https:\/\/www.orfix.com\/wp-content\/uploads\/2024\/05\/orfix-Karte-2025-en.jpg\" alt=\"\" class=\"wp-image-32960\" srcset=\"https:\/\/www.orfix.com\/wp-content\/uploads\/2024\/05\/orfix-Karte-2025-en.jpg 2048w, https:\/\/www.orfix.com\/wp-content\/uploads\/2024\/05\/orfix-Karte-2025-en-768x225.jpg 768w, https:\/\/www.orfix.com\/wp-content\/uploads\/2024\/05\/orfix-Karte-2025-en-1536x450.jpg 1536w\" sizes=\"auto, (max-width: 2048px) 100vw, 2048px\" \/><\/figure>\n\n\n\n<p class=\"has-medium-font-size\">Gern beraten wir Sie individuell!<br><strong>Ihr kompetenter Partner mit einem umfassenden Sortiment f\u00fcr alle, die z\u00e4hlen, verpacken, transportieren oder lagern.<\/strong><\/p>\n\n\n\n<div style=\"height:20px\" aria-hidden=\"true\" class=\"wp-block-spacer\"><\/div>\n\n\n\n<div class=\"wp-block-buttons cta-banner-content__item is-layout-flex wp-block-buttons-is-layout-flex\">\n<div class=\"wp-block-button is-style-outline is-style-outline--1 advgb-dyn-2c6a785e\"><a class=\"wp-block-button__link has-text-color has-medium-font-size has-custom-font-size wp-element-button\" href=\"https:\/\/www.orfix.com\/de\/kontakt\/\" style=\"border-radius:1px;color:#ba0c2f\" target=\"_blank\" rel=\"noreferrer noopener\"><strong>Kontakt<\/strong><\/a><\/div>\n\n\n\n<div class=\"wp-block-button btn__bg--red advgb-dyn-48972139\"><a class=\"wp-block-button__link has-white-color has-text-color has-background has-medium-font-size has-custom-font-size wp-element-button\" href=\"https:\/\/www.orfix.com\/de\/leistungsbereiche-produkte\/\" style=\"border-radius:1px;background-color:#ba0c2f\" target=\"_blank\" rel=\"noreferrer noopener\"><strong>Produkte<\/strong><\/a><\/div>\n\n\n\n<div class=\"wp-block-button btn__bg--red advgb-dyn-9363d00e\"><a class=\"wp-block-button__link has-white-color has-text-color has-background has-medium-font-size has-custom-font-size wp-element-button\" href=\"https:\/\/shop.orfix.com\/\" style=\"border-radius:1px;background-color:#ba0c2f\" target=\"_blank\" rel=\"noreferrer noopener\"><strong>Onlineshop<\/strong><\/a><\/div>\n<\/div>\n\n\n\n<div style=\"height:20px\" aria-hidden=\"true\" class=\"wp-block-spacer\"><\/div>\n","protected":false},"excerpt":{"rendered":"<p>Leistungsbereiche \/ Produkte &#8211; optimale Performance and High Quality orfix steht f\u00fcr Know-how und langj\u00e4hriger Erfahrung in den Bereichen Cash Packaging, Security Packaging, Industrial Packaging und Food Packaging. orfix Produkte bieten in der Praxis eine optimale Leistung und zeichnen sich durch eine hohe Qualit\u00e4t aus. Der Gro\u00dfteil unserer Produkte wird in unseren eigenen Anlagen entwickelt<\/p>\n<p><a class=\"btn btn-secondary understrap-read-more-link\" href=\"https:\/\/www.orfix.com\/de\/leistungsbereiche-produkte\/\">Weiterlesen&#8230;<\/a><\/p>\n","protected":false},"author":1,"featured_media":0,"parent":0,"menu_order":0,"comment_status":"closed","ping_status":"closed","template":"","meta":{"_acf_changed":false,"om_disable_all_campaigns":false,"inline_featured_image":false,"advgb_blocks_editor_width":"","advgb_blocks_columns_visual_guide":"","_monsterinsights_skip_tracking":false,"_monsterinsights_sitenote_active":false,"_monsterinsights_sitenote_note":"","_monsterinsights_sitenote_category":0,"_uf_show_specific_survey":0,"_uf_disable_surveys":false,"footnotes":""},"class_list":["post-212","page","type-page","status-publish","hentry"],"acf":[],"aioseo_notices":[],"coauthors":[],"author_meta":{"author_link":"https:\/\/www.orfix.com\/de\/author\/nk24-admin\/","display_name":"nk24-admin"},"relative_dates":{"created":"Posted 6\u00a0Jahren ago","modified":"Updated 3\u00a0Monaten ago"},"absolute_dates":{"created":"Posted on 28. August 2020","modified":"Updated on 20. Januar 2026"},"absolute_dates_time":{"created":"Posted on 28. August 2020 16:43","modified":"Updated on 20. Januar 2026 14:53"},"featured_img_caption":"","featured_img":false,"series_order":"","_links":{"self":[{"href":"https:\/\/www.orfix.com\/de\/wp-json\/wp\/v2\/pages\/212","targetHints":{"allow":["GET"]}}],"collection":[{"href":"https:\/\/www.orfix.com\/de\/wp-json\/wp\/v2\/pages"}],"about":[{"href":"https:\/\/www.orfix.com\/de\/wp-json\/wp\/v2\/types\/page"}],"author":[{"embeddable":true,"href":"https:\/\/www.orfix.com\/de\/wp-json\/wp\/v2\/users\/1"}],"replies":[{"embeddable":true,"href":"https:\/\/www.orfix.com\/de\/wp-json\/wp\/v2\/comments?post=212"}],"version-history":[{"count":35,"href":"https:\/\/www.orfix.com\/de\/wp-json\/wp\/v2\/pages\/212\/revisions"}],"predecessor-version":[{"id":33038,"href":"https:\/\/www.orfix.com\/de\/wp-json\/wp\/v2\/pages\/212\/revisions\/33038"}],"wp:attachment":[{"href":"https:\/\/www.orfix.com\/de\/wp-json\/wp\/v2\/media?parent=212"}],"curies":[{"name":"wp","href":"https:\/\/api.w.org\/{rel}","templated":true}]}}