{"id":191,"date":"2020-08-28T16:41:34","date_gmt":"2020-08-28T14:41:34","guid":{"rendered":"http:\/\/localhost:8888\/orfix\/automotiv-industrie-beutel\/"},"modified":"2026-01-21T16:28:01","modified_gmt":"2026-01-21T15:28:01","slug":"automotiv-industrie-beutel","status":"publish","type":"page","link":"https:\/\/www.orfix.com\/de\/leistungsbereiche-produkte\/industrial-packaging\/automotiv-industrie-beutel\/","title":{"rendered":"Automotiv- \/ Industrie-Beutel"},"content":{"rendered":"<div class=\"wp-bootstrap-blocks-container container-fluid mb-5 custom_container custom_container--big custom_container--banner\">\n\t\n<div class=\"wp-bootstrap-blocks-row row custom_row custom_row--center\">\n\t\n\n<div class=\"col-12 col-md-12 custom_slider custom_slider__banner custom-banner-img\">\n\t\t\t\n\n<figure class=\"wp-block-image size-full desktop-banner\"><img loading=\"lazy\" decoding=\"async\" width=\"2048\" height=\"554\" src=\"https:\/\/www.orfix.com\/wp-content\/uploads\/2026\/01\/orfix_Header_Banner_IndustrialPackaging_automotive-and-industrial-bag_DE_1024x277-2048x554-1.jpg\" alt=\"\" class=\"wp-image-33204\" srcset=\"https:\/\/www.orfix.com\/wp-content\/uploads\/2026\/01\/orfix_Header_Banner_IndustrialPackaging_automotive-and-industrial-bag_DE_1024x277-2048x554-1.jpg 2048w, https:\/\/www.orfix.com\/wp-content\/uploads\/2026\/01\/orfix_Header_Banner_IndustrialPackaging_automotive-and-industrial-bag_DE_1024x277-2048x554-1-768x208.jpg 768w, https:\/\/www.orfix.com\/wp-content\/uploads\/2026\/01\/orfix_Header_Banner_IndustrialPackaging_automotive-and-industrial-bag_DE_1024x277-2048x554-1-1536x416.jpg 1536w\" sizes=\"auto, (max-width: 2048px) 100vw, 2048px\" \/><\/figure>\n\n\n\n\n\t<\/div>\n\n<\/div>\n\n\n<div class=\"wp-bootstrap-blocks-row row custom_row custom_row--center\">\n\t\n\n<div class=\"col-12 col-md-12 custom_slider custom_slider__banner custom-banner-img\">\n\t\t\t\n\n<figure class=\"wp-block-image size-full mobile-banner\"><img loading=\"lazy\" decoding=\"async\" width=\"2560\" height=\"2021\" src=\"https:\/\/www.orfix.com\/wp-content\/uploads\/2024\/05\/orfix_Mobile_Banner_IndustrialPackaging_automotive-and-industrial-bag_DE_760x650-scaled.jpg\" alt=\"Sicherheitsbeutel mit Kabel und Stecker f\u00fcr Automobilindustrie\" class=\"wp-image-26462\" srcset=\"https:\/\/www.orfix.com\/wp-content\/uploads\/2024\/05\/orfix_Mobile_Banner_IndustrialPackaging_automotive-and-industrial-bag_DE_760x650-scaled.jpg 2560w, https:\/\/www.orfix.com\/wp-content\/uploads\/2024\/05\/orfix_Mobile_Banner_IndustrialPackaging_automotive-and-industrial-bag_DE_760x650-768x606.jpg 768w, https:\/\/www.orfix.com\/wp-content\/uploads\/2024\/05\/orfix_Mobile_Banner_IndustrialPackaging_automotive-and-industrial-bag_DE_760x650-1536x1213.jpg 1536w, https:\/\/www.orfix.com\/wp-content\/uploads\/2024\/05\/orfix_Mobile_Banner_IndustrialPackaging_automotive-and-industrial-bag_DE_760x650-2048x1617.jpg 2048w\" sizes=\"auto, (max-width: 2560px) 100vw, 2560px\" \/><\/figure>\n\n\n\n\n\t<\/div>\n\n<\/div>\n\n<\/div>\n\n\n\n<h1 class=\"wp-block-heading has-text-color\" style=\"color:#002855;font-size:30px\">orfix Safebags &#8211; ideal f\u00fcr den Automobil- \/ Industriesektor<\/h1>\n\n\n\n<p class=\"has-medium-font-size\">Safebags bieten eine Vielzahl von Vorteilen f\u00fcr den Automobil- und Industriesektor, insbesondere <strong>in Bezug auf die Lagerung von Kleinteilen w\u00e4hrend der Produktion<\/strong>. <\/p>\n\n\n\n<p class=\"has-medium-font-size\">Safebags sind eine vielseitige und <strong>kosteneffiziente L\u00f6sung<\/strong> f\u00fcr die <strong>Lagerung<\/strong> und den <strong>Transport <\/strong>von <strong>Kleinteilen im Automobil- und Industriesektor<\/strong>. <\/p>\n\n\n\n<p class=\"has-medium-font-size\">Sie bieten <strong>Schutz vor Besch\u00e4digungen und Umwelteinfl\u00fcssen<\/strong>, verbessern die <strong>Organisation <\/strong>und <strong>Effizienz <\/strong>und sind an verschiedene Anforderungen anpassbar. Durch ihre breite Anwendbarkeit tragen sie wesentlich zur <strong>Optimierung der Produktionsprozesse<\/strong> bei.<\/p>\n\n\n\n<p class=\"has-medium-font-size\">orfix Safebags werden <strong>in unseren eigenen europ\u00e4ischen Produktionsst\u00e4tten<\/strong> aus <strong>rei\u00dffester LDPE-Folie<\/strong> <strong>hergestellt <\/strong>und sind in transparenter oder opaker Ausf\u00fchrung in <strong>verschiedenen Qualit\u00e4ten erh\u00e4ltlich<\/strong>: <strong>konventionell (neu), recycelt oder aus Blauer-Engel-Folie.<\/strong><\/p>\n\n\n\n<div style=\"height:50px\" aria-hidden=\"true\" class=\"wp-block-spacer\"><\/div>\n\n\n\n<h3 class=\"wp-block-heading\" style=\"font-size:30px\">M\u00f6glichkeiten und Anwendungsbeispiele:<\/h3>\n\n\n\n<div class=\"wp-block-columns is-layout-flex wp-container-core-columns-is-layout-9d6595d7 wp-block-columns-is-layout-flex\">\n<div class=\"wp-block-column is-layout-flow wp-block-column-is-layout-flow\">\n<figure class=\"wp-block-image size-full\"><img loading=\"lazy\" decoding=\"async\" width=\"1772\" height=\"1181\" src=\"https:\/\/www.orfix.com\/wp-content\/uploads\/2024\/07\/Safebag-mit-Kleinteilen-15-x-10-1.jpg\" alt=\"\" class=\"wp-image-29168\" style=\"object-fit:cover\" srcset=\"https:\/\/www.orfix.com\/wp-content\/uploads\/2024\/07\/Safebag-mit-Kleinteilen-15-x-10-1.jpg 1772w, https:\/\/www.orfix.com\/wp-content\/uploads\/2024\/07\/Safebag-mit-Kleinteilen-15-x-10-1-768x512.jpg 768w, https:\/\/www.orfix.com\/wp-content\/uploads\/2024\/07\/Safebag-mit-Kleinteilen-15-x-10-1-1536x1024.jpg 1536w\" sizes=\"auto, (max-width: 1772px) 100vw, 1772px\" \/><\/figure>\n<\/div>\n\n\n\n<div class=\"wp-block-column is-layout-flow wp-block-column-is-layout-flow\">\n<figure class=\"wp-block-image size-full\"><img loading=\"lazy\" decoding=\"async\" width=\"1772\" height=\"1181\" src=\"https:\/\/www.orfix.com\/wp-content\/uploads\/2024\/07\/Safebag-mit-Handy-1.jpg\" alt=\"\" class=\"wp-image-29129\" srcset=\"https:\/\/www.orfix.com\/wp-content\/uploads\/2024\/07\/Safebag-mit-Handy-1.jpg 1772w, https:\/\/www.orfix.com\/wp-content\/uploads\/2024\/07\/Safebag-mit-Handy-1-768x512.jpg 768w, https:\/\/www.orfix.com\/wp-content\/uploads\/2024\/07\/Safebag-mit-Handy-1-1536x1024.jpg 1536w\" sizes=\"auto, (max-width: 1772px) 100vw, 1772px\" \/><\/figure>\n<\/div>\n<\/div>\n\n\n\n<div class=\"wp-block-columns is-layout-flex wp-container-core-columns-is-layout-9d6595d7 wp-block-columns-is-layout-flex\">\n<div class=\"wp-block-column is-layout-flow wp-block-column-is-layout-flow\">\n<p style=\"font-size:30px\"><strong>Lagerung und Transport von Schrauben, Muttern und Bolzen:<\/strong><\/p>\n\n\n\n<p class=\"has-medium-font-size\">Sie eignen sich hervorragend f\u00fcr die <strong>Lagerung und den Transport von Schrauben, Muttern und Bolzen<\/strong>, die in der Automobilindustrie und im Maschinenbau in gro\u00dfen Mengen ben\u00f6tigt werden. So sind diese Kleinteile sicher und organisiert aufbewahrt und k\u00f6nnen leicht transportiert werden.<br><\/p>\n\n\n\n<p style=\"font-size:30px\"><strong>Verpackung von Elektronikkomponenten<\/strong>:<\/p>\n\n\n\n<p class=\"has-medium-font-size\">Unsere orfix Safebags sind auch geeignet um<strong> empfindliche elektronische Bauteile<\/strong> zu transportieren lagern.<br><\/p>\n\n\n\n<p style=\"font-size:30px\"><strong>Bereitstellung von Montagesets<\/strong>:<\/p>\n\n\n\n<p class=\"has-medium-font-size\">In der Produktion k\u00f6nnen alle ben\u00f6tigten Kleinteile f\u00fcr eine spezifische Baugruppe in einem einzigen Safebag zusammengefasst und an die Montagelinie geliefert werden.<br><\/p>\n<\/div>\n\n\n\n<div class=\"wp-block-column is-layout-flow wp-block-column-is-layout-flow\">\n<p style=\"font-size:30px\"><strong>Sortierung und Lagerung von Ersatzteilen<\/strong>:<\/p>\n\n\n\n<p class=\"has-medium-font-size\">Safebags k\u00f6nnen zur sortierten Lagerung von Ersatzteilen verwendet werden, um einen schnellen und einfachen Zugriff im Service- und Reparaturbereich zu gew\u00e4hrleisten.<br><\/p>\n\n\n\n<p style=\"font-size:30px\"><strong>Verwendung in automatisierten Lagersystemen<\/strong>:<\/p>\n\n\n\n<p class=\"has-medium-font-size\">Safebags sind ideal f\u00fcr den Einsatz in automatisierten Lagersystemen und -robotern, die pr\u00e4zise Handhabung und Lagerung kleiner Teile erfordern.<\/p>\n<\/div>\n<\/div>\n\n\n\n<div class=\"wp-block-columns is-layout-flex wp-container-core-columns-is-layout-9d6595d7 wp-block-columns-is-layout-flex\">\n<div class=\"wp-block-column is-layout-flow wp-block-column-is-layout-flow\">\n<figure class=\"wp-block-image size-full\"><img loading=\"lazy\" decoding=\"async\" width=\"1772\" height=\"1181\" src=\"https:\/\/www.orfix.com\/wp-content\/uploads\/2024\/07\/Safebag-mit-Aufladekabel-Auto-15-x-10.jpg\" alt=\"\" class=\"wp-image-29145\" srcset=\"https:\/\/www.orfix.com\/wp-content\/uploads\/2024\/07\/Safebag-mit-Aufladekabel-Auto-15-x-10.jpg 1772w, https:\/\/www.orfix.com\/wp-content\/uploads\/2024\/07\/Safebag-mit-Aufladekabel-Auto-15-x-10-768x512.jpg 768w, https:\/\/www.orfix.com\/wp-content\/uploads\/2024\/07\/Safebag-mit-Aufladekabel-Auto-15-x-10-1536x1024.jpg 1536w\" sizes=\"auto, (max-width: 1772px) 100vw, 1772px\" \/><\/figure>\n<\/div>\n\n\n\n<div class=\"wp-block-column is-layout-flow wp-block-column-is-layout-flow\">\n<figure class=\"wp-block-image size-full\"><img loading=\"lazy\" decoding=\"async\" width=\"1772\" height=\"1181\" src=\"https:\/\/www.orfix.com\/wp-content\/uploads\/2024\/07\/Safebag-mit-Labtop-15-x-10.jpg\" alt=\"\" class=\"wp-image-29151\" srcset=\"https:\/\/www.orfix.com\/wp-content\/uploads\/2024\/07\/Safebag-mit-Labtop-15-x-10.jpg 1772w, https:\/\/www.orfix.com\/wp-content\/uploads\/2024\/07\/Safebag-mit-Labtop-15-x-10-768x512.jpg 768w, https:\/\/www.orfix.com\/wp-content\/uploads\/2024\/07\/Safebag-mit-Labtop-15-x-10-1536x1024.jpg 1536w\" sizes=\"auto, (max-width: 1772px) 100vw, 1772px\" \/><\/figure>\n<\/div>\n<\/div>\n\n\n\n<div style=\"height:50px\" aria-hidden=\"true\" class=\"wp-block-spacer\"><\/div>\n\n\n<div class=\"wp-bootstrap-blocks-container container-fluid mb-5 custom_container custom_container--middle\">\n\t\n<div class=\"wp-bootstrap-blocks-row row\">\n\t\n\n<div class=\"col-12 col-md-8\">\n\t\t\t\n\n<h2 class=\"wp-block-heading\" style=\"font-size:30px\">Vorteile:<\/h2>\n\n\t<\/div>\n\n\n\n<div class=\"col-12 col-md-4\">\n\t\t\t\t<\/div>\n\n<\/div>\n\n\n<div class=\"wp-bootstrap-blocks-row row\">\n\t\n\n<div class=\"col-12 col-md-4\">\n\t\t\t\n\n<ul class=\"wp-block-list\">\n<li class=\"has-medium-font-size\">Aufbewahrung von Kleinteilen w\u00e4hrend der Produktion<\/li>\n\n\n\n<li class=\"has-medium-font-size\">manipulationssicher<\/li>\n\n\n\n<li class=\"has-medium-font-size\">rei\u00dffest<\/li>\n\n\n\n<li class=\"has-medium-font-size\">einfach beschreibbar<br><\/li>\n<\/ul>\n\n\t<\/div>\n\n\n\n<div class=\"col-12 col-md-5\">\n\t\t\t\n\n<ul class=\"wp-block-list\">\n<li class=\"has-medium-font-size\">orfix Sicherheitsverschluss<\/li>\n\n\n\n<li class=\"has-medium-font-size\">Individuelle Bedruckung auf Anfrage<\/li>\n\n\n\n<li class=\"has-medium-font-size\">Verschiedene Gr\u00f6\u00dfen &amp; Folienst\u00e4rken auf Anfrage<\/li>\n\n\n\n<li class=\"has-medium-font-size\">Auch in Recylingfolie erh\u00e4ltlich &#8211; zum Schutz der Umwelt<\/li>\n<\/ul>\n\n\t<\/div>\n\n\n\n<div class=\"col-12 col-md-4\">\n\t\t\t\t<\/div>\n\n<\/div>\n\n<\/div>\n\n\n\n<div style=\"height:50px\" aria-hidden=\"true\" class=\"wp-block-spacer\"><\/div>\n\n\n<div class=\"wp-bootstrap-blocks-container container-fluid mb-5 custom_container custom_container--middle\">\n\t\n<div class=\"wp-bootstrap-blocks-row row custom-row__cta-contact\">\n\t\n\n<div class=\"col-12 col-md-6\">\n\t\t\t\n\n<figure class=\"wp-block-image size-full advgb-dyn-c0ecbe96\"><img loading=\"lazy\" decoding=\"async\" width=\"471\" height=\"344\" src=\"https:\/\/www.orfix.com\/wp-content\/uploads\/2021\/08\/shutterstock_116283283_471x344px.jpg\" alt=\"Ihre Kontaktm\u00f6glichkeiten zu Wasserz\u00e4hler Plomben\" class=\"wp-image-14598\" srcset=\"https:\/\/www.orfix.com\/wp-content\/uploads\/2021\/08\/shutterstock_116283283_471x344px.jpg 471w, https:\/\/www.orfix.com\/wp-content\/uploads\/2021\/08\/shutterstock_116283283_471x344px-300x219.jpg 300w\" sizes=\"auto, (max-width: 471px) 100vw, 471px\" \/><figcaption class=\"wp-element-caption\">Kontakt<\/figcaption><\/figure>\n\n\t<\/div>\n\n\n\n<div class=\"col-12 col-md-6\">\n\t\t\t\n<div class=\"employeeblock\">\n    <figure class=\"employeeblock__item employeeblock__item--img\">\n        <img decoding=\"async\" src=\"\" alt=\"\" \/>\n    <\/figure>\n    <div class=\"employeeblock__item employeeblock__item--content\">\n        <h2 class=\"name\">Kundenberatung<\/h2>\n        <p class=\"position\">Deutschland, \u00d6sterreich &#038; Schweiz<\/p>\n        <p><a class=\"link link--has-icon link--has-icon--mail\" href=\"mailto:info@orfix.de\">info@orfix.de<\/a><\/p>\n        <p><a class=\"link link--has-icon link--has-icon--tel\" href=\"tel:+49417881840\">+49 4178 8184-0<\/a><\/p>\n    <\/div>\n<\/div>\n\n\t<\/div>\n\n<\/div>\n\n<\/div>\n\n\n<div class=\"wp-bootstrap-blocks-container container-fluid mb-5 custom_container custom_container--middle\">\n\t\n<div class=\"wp-bootstrap-blocks-row row\">\n\t\n\n<div class=\"col-12 col-md-12\">\n\t\t\t\n\n<h2 class=\"wp-block-heading\" style=\"font-size:30px\">orfix &#8211; Ihr Spezialist f\u00fcr Safebags<\/h2>\n\n\t<\/div>\n\n\n\n<div class=\"col-12 col-md-6\">\n\t\t\t\n\n<p class=\"has-medium-font-size\">Alle unsere Produkte werden nach modernsten Methoden und Umweltstandards hergestellt. Eine hohe Arbeitnehmerzufriedenheit garantiert gemeinsam mit einem detaillierten QM Prozess beste Qualit\u00e4t und Zuverl\u00e4ssigkeit. Regelm\u00e4\u00dfig lassen wir uns nach ISO 9001 &amp; 14001 zertifizieren, um unsere eigenen Standards unabh\u00e4ngig best\u00e4tigt zu wissen. <\/p>\n\n\t<\/div>\n\n\n\n<div class=\"col-12 col-md-6\">\n\t\t\t\n\n<ul class=\"wp-block-list\">\n<li class=\"has-medium-font-size\">Das orfix-Standard-Sortiment ist immer vorr\u00e4tig und schnell lieferbar, da wir als Hersteller auf keine Zwischenh\u00e4ndler angewiesen sind.<\/li>\n\n\n\n<li class=\"has-medium-font-size\">F\u00fcr personalisierte Ware bietet orfix individuelle Lagerhaltung und Serviceleistungen an. Sprechen Sie uns f\u00fcr weitere Informationen gerne an &#8211; wir beraten sie ohne Verkaufsdruck.<\/li>\n\n\n\n<li class=\"has-medium-font-size\">orfix produziert auch individualisierte Kleinmengen.<\/li>\n\n\n\n<li class=\"has-medium-font-size\">orfix bietet kompetente und individuelle Beratung  &#8211; \u00fcber das <a href=\"\/de\/kontakt\/\">Kontaktformular<\/a>, telefonisch oder auch vor Ort.<\/li>\n<\/ul>\n\n\t<\/div>\n\n<\/div>\n\n<\/div>\n\n\n\n<div style=\"height:20px\" aria-hidden=\"true\" class=\"wp-block-spacer\"><\/div>\n\n\n\n<figure class=\"wp-block-image size-full\"><img loading=\"lazy\" decoding=\"async\" width=\"2048\" height=\"600\" src=\"https:\/\/www.orfix.com\/wp-content\/uploads\/2024\/05\/orfix-Karte-2025-en.jpg\" alt=\"\" class=\"wp-image-32960\" srcset=\"https:\/\/www.orfix.com\/wp-content\/uploads\/2024\/05\/orfix-Karte-2025-en.jpg 2048w, https:\/\/www.orfix.com\/wp-content\/uploads\/2024\/05\/orfix-Karte-2025-en-768x225.jpg 768w, https:\/\/www.orfix.com\/wp-content\/uploads\/2024\/05\/orfix-Karte-2025-en-1536x450.jpg 1536w\" sizes=\"auto, (max-width: 2048px) 100vw, 2048px\" \/><\/figure>\n\n\n\n<p class=\"has-medium-font-size\">Gern beraten wir Sie individuell!<br><strong>Ihr kompetenter Partner mit einem umfassenden Sortiment f\u00fcr alle, die z\u00e4hlen, verpacken, transportieren oder lagern.<\/strong><\/p>\n\n\n\n<div style=\"height:20px\" aria-hidden=\"true\" class=\"wp-block-spacer\"><\/div>\n\n\n\n<div class=\"wp-block-buttons cta-banner-content__item is-layout-flex wp-block-buttons-is-layout-flex\">\n<div class=\"wp-block-button is-style-outline is-style-outline--1 advgb-dyn-2c6a785e\"><a class=\"wp-block-button__link has-text-color has-medium-font-size has-custom-font-size wp-element-button\" href=\"https:\/\/www.orfix.com\/de\/kontakt\/\" style=\"border-radius:1px;color:#ba0c2f\" target=\"_blank\" rel=\"noreferrer noopener\"><strong>Kontakt<\/strong><\/a><\/div>\n\n\n\n<div class=\"wp-block-button btn__bg--red advgb-dyn-48972139\"><a class=\"wp-block-button__link has-white-color has-text-color has-background has-medium-font-size has-custom-font-size wp-element-button\" href=\"https:\/\/www.orfix.com\/de\/leistungsbereiche-produkte\/\" style=\"border-radius:1px;background-color:#ba0c2f\" target=\"_blank\" rel=\"noreferrer noopener\"><strong>Produkte<\/strong><\/a><\/div>\n\n\n\n<div class=\"wp-block-button btn__bg--red advgb-dyn-9363d00e\"><a class=\"wp-block-button__link has-white-color has-text-color has-background has-medium-font-size has-custom-font-size wp-element-button\" href=\"https:\/\/shop.orfix.com\/\" style=\"border-radius:1px;background-color:#ba0c2f\" target=\"_blank\" rel=\"noreferrer noopener\"><strong>Onlineshop<\/strong><\/a><\/div>\n<\/div>\n\n\n\n<div style=\"height:20px\" aria-hidden=\"true\" class=\"wp-block-spacer\"><\/div>\n","protected":false},"excerpt":{"rendered":"<p>orfix Safebags &#8211; ideal f\u00fcr den Automobil- \/ Industriesektor Safebags bieten eine Vielzahl von Vorteilen f\u00fcr den Automobil- und Industriesektor, insbesondere in Bezug auf die Lagerung von Kleinteilen w\u00e4hrend der Produktion. Safebags sind eine vielseitige und kosteneffiziente L\u00f6sung f\u00fcr die Lagerung und den Transport von Kleinteilen im Automobil- und Industriesektor. Sie bieten Schutz vor Besch\u00e4digungen<\/p>\n<p><a class=\"btn btn-secondary understrap-read-more-link\" href=\"https:\/\/www.orfix.com\/de\/leistungsbereiche-produkte\/industrial-packaging\/automotiv-industrie-beutel\/\">Weiterlesen&#8230;<\/a><\/p>\n","protected":false},"author":1,"featured_media":0,"parent":16940,"menu_order":7,"comment_status":"closed","ping_status":"closed","template":"","meta":{"_acf_changed":false,"om_disable_all_campaigns":false,"inline_featured_image":false,"advgb_blocks_editor_width":"","advgb_blocks_columns_visual_guide":"","_monsterinsights_skip_tracking":false,"_monsterinsights_sitenote_active":false,"_monsterinsights_sitenote_note":"","_monsterinsights_sitenote_category":0,"_uf_show_specific_survey":0,"_uf_disable_surveys":false,"footnotes":""},"class_list":["post-191","page","type-page","status-publish","hentry"],"acf":[],"aioseo_notices":[],"coauthors":[],"author_meta":{"author_link":"https:\/\/www.orfix.com\/de\/author\/nk24-admin\/","display_name":"nk24-admin"},"relative_dates":{"created":"Posted 6\u00a0Jahren ago","modified":"Updated 2\u00a0Monaten ago"},"absolute_dates":{"created":"Posted on 28. August 2020","modified":"Updated on 21. Januar 2026"},"absolute_dates_time":{"created":"Posted on 28. August 2020 16:41","modified":"Updated on 21. Januar 2026 16:28"},"featured_img_caption":"","featured_img":false,"series_order":"","_links":{"self":[{"href":"https:\/\/www.orfix.com\/de\/wp-json\/wp\/v2\/pages\/191","targetHints":{"allow":["GET"]}}],"collection":[{"href":"https:\/\/www.orfix.com\/de\/wp-json\/wp\/v2\/pages"}],"about":[{"href":"https:\/\/www.orfix.com\/de\/wp-json\/wp\/v2\/types\/page"}],"author":[{"embeddable":true,"href":"https:\/\/www.orfix.com\/de\/wp-json\/wp\/v2\/users\/1"}],"replies":[{"embeddable":true,"href":"https:\/\/www.orfix.com\/de\/wp-json\/wp\/v2\/comments?post=191"}],"version-history":[{"count":44,"href":"https:\/\/www.orfix.com\/de\/wp-json\/wp\/v2\/pages\/191\/revisions"}],"predecessor-version":[{"id":33210,"href":"https:\/\/www.orfix.com\/de\/wp-json\/wp\/v2\/pages\/191\/revisions\/33210"}],"up":[{"embeddable":true,"href":"https:\/\/www.orfix.com\/de\/wp-json\/wp\/v2\/pages\/16940"}],"wp:attachment":[{"href":"https:\/\/www.orfix.com\/de\/wp-json\/wp\/v2\/media?parent=191"}],"curies":[{"name":"wp","href":"https:\/\/api.w.org\/{rel}","templated":true}]}}