{"id":17005,"date":"2023-04-25T14:18:44","date_gmt":"2023-04-25T12:18:44","guid":{"rendered":"https:\/\/www.orfix.com\/?page_id=17005"},"modified":"2026-01-21T16:27:16","modified_gmt":"2026-01-21T15:27:16","slug":"sicherheitstaschen","status":"publish","type":"page","link":"https:\/\/www.orfix.com\/de\/leistungsbereiche-produkte\/industrial-packaging\/sicherheitstaschen\/","title":{"rendered":"Sicherheitstaschen"},"content":{"rendered":"<div class=\"wp-bootstrap-blocks-container container-fluid mb-5 custom_container custom_container--big custom_container--banner\">\n\t\n<div class=\"wp-bootstrap-blocks-row row custom_row custom_row--center\">\n\t\n\n<div class=\"col-12 col-md-12 custom_slider custom_slider__banner custom-banner-img\">\n\t\t\t\n\n<figure class=\"wp-block-image size-full desktop-banner\"><img loading=\"lazy\" decoding=\"async\" width=\"2048\" height=\"554\" src=\"https:\/\/www.orfix.com\/wp-content\/uploads\/2026\/01\/orfix_Header_Banner_industrial_packaging_safebags_DE_1024x277-2048x554-1.jpg\" alt=\"\" class=\"wp-image-33197\" srcset=\"https:\/\/www.orfix.com\/wp-content\/uploads\/2026\/01\/orfix_Header_Banner_industrial_packaging_safebags_DE_1024x277-2048x554-1.jpg 2048w, https:\/\/www.orfix.com\/wp-content\/uploads\/2026\/01\/orfix_Header_Banner_industrial_packaging_safebags_DE_1024x277-2048x554-1-768x208.jpg 768w, https:\/\/www.orfix.com\/wp-content\/uploads\/2026\/01\/orfix_Header_Banner_industrial_packaging_safebags_DE_1024x277-2048x554-1-1536x416.jpg 1536w\" sizes=\"auto, (max-width: 2048px) 100vw, 2048px\" \/><\/figure>\n\n\n\n\n\t<\/div>\n\n<\/div>\n\n\n<div class=\"wp-bootstrap-blocks-row row custom_row custom_row--center\">\n\t\n\n<div class=\"col-12 col-md-12 custom_slider custom_slider__banner custom-banner-img\">\n\t\t\t\n\n<figure class=\"wp-block-image size-full mobile-banner\"><img loading=\"lazy\" decoding=\"async\" width=\"2560\" height=\"2021\" src=\"https:\/\/www.orfix.com\/wp-content\/uploads\/2024\/05\/orfix_Mobile_Banner-Industrial_Packaging_safebags_DE_760x650-scaled.jpg\" alt=\"orfix Sicherheitstaschen zur sicheren Aufbewahrung von Dokumenten und Wertsachen\" class=\"wp-image-26535\" srcset=\"https:\/\/www.orfix.com\/wp-content\/uploads\/2024\/05\/orfix_Mobile_Banner-Industrial_Packaging_safebags_DE_760x650-scaled.jpg 2560w, https:\/\/www.orfix.com\/wp-content\/uploads\/2024\/05\/orfix_Mobile_Banner-Industrial_Packaging_safebags_DE_760x650-768x606.jpg 768w, https:\/\/www.orfix.com\/wp-content\/uploads\/2024\/05\/orfix_Mobile_Banner-Industrial_Packaging_safebags_DE_760x650-1536x1213.jpg 1536w, https:\/\/www.orfix.com\/wp-content\/uploads\/2024\/05\/orfix_Mobile_Banner-Industrial_Packaging_safebags_DE_760x650-2048x1617.jpg 2048w\" sizes=\"auto, (max-width: 2560px) 100vw, 2560px\" \/><\/figure>\n\n\n\n\n\t<\/div>\n\n<\/div>\n\n<\/div>\n\n\n<div class=\"wp-bootstrap-blocks-container container-fluid mb-5 custom_container custom_container--big custom_container--banner\">\n\t<\/div>\n\n\n\n<h1 class=\"wp-block-heading has-text-color\" style=\"color:#002855;font-size:30px\">Sicherheitstaschen<\/h1>\n\n\n\n<p class=\"has-medium-font-size\">orfix Sicherheitstaschen bestehen aus rei\u00dffester Folie und verf\u00fcgen \u00fcber manipulationssichere orfix Sicherheitsverschl\u00fcsse, die unbefugtes \u00d6ffnen der Taschen sofort anzeigen. orfix Sicherheitstaschen k\u00f6nnen einfach beschriftet oder mit Etiketten beklebt werden und sind in verschiedenen Gr\u00f6\u00dfen, St\u00e4rken und Ausf\u00fchrungen, auf Wunsch auch mit personalisiertem Aufdruck, erh\u00e4ltlich. Sonderw\u00fcnsche, wie vom Standard abweichende Abmessungen k\u00f6nnen wir Ihnen auch erm\u00f6glichen.<\/p>\n\n\n\n<p class=\"has-medium-font-size\">Wir entwickeln und produzieren unsere Sicherheitstaschen nach modernsten Produktionsmethoden. Im Zuge unserer <a href=\"https:\/\/www.orfix.com\/de\/unternehmen\/green-label\/\" class=\"ek-link\">GREEN LABEL-Serie<\/a> werden sie zur Schonung der Umwelt weitestgehend st\u00e4rkenreduziert produziert, ohne dabei ihre Leistungsf\u00e4higkeit zu beeintr\u00e4chtigen. Das Material unserer <a href=\"https:\/\/www.orfix.com\/de\/unternehmen\/industrie\/versandtaschen-aus-folie\/\" class=\"ek-link\">Versandtaschen<\/a> besteht auf Wunsch aus bis zu 100 % recyceltem LDPE.<\/p>\n\n\n\n<p class=\"has-medium-font-size\">Unsere Sicherheitstaschen sind auf verschiedene Anwendungen und Branchen abgestimmt:<\/p>\n\n\n\n<p class=\"has-medium-font-size\"><strong>Versandtaschen f\u00fcr den Handel und E-Commerce<\/strong> sind f\u00fcr den Versand bruchunempfindlicher Artikel, wie z.B. Textilien, Prospekte oder Dokumente geeignet. Sie sind blickdicht und wasserundurchl\u00e4ssig.<\/p>\n\n\n\n<p class=\"has-medium-font-size\"><strong>Sicherheitstaschen f\u00fcr die Medizin<\/strong><em> <\/em><strong>und Laborproben<\/strong> sind f\u00fcr die krankenhaus- \/ laborinterne Bef\u00f6rderung medizinischer oder labortechnischer Proben geeignet und ideal als Sekund\u00e4rverpackung einsetzbar. Sie sind transparent oder blickdicht und wasserundurchl\u00e4ssig.<\/p>\n\n\n\n<p class=\"has-medium-font-size\"><strong>Beutel f\u00fcr R\u00fcckstellmuster und Proben<\/strong> sind f\u00fcr die manipulationssichere Lagerung von R\u00fcckstellmustern und Proben aus der Agrarwirtschaft, Tierfutter- und der Lebensmittelindustrie geeignet. Sie sind mit einem Barcode, fortlaufender Nummerierung und einem Quittungsabschnitt ausgestattet.<\/p>\n\n\n\n<div style=\"height:50px\" aria-hidden=\"true\" class=\"wp-block-spacer\"><\/div>\n\n\n<div class=\"wp-bootstrap-blocks-container container-fluid mb-5 custom_container custom_container--middle\">\n\t\n<div class=\"wp-bootstrap-blocks-row row\">\n\t\n\n<div class=\"col-12\">\n\t\t\t\n<div class=\"wp-bootstrap-blocks-container container mb-0\">\n\t\n<div class=\"wp-bootstrap-blocks-row row row--applications\">\n\t\n\n<div class=\"col-12 col-md-6 col--big\">\n\t\t\t\n\n<h2 class=\"wp-block-heading\" style=\"font-size:30px\">Anwendungen<\/h2>\n\n\n<div class=\"wp-bootstrap-blocks-row row\">\n\t\n\n<div class=\"col-12 col-md-9\">\n\t\t\t\n\n<ul class=\"wp-block-list\">\n<li class=\"has-medium-font-size\">Geldbearbeitung<\/li>\n\n\n\n<li class=\"has-medium-font-size\">Transportwesen<\/li>\n\n\n\n<li class=\"has-medium-font-size\">Handel<\/li>\n\n\n\n<li class=\"has-medium-font-size\">Post \/ Kurierdienste<\/li>\n\n\n\n<li class=\"has-medium-font-size\">Luftfahrt<\/li>\n\n\n\n<li class=\"has-medium-font-size\">Medizinische Versorgung<\/li>\n\n\n\n<li class=\"has-medium-font-size\">Lebensmittelbereich \/ R\u00fcckstellmuster<\/li>\n<\/ul>\n\n\t<\/div>\n\n<\/div>\n\n\n\n<p><\/p>\n\n\t<\/div>\n\n\n\n<div class=\"col-12 col-md-6 col--small\">\n\t\t\t\n<div class=\"wp-bootstrap-blocks-row row\">\n\t\n\n<div class=\"col-12\">\n\t\t\t\n\n<h2 class=\"wp-block-heading\">orfix Qualit\u00e4t<\/h2>\n\n\t<\/div>\n\n\n\n<div class=\"col-12\">\n\t\t\t\n\n<p class=\"has-medium-font-size\">orfix Safebags unterliegen strengen Qualit\u00e4tstest w\u00e4hrend der Herstellung.<\/p>\n\n\t<\/div>\n\n\n\n<div class=\"col-12\">\n\t\t\t\n\n<p class=\"has-medium-font-size\">Alle orfix Sicherheitstaschen entsprechen den Anforderungen der Deutschen Bundesbank.<\/p>\n\n\t<\/div>\n\n\n\n<div class=\"col-12\">\n\t\t\t\n\n<p class=\"has-medium-font-size\">Verf\u00fcgbar in Standard-, Recycling- und Blauer Engel &#8211; Material.<\/p>\n\n\t<\/div>\n\n\n\n<div class=\"col-6 col-seals-row\">\n\t\t\t\n\n<figure class=\"wp-block-image size-large\"><img loading=\"lazy\" decoding=\"async\" width=\"84\" height=\"84\" src=\"https:\/\/www.orfix.com\/wp-content\/uploads\/2020\/09\/blue-angle_logo.svg\" alt=\"G\u00fctesiegel f\u00fcr Safebags\" class=\"wp-image-523\"\/><\/figure>\n\n\n\n<figure class=\"wp-block-image size-large\"><a href=\"https:\/\/www.orfix.com\/de\/unternehmen\/green-label\/\"><img loading=\"lazy\" decoding=\"async\" width=\"71\" height=\"91\" src=\"https:\/\/www.orfix.com\/wp-content\/uploads\/2020\/09\/greenlabel_logo.svg\" alt=\"Green Lable f\u00fcr Safebags\" class=\"wp-image-521\"\/><\/a><\/figure>\n\n\t<\/div>\n\n<\/div>\n\n\n<div class=\"wp-bootstrap-blocks-row row\">\n\t\n\n<div class=\"col-12\">\n\t\t\t\t<\/div>\n\n<\/div>\n\n\t<\/div>\n\n<\/div>\n\n<\/div>\n\n\n\n<p><\/p>\n\n\t<\/div>\n\n<\/div>\n\n<\/div>\n\n\n<div class=\"wp-bootstrap-blocks-container container-fluid mb-5 custom_container custom_container--middle\">\n\t\n<div class=\"wp-bootstrap-blocks-row row custom-row__cta-contact\">\n\t\n\n<div class=\"col-12 col-md-6\">\n\t\t\t\n\n<figure class=\"wp-block-image size-full advgb-dyn-c0ecbe96\"><img loading=\"lazy\" decoding=\"async\" width=\"471\" height=\"344\" src=\"https:\/\/www.orfix.com\/wp-content\/uploads\/2021\/08\/shutterstock_116283283_471x344px.jpg\" alt=\"Ihre Kontaktm\u00f6glichkeiten zu Wasserz\u00e4hler Plomben\" class=\"wp-image-14598\" srcset=\"https:\/\/www.orfix.com\/wp-content\/uploads\/2021\/08\/shutterstock_116283283_471x344px.jpg 471w, https:\/\/www.orfix.com\/wp-content\/uploads\/2021\/08\/shutterstock_116283283_471x344px-300x219.jpg 300w\" sizes=\"auto, (max-width: 471px) 100vw, 471px\" \/><figcaption class=\"wp-element-caption\">Kontakt<\/figcaption><\/figure>\n\n\t<\/div>\n\n\n\n<div class=\"col-12 col-md-6\">\n\t\t\t\n<div class=\"employeeblock\">\n    <figure class=\"employeeblock__item employeeblock__item--img\">\n        <img decoding=\"async\" src=\"\" alt=\"\" \/>\n    <\/figure>\n    <div class=\"employeeblock__item employeeblock__item--content\">\n        <h2 class=\"name\">Kundenberatung<\/h2>\n        <p class=\"position\">Deutschland, \u00d6sterreich &#038; Schweiz<\/p>\n        <p><a class=\"link link--has-icon link--has-icon--mail\" href=\"mailto:info@orfix.de\">info@orfix.de<\/a><\/p>\n        <p><a class=\"link link--has-icon link--has-icon--tel\" href=\"tel:+49417881840\">+49 4178 8184-0<\/a><\/p>\n    <\/div>\n<\/div>\n\n\t<\/div>\n\n<\/div>\n\n<\/div>\n\n\n\n<div style=\"height:20px\" aria-hidden=\"true\" class=\"wp-block-spacer\"><\/div>\n\n\n\n<figure class=\"wp-block-image size-full\"><img loading=\"lazy\" decoding=\"async\" width=\"2048\" height=\"600\" src=\"https:\/\/www.orfix.com\/wp-content\/uploads\/2024\/05\/orfix-Karte-2025-en.jpg\" alt=\"\" class=\"wp-image-32960\" srcset=\"https:\/\/www.orfix.com\/wp-content\/uploads\/2024\/05\/orfix-Karte-2025-en.jpg 2048w, https:\/\/www.orfix.com\/wp-content\/uploads\/2024\/05\/orfix-Karte-2025-en-768x225.jpg 768w, https:\/\/www.orfix.com\/wp-content\/uploads\/2024\/05\/orfix-Karte-2025-en-1536x450.jpg 1536w\" sizes=\"auto, (max-width: 2048px) 100vw, 2048px\" \/><\/figure>\n\n\n\n<p class=\"has-medium-font-size\">Gern beraten wir Sie individuell!<br><strong>Ihr kompetenter Partner mit einem umfassenden Sortiment f\u00fcr alle, die z\u00e4hlen, verpacken, transportieren oder lagern.<\/strong><\/p>\n\n\n\n<div style=\"height:20px\" aria-hidden=\"true\" class=\"wp-block-spacer\"><\/div>\n\n\n\n<div class=\"wp-block-buttons cta-banner-content__item is-layout-flex wp-block-buttons-is-layout-flex\">\n<div class=\"wp-block-button is-style-outline is-style-outline--1 advgb-dyn-2c6a785e\"><a class=\"wp-block-button__link has-text-color has-medium-font-size has-custom-font-size wp-element-button\" href=\"https:\/\/www.orfix.com\/de\/kontakt\/\" style=\"border-radius:1px;color:#ba0c2f\" target=\"_blank\" rel=\"noreferrer noopener\"><strong>Kontakt<\/strong><\/a><\/div>\n\n\n\n<div class=\"wp-block-button btn__bg--red advgb-dyn-48972139\"><a class=\"wp-block-button__link has-white-color has-text-color has-background has-medium-font-size has-custom-font-size wp-element-button\" href=\"https:\/\/www.orfix.com\/de\/leistungsbereiche-produkte\/\" style=\"border-radius:1px;background-color:#ba0c2f\" target=\"_blank\" rel=\"noreferrer noopener\"><strong>Produkte<\/strong><\/a><\/div>\n\n\n\n<div class=\"wp-block-button btn__bg--red advgb-dyn-9363d00e\"><a class=\"wp-block-button__link has-white-color has-text-color has-background has-medium-font-size has-custom-font-size wp-element-button\" href=\"https:\/\/shop.orfix.com\/\" style=\"border-radius:1px;background-color:#ba0c2f\" target=\"_blank\" rel=\"noreferrer noopener\"><strong>Onlineshop<\/strong><\/a><\/div>\n<\/div>\n\n\n\n<div style=\"height:20px\" aria-hidden=\"true\" class=\"wp-block-spacer\"><\/div>\n","protected":false},"excerpt":{"rendered":"<p>Sicherheitstaschen orfix Sicherheitstaschen bestehen aus rei\u00dffester Folie und verf\u00fcgen \u00fcber manipulationssichere orfix Sicherheitsverschl\u00fcsse, die unbefugtes \u00d6ffnen der Taschen sofort anzeigen. orfix Sicherheitstaschen k\u00f6nnen einfach beschriftet oder mit Etiketten beklebt werden und sind in verschiedenen Gr\u00f6\u00dfen, St\u00e4rken und Ausf\u00fchrungen, auf Wunsch auch mit personalisiertem Aufdruck, erh\u00e4ltlich. Sonderw\u00fcnsche, wie vom Standard abweichende Abmessungen k\u00f6nnen wir Ihnen auch<\/p>\n<p><a class=\"btn btn-secondary understrap-read-more-link\" href=\"https:\/\/www.orfix.com\/de\/leistungsbereiche-produkte\/industrial-packaging\/sicherheitstaschen\/\">Weiterlesen&#8230;<\/a><\/p>\n","protected":false},"author":24,"featured_media":0,"parent":16940,"menu_order":3,"comment_status":"closed","ping_status":"closed","template":"","meta":{"_acf_changed":false,"om_disable_all_campaigns":false,"inline_featured_image":false,"advgb_blocks_editor_width":"","advgb_blocks_columns_visual_guide":"","_monsterinsights_skip_tracking":false,"_monsterinsights_sitenote_active":false,"_monsterinsights_sitenote_note":"","_monsterinsights_sitenote_category":0,"_uf_show_specific_survey":0,"_uf_disable_surveys":false,"footnotes":""},"class_list":["post-17005","page","type-page","status-publish","hentry"],"acf":[],"aioseo_notices":[],"coauthors":[],"author_meta":{"author_link":"https:\/\/www.orfix.com\/de\/author\/blammert-englisch\/","display_name":"Bettina Lammert"},"relative_dates":{"created":"Posted 3\u00a0Jahren ago","modified":"Updated 3\u00a0Monaten ago"},"absolute_dates":{"created":"Posted on 25. April 2023","modified":"Updated on 21. Januar 2026"},"absolute_dates_time":{"created":"Posted on 25. April 2023 14:18","modified":"Updated on 21. Januar 2026 16:27"},"featured_img_caption":"","featured_img":false,"series_order":"","_links":{"self":[{"href":"https:\/\/www.orfix.com\/de\/wp-json\/wp\/v2\/pages\/17005","targetHints":{"allow":["GET"]}}],"collection":[{"href":"https:\/\/www.orfix.com\/de\/wp-json\/wp\/v2\/pages"}],"about":[{"href":"https:\/\/www.orfix.com\/de\/wp-json\/wp\/v2\/types\/page"}],"author":[{"embeddable":true,"href":"https:\/\/www.orfix.com\/de\/wp-json\/wp\/v2\/users\/24"}],"replies":[{"embeddable":true,"href":"https:\/\/www.orfix.com\/de\/wp-json\/wp\/v2\/comments?post=17005"}],"version-history":[{"count":18,"href":"https:\/\/www.orfix.com\/de\/wp-json\/wp\/v2\/pages\/17005\/revisions"}],"predecessor-version":[{"id":33203,"href":"https:\/\/www.orfix.com\/de\/wp-json\/wp\/v2\/pages\/17005\/revisions\/33203"}],"up":[{"embeddable":true,"href":"https:\/\/www.orfix.com\/de\/wp-json\/wp\/v2\/pages\/16940"}],"wp:attachment":[{"href":"https:\/\/www.orfix.com\/de\/wp-json\/wp\/v2\/media?parent=17005"}],"curies":[{"name":"wp","href":"https:\/\/api.w.org\/{rel}","templated":true}]}}