{"id":16976,"date":"2023-04-25T14:05:39","date_gmt":"2023-04-25T12:05:39","guid":{"rendered":"https:\/\/www.orfix.com\/?page_id=16976"},"modified":"2025-11-18T16:02:22","modified_gmt":"2025-11-18T15:02:22","slug":"plomben-und-siegel","status":"publish","type":"page","link":"https:\/\/www.orfix.com\/de\/leistungsbereiche-produkte\/industrial-packaging\/plomben-und-siegel\/","title":{"rendered":"Plomben und Klebesiegel"},"content":{"rendered":"<div class=\"wp-bootstrap-blocks-container container-fluid mb-5 custom_container custom_container--big custom_container--banner\">\n\t\n<div class=\"wp-bootstrap-blocks-row row custom_row custom_row--center\">\n\t\n\n<div class=\"col-12 col-md-12 custom_slider custom_slider__banner custom-banner-img\">\n\t\t\t\n\n<figure class=\"wp-block-image size-full advgb-dyn-699230e0\"><img loading=\"lazy\" decoding=\"async\" width=\"1024\" height=\"277\" src=\"https:\/\/www.orfix.com\/wp-content\/uploads\/2023\/04\/Industrial-Packaging-Titelbild-Banderolieren-3.jpg\" alt=\"\" class=\"wp-image-16996\" srcset=\"https:\/\/www.orfix.com\/wp-content\/uploads\/2023\/04\/Industrial-Packaging-Titelbild-Banderolieren-3.jpg 1024w, https:\/\/www.orfix.com\/wp-content\/uploads\/2023\/04\/Industrial-Packaging-Titelbild-Banderolieren-3-300x81.jpg 300w, https:\/\/www.orfix.com\/wp-content\/uploads\/2023\/04\/Industrial-Packaging-Titelbild-Banderolieren-3-768x208.jpg 768w\" sizes=\"auto, (max-width: 1024px) 100vw, 1024px\" \/><figcaption class=\"wp-element-caption\">Markierungen zum Schutz vor illegaler Produkt-Manipulation<\/figcaption><\/figure>\n\n\n\n\n\t<\/div>\n\n<\/div>\n\n<\/div>\n\n\n<div class=\"wp-bootstrap-blocks-container container-fluid mb-5 custom_container custom_container--small\">\n\t\n<div class=\"wp-bootstrap-blocks-row row\">\n\t\n\n<div class=\"col-12 col-md-12\">\n\t\t\t\n\n<p>orfix bietet f\u00fcr unterschiedliche Anwendungen im Bereich Logistik, Industrie, Energie- und<br>Wasserversorgung oder f\u00fcr die Warensicherung ein umfangreiches Sortiment an Plomben<br>und Klebesiegeln an.<\/p>\n\n\n\n<p><strong>orfix-Klebsiegel<\/strong><\/p>\n\n\n\n<p>Die orfix-Klebesiegel sind Sicherheitsetiketten, die eine unerw\u00fcnschte Manipulation von<br>au\u00dfen eindeutig anzeigen. Sie sind standardm\u00e4\u00dfig mit Barcode 39 oder GS1-128 (EAN-128) und<br>fortlaufender Nummerierung ausgestattet. Dar\u00fcber hinaus bedrucken wir die Siegel auf<br>Wunsch auch gern kundenindividuell mit eigener Farbgestaltung, eigenem Schriftzug oder<br>vorgegebenem Barcode.<\/p>\n\n\n\n<p><strong>orfix-Sicherheitsplomben<\/strong><\/p>\n\n\n\n<p>F\u00fcr die unterschiedlichen Anwendungen bietet orfix die jeweils passenden<br>Sicherheitsplomben an. Alle Plomben sind in verschiedenen Ausf\u00fchrungen und Materialien<br>erh\u00e4ltlich. Sie k\u00f6nnen mit fortlaufenden Seriennummern, mit verschiedenen Barcodetypen und<br>in verschiedenen Farben geliefert werden. In individualisierter Ausf\u00fchrung kann orfix Ihnen<br>Ihre Plomben mit Ihrem Firmenlogo und -namen sowie mit einem Beschriftungsfeld liefern.<\/p>\n\n\t<\/div>\n\n<\/div>\n\n<\/div>\n\n\n<div class=\"wp-bootstrap-blocks-container container-fluid mb-5 custom_container custom_container--middle\">\n\t\n<div class=\"wp-bootstrap-blocks-row row custom-row__cta-contact\">\n\t\n\n<div class=\"col-12 col-md-6\">\n\t\t\t\n\n<figure class=\"wp-block-image size-full advgb-dyn-c0ecbe96\"><img loading=\"lazy\" decoding=\"async\" width=\"471\" height=\"344\" src=\"https:\/\/www.orfix.com\/wp-content\/uploads\/2021\/08\/shutterstock_116283283_471x344px.jpg\" alt=\"Ihre Kontaktm\u00f6glichkeiten zu Wasserz\u00e4hler Plomben\" class=\"wp-image-14598\" srcset=\"https:\/\/www.orfix.com\/wp-content\/uploads\/2021\/08\/shutterstock_116283283_471x344px.jpg 471w, https:\/\/www.orfix.com\/wp-content\/uploads\/2021\/08\/shutterstock_116283283_471x344px-300x219.jpg 300w\" sizes=\"auto, (max-width: 471px) 100vw, 471px\" \/><figcaption class=\"wp-element-caption\">Kontakt<\/figcaption><\/figure>\n\n\t<\/div>\n\n\n\n<div class=\"col-12 col-md-6\">\n\t\t\t\n<div class=\"employeeblock\">\n    <figure class=\"employeeblock__item employeeblock__item--img\">\n        <img decoding=\"async\" src=\"\" alt=\"\" \/>\n    <\/figure>\n    <div class=\"employeeblock__item employeeblock__item--content\">\n        <h2 class=\"name\">Kundenberatung<\/h2>\n        <p class=\"position\">Deutschland, \u00d6sterreich &#038; Schweiz<\/p>\n        <p><a class=\"link link--has-icon link--has-icon--mail\" href=\"mailto:info@orfix.de\">info@orfix.de<\/a><\/p>\n        <p><a class=\"link link--has-icon link--has-icon--tel\" href=\"tel:+49417881840\">+49 4178 8184-0<\/a><\/p>\n    <\/div>\n<\/div>\n\n\t<\/div>\n\n<\/div>\n\n<\/div>\n\n\n\n<div style=\"height:20px\" aria-hidden=\"true\" class=\"wp-block-spacer\"><\/div>\n\n\n\n<figure class=\"wp-block-image size-full\"><img loading=\"lazy\" decoding=\"async\" width=\"2048\" height=\"600\" src=\"https:\/\/www.orfix.com\/wp-content\/uploads\/2024\/05\/orfix-Karte-2025-en.jpg\" alt=\"\" class=\"wp-image-32960\" srcset=\"https:\/\/www.orfix.com\/wp-content\/uploads\/2024\/05\/orfix-Karte-2025-en.jpg 2048w, https:\/\/www.orfix.com\/wp-content\/uploads\/2024\/05\/orfix-Karte-2025-en-768x225.jpg 768w, https:\/\/www.orfix.com\/wp-content\/uploads\/2024\/05\/orfix-Karte-2025-en-1536x450.jpg 1536w\" sizes=\"auto, (max-width: 2048px) 100vw, 2048px\" \/><\/figure>\n\n\n\n<p class=\"has-medium-font-size\">Gern beraten wir Sie individuell!<br><strong>Ihr kompetenter Partner mit einem umfassenden Sortiment f\u00fcr alle, die z\u00e4hlen, verpacken, transportieren oder lagern.<\/strong><\/p>\n\n\n\n<div style=\"height:20px\" aria-hidden=\"true\" class=\"wp-block-spacer\"><\/div>\n\n\n\n<div class=\"wp-block-buttons cta-banner-content__item is-layout-flex wp-block-buttons-is-layout-flex\">\n<div class=\"wp-block-button is-style-outline is-style-outline--1 advgb-dyn-2c6a785e\"><a class=\"wp-block-button__link has-text-color has-medium-font-size has-custom-font-size wp-element-button\" href=\"https:\/\/www.orfix.com\/de\/kontakt\/\" style=\"border-radius:1px;color:#ba0c2f\" target=\"_blank\" rel=\"noreferrer noopener\"><strong>Kontakt<\/strong><\/a><\/div>\n\n\n\n<div class=\"wp-block-button btn__bg--red advgb-dyn-48972139\"><a class=\"wp-block-button__link has-white-color has-text-color has-background has-medium-font-size has-custom-font-size wp-element-button\" href=\"https:\/\/www.orfix.com\/de\/leistungsbereiche-produkte\/\" style=\"border-radius:1px;background-color:#ba0c2f\" target=\"_blank\" rel=\"noreferrer noopener\"><strong>Produkte<\/strong><\/a><\/div>\n\n\n\n<div class=\"wp-block-button btn__bg--red advgb-dyn-9363d00e\"><a class=\"wp-block-button__link has-white-color has-text-color has-background has-medium-font-size has-custom-font-size wp-element-button\" href=\"https:\/\/shop.orfix.com\/\" style=\"border-radius:1px;background-color:#ba0c2f\" target=\"_blank\" rel=\"noreferrer noopener\"><strong>Onlineshop<\/strong><\/a><\/div>\n<\/div>\n\n\n\n<div style=\"height:20px\" aria-hidden=\"true\" class=\"wp-block-spacer\"><\/div>\n","protected":false},"excerpt":{"rendered":"<p><a class=\"btn btn-secondary understrap-read-more-link\" href=\"https:\/\/www.orfix.com\/de\/leistungsbereiche-produkte\/industrial-packaging\/plomben-und-siegel\/\">Weiterlesen&#8230;<\/a><\/p>\n","protected":false},"author":24,"featured_media":0,"parent":16940,"menu_order":3,"comment_status":"closed","ping_status":"closed","template":"","meta":{"_acf_changed":false,"om_disable_all_campaigns":false,"inline_featured_image":false,"advgb_blocks_editor_width":"","advgb_blocks_columns_visual_guide":"","_monsterinsights_skip_tracking":false,"_monsterinsights_sitenote_active":false,"_monsterinsights_sitenote_note":"","_monsterinsights_sitenote_category":0,"_uf_show_specific_survey":0,"_uf_disable_surveys":false,"footnotes":""},"class_list":["post-16976","page","type-page","status-publish","hentry"],"acf":[],"aioseo_notices":[],"coauthors":[],"author_meta":{"author_link":"https:\/\/www.orfix.com\/de\/author\/blammert-englisch\/","display_name":"Bettina Lammert"},"relative_dates":{"created":"Posted 3\u00a0Jahren ago","modified":"Updated 5\u00a0Monaten ago"},"absolute_dates":{"created":"Posted on 25. April 2023","modified":"Updated on 18. November 2025"},"absolute_dates_time":{"created":"Posted on 25. April 2023 14:05","modified":"Updated on 18. November 2025 16:02"},"featured_img_caption":"","featured_img":false,"series_order":"","_links":{"self":[{"href":"https:\/\/www.orfix.com\/de\/wp-json\/wp\/v2\/pages\/16976","targetHints":{"allow":["GET"]}}],"collection":[{"href":"https:\/\/www.orfix.com\/de\/wp-json\/wp\/v2\/pages"}],"about":[{"href":"https:\/\/www.orfix.com\/de\/wp-json\/wp\/v2\/types\/page"}],"author":[{"embeddable":true,"href":"https:\/\/www.orfix.com\/de\/wp-json\/wp\/v2\/users\/24"}],"replies":[{"embeddable":true,"href":"https:\/\/www.orfix.com\/de\/wp-json\/wp\/v2\/comments?post=16976"}],"version-history":[{"count":6,"href":"https:\/\/www.orfix.com\/de\/wp-json\/wp\/v2\/pages\/16976\/revisions"}],"predecessor-version":[{"id":17272,"href":"https:\/\/www.orfix.com\/de\/wp-json\/wp\/v2\/pages\/16976\/revisions\/17272"}],"up":[{"embeddable":true,"href":"https:\/\/www.orfix.com\/de\/wp-json\/wp\/v2\/pages\/16940"}],"wp:attachment":[{"href":"https:\/\/www.orfix.com\/de\/wp-json\/wp\/v2\/media?parent=16976"}],"curies":[{"name":"wp","href":"https:\/\/api.w.org\/{rel}","templated":true}]}}