{"id":16821,"date":"2023-04-24T16:03:35","date_gmt":"2023-04-24T14:03:35","guid":{"rendered":"https:\/\/www.orfix.com\/?page_id=16821"},"modified":"2026-01-20T12:19:43","modified_gmt":"2026-01-20T11:19:43","slug":"nachhaltigkeit","status":"publish","type":"page","link":"https:\/\/www.orfix.com\/de\/unternehmen\/nachhaltigkeit\/","title":{"rendered":"Nachhaltigkeit"},"content":{"rendered":"<div class=\"wp-bootstrap-blocks-container container-fluid mb-5 custom_container custom_container--big custom_container--banner\">\n\t\n<div class=\"wp-bootstrap-blocks-row row custom_row custom_row--center\">\n\t\n\n<div class=\"col-12 col-md-12 custom_slider custom_slider__banner custom-banner-img\">\n\t\t\t\n\n<figure class=\"wp-block-image size-full desktop-banner\"><img loading=\"lazy\" decoding=\"async\" width=\"2048\" height=\"554\" src=\"https:\/\/www.orfix.com\/wp-content\/uploads\/2026\/01\/orfix_Header_Banner_SDGS_DE_1024x277-1-2048x554-1.jpg\" alt=\"\" class=\"wp-image-33004\" srcset=\"https:\/\/www.orfix.com\/wp-content\/uploads\/2026\/01\/orfix_Header_Banner_SDGS_DE_1024x277-1-2048x554-1.jpg 2048w, https:\/\/www.orfix.com\/wp-content\/uploads\/2026\/01\/orfix_Header_Banner_SDGS_DE_1024x277-1-2048x554-1-768x208.jpg 768w, https:\/\/www.orfix.com\/wp-content\/uploads\/2026\/01\/orfix_Header_Banner_SDGS_DE_1024x277-1-2048x554-1-1536x416.jpg 1536w\" sizes=\"auto, (max-width: 2048px) 100vw, 2048px\" \/><\/figure>\n\n\n\n\n\t<\/div>\n\n<\/div>\n\n\n<div class=\"wp-bootstrap-blocks-row row custom_row custom_row--center\">\n\t\n\n<div class=\"col-12 col-md-12 custom_slider custom_slider__banner custom-banner-img\">\n\t\t\t\n\n<figure class=\"wp-block-image size-full mobile-banner\"><img loading=\"lazy\" decoding=\"async\" width=\"2560\" height=\"2021\" src=\"https:\/\/www.orfix.com\/wp-content\/uploads\/2024\/05\/orfix_Mobile_Banner_SDGs_760x650-1-scaled.jpg\" alt=\"\" class=\"wp-image-25030\" srcset=\"https:\/\/www.orfix.com\/wp-content\/uploads\/2024\/05\/orfix_Mobile_Banner_SDGs_760x650-1-scaled.jpg 2560w, https:\/\/www.orfix.com\/wp-content\/uploads\/2024\/05\/orfix_Mobile_Banner_SDGs_760x650-1-768x606.jpg 768w, https:\/\/www.orfix.com\/wp-content\/uploads\/2024\/05\/orfix_Mobile_Banner_SDGs_760x650-1-1536x1213.jpg 1536w, https:\/\/www.orfix.com\/wp-content\/uploads\/2024\/05\/orfix_Mobile_Banner_SDGs_760x650-1-2048x1617.jpg 2048w\" sizes=\"auto, (max-width: 2560px) 100vw, 2560px\" \/><\/figure>\n\n\n\n\n\t<\/div>\n\n<\/div>\n\n<\/div>\n\n\n\n<div class=\"wp-block-columns is-layout-flex wp-container-core-columns-is-layout-9d6595d7 wp-block-columns-is-layout-flex\">\n<div class=\"wp-block-column is-layout-flow wp-block-column-is-layout-flow\">\n<h1 class=\"wp-block-heading has-text-color\" style=\"color:#002855;font-size:30px\">Nachhaltigkeitskonzept &#8211; Mehr Wert durch Nachhaltigkeit<\/h1>\n<\/div>\n<\/div>\n\n\n\n<p class=\"has-medium-font-size\">Als familiengef\u00fchrtes Mittelstandsunternehmen ist nachhaltiges Handeln und der Schutz der Umwelt f\u00fcr uns kein Lippenbekenntnis, sondern Ausdruck unserer \u00f6kologischen Verantwortung. Deshalb befasst sich orfix nicht zuletzt durch die Initiative unserer Gesellschafter im In- und Ausland bereits seit Jahren mit dem Thema Nachhaltigkeit im ganzheitlichen Sinne.<\/p>\n\n\n\n<p class=\"has-medium-font-size\">In Zeiten des Klimawandels, der Ressourcenverknappung und der Gef\u00e4hrdung der nat\u00fcrlichen Lebensgrundlagen haben wir hier schon fr\u00fch investiert, um \u00f6konomisch, \u00f6kologisch und sozial nachhaltig zu handeln. Unsere Unternehmensstrategie ist auch f\u00fcr die Zukunft auf ganzheitlich nachhaltiges Wirtschaften ausgelegt.<\/p>\n\n\n\n<p class=\"has-medium-font-size\">Zertifizierte Umwelt- und Qualit\u00e4tsmanagementsysteme unterst\u00fctzen uns dabei, die Strategie erfolgreich zum Wohl der Umwelt, unserer Mitarbeiter, unserer Stakeholder und unseres Unternehmens umzusetzen.<\/p>\n\n\n\n<p class=\"has-medium-font-size\">Mit der im Jahr 2015 verabschiedeten Agenda 2030 haben sich die Vereinten Nationen zu 17 globalen Zielen (<a href=\"https:\/\/www.orfix.com\/de\/unternehmen\/ziele-fuer-nachhaltige-entwicklung\/\" class=\"ek-link\">Sustainable Development Goals \/ SDGs<\/a>) f\u00fcr eine bessere Zukunft verpflichtet. Wir setzen uns ebenfalls f\u00fcr die nachhaltigen Entwicklungsziele der UN ein. Diese haben wir zur Grundlage unserer Nachhaltigkeitsstrategie gemacht. Hier zeigen wir Ihnen, was wir bereits f\u00fcr zun\u00e4chst 11 der Ziele erreicht haben.<\/p>\n\n\n\n<p class=\"has-medium-font-size\">Oder laden Sie sich unseren <a href=\"https:\/\/www.orfix.com\/wp-content\/uploads\/2024\/01\/orfix-Nachhaltigkeitsbericht-de_1.1-klein.pdf\" class=\"ek-link\">Nachhaltigkeitsbericht<\/a> herunter.<\/p>\n\n\n\n<div style=\"height:50px\" aria-hidden=\"true\" class=\"wp-block-spacer\"><\/div>\n\n\n\n<div style=\"height:20px\" aria-hidden=\"true\" class=\"wp-block-spacer\"><\/div>\n\n\n\n<figure class=\"wp-block-image size-full\"><img loading=\"lazy\" decoding=\"async\" width=\"2048\" height=\"600\" src=\"https:\/\/www.orfix.com\/wp-content\/uploads\/2024\/05\/orfix-Karte-2025-en.jpg\" alt=\"\" class=\"wp-image-32960\" srcset=\"https:\/\/www.orfix.com\/wp-content\/uploads\/2024\/05\/orfix-Karte-2025-en.jpg 2048w, https:\/\/www.orfix.com\/wp-content\/uploads\/2024\/05\/orfix-Karte-2025-en-768x225.jpg 768w, https:\/\/www.orfix.com\/wp-content\/uploads\/2024\/05\/orfix-Karte-2025-en-1536x450.jpg 1536w\" sizes=\"auto, (max-width: 2048px) 100vw, 2048px\" \/><\/figure>\n\n\n\n<p class=\"has-medium-font-size\">Gern beraten wir Sie individuell!<br><strong>Ihr kompetenter Partner mit einem umfassenden Sortiment f\u00fcr alle, die z\u00e4hlen, verpacken, transportieren oder lagern.<\/strong><\/p>\n\n\n\n<div style=\"height:20px\" aria-hidden=\"true\" class=\"wp-block-spacer\"><\/div>\n\n\n\n<div class=\"wp-block-buttons cta-banner-content__item is-layout-flex wp-block-buttons-is-layout-flex\">\n<div class=\"wp-block-button is-style-outline is-style-outline--1 advgb-dyn-2c6a785e\"><a class=\"wp-block-button__link has-text-color has-medium-font-size has-custom-font-size wp-element-button\" href=\"https:\/\/www.orfix.com\/de\/kontakt\/\" style=\"border-radius:1px;color:#ba0c2f\" target=\"_blank\" rel=\"noreferrer noopener\"><strong>Kontakt<\/strong><\/a><\/div>\n\n\n\n<div class=\"wp-block-button btn__bg--red advgb-dyn-48972139\"><a class=\"wp-block-button__link has-white-color has-text-color has-background has-medium-font-size has-custom-font-size wp-element-button\" href=\"https:\/\/www.orfix.com\/de\/leistungsbereiche-produkte\/\" style=\"border-radius:1px;background-color:#ba0c2f\" target=\"_blank\" rel=\"noreferrer noopener\"><strong>Produkte<\/strong><\/a><\/div>\n\n\n\n<div class=\"wp-block-button btn__bg--red advgb-dyn-9363d00e\"><a class=\"wp-block-button__link has-white-color has-text-color has-background has-medium-font-size has-custom-font-size wp-element-button\" href=\"https:\/\/shop.orfix.com\/\" style=\"border-radius:1px;background-color:#ba0c2f\" target=\"_blank\" rel=\"noreferrer noopener\"><strong>Onlineshop<\/strong><\/a><\/div>\n<\/div>\n\n\n\n<div style=\"height:20px\" aria-hidden=\"true\" class=\"wp-block-spacer\"><\/div>\n","protected":false},"excerpt":{"rendered":"<p>Nachhaltigkeitskonzept &#8211; Mehr Wert durch Nachhaltigkeit Als familiengef\u00fchrtes Mittelstandsunternehmen ist nachhaltiges Handeln und der Schutz der Umwelt f\u00fcr uns kein Lippenbekenntnis, sondern Ausdruck unserer \u00f6kologischen Verantwortung. Deshalb befasst sich orfix nicht zuletzt durch die Initiative unserer Gesellschafter im In- und Ausland bereits seit Jahren mit dem Thema Nachhaltigkeit im ganzheitlichen Sinne. In Zeiten des Klimawandels,<\/p>\n<p><a class=\"btn btn-secondary understrap-read-more-link\" href=\"https:\/\/www.orfix.com\/de\/unternehmen\/nachhaltigkeit\/\">Weiterlesen&#8230;<\/a><\/p>\n","protected":false},"author":24,"featured_media":0,"parent":250,"menu_order":3,"comment_status":"closed","ping_status":"closed","template":"","meta":{"_acf_changed":false,"om_disable_all_campaigns":false,"inline_featured_image":false,"advgb_blocks_editor_width":"","advgb_blocks_columns_visual_guide":"","_monsterinsights_skip_tracking":false,"_monsterinsights_sitenote_active":false,"_monsterinsights_sitenote_note":"","_monsterinsights_sitenote_category":0,"_uf_show_specific_survey":0,"_uf_disable_surveys":false,"footnotes":""},"class_list":["post-16821","page","type-page","status-publish","hentry"],"acf":[],"aioseo_notices":[],"coauthors":[],"author_meta":{"author_link":"https:\/\/www.orfix.com\/de\/author\/blammert-englisch\/","display_name":"Bettina Lammert"},"relative_dates":{"created":"Posted 3\u00a0Jahren ago","modified":"Updated 4\u00a0Monaten ago"},"absolute_dates":{"created":"Posted on 24. April 2023","modified":"Updated on 20. Januar 2026"},"absolute_dates_time":{"created":"Posted on 24. April 2023 16:03","modified":"Updated on 20. Januar 2026 12:19"},"featured_img_caption":"","featured_img":false,"series_order":"","_links":{"self":[{"href":"https:\/\/www.orfix.com\/de\/wp-json\/wp\/v2\/pages\/16821","targetHints":{"allow":["GET"]}}],"collection":[{"href":"https:\/\/www.orfix.com\/de\/wp-json\/wp\/v2\/pages"}],"about":[{"href":"https:\/\/www.orfix.com\/de\/wp-json\/wp\/v2\/types\/page"}],"author":[{"embeddable":true,"href":"https:\/\/www.orfix.com\/de\/wp-json\/wp\/v2\/users\/24"}],"replies":[{"embeddable":true,"href":"https:\/\/www.orfix.com\/de\/wp-json\/wp\/v2\/comments?post=16821"}],"version-history":[{"count":24,"href":"https:\/\/www.orfix.com\/de\/wp-json\/wp\/v2\/pages\/16821\/revisions"}],"predecessor-version":[{"id":33010,"href":"https:\/\/www.orfix.com\/de\/wp-json\/wp\/v2\/pages\/16821\/revisions\/33010"}],"up":[{"embeddable":true,"href":"https:\/\/www.orfix.com\/de\/wp-json\/wp\/v2\/pages\/250"}],"wp:attachment":[{"href":"https:\/\/www.orfix.com\/de\/wp-json\/wp\/v2\/media?parent=16821"}],"curies":[{"name":"wp","href":"https:\/\/api.w.org\/{rel}","templated":true}]}}