{"id":167,"date":"2020-08-28T16:35:39","date_gmt":"2020-08-28T14:35:39","guid":{"rendered":"http:\/\/localhost:8888\/orfix\/?page_id=167"},"modified":"2026-01-20T12:06:58","modified_gmt":"2026-01-20T11:06:58","slug":"security-packaging","status":"publish","type":"page","link":"https:\/\/www.orfix.com\/de\/leistungsbereiche-produkte\/security-packaging\/","title":{"rendered":"Security Packaging"},"content":{"rendered":"<div class=\"wp-bootstrap-blocks-container container-fluid mb-5 custom_container custom_container--big custom_container--banner\">\n\t\n<div class=\"wp-bootstrap-blocks-row row custom_row custom_row--center\">\n\t\n\n<div class=\"col-12 col-md-12 custom_slider custom-banner-img custom_slider__banner\">\n\t\t\t\n\n<figure class=\"wp-block-image size-full mobile-banner\"><img loading=\"lazy\" decoding=\"async\" width=\"1583\" height=\"1250\" src=\"https:\/\/www.orfix.com\/wp-content\/uploads\/2024\/05\/orfix_Mobile_Banner_Security_Packaging_760x650-1.jpg\" alt=\"\" class=\"wp-image-22808\" srcset=\"https:\/\/www.orfix.com\/wp-content\/uploads\/2024\/05\/orfix_Mobile_Banner_Security_Packaging_760x650-1.jpg 1583w, https:\/\/www.orfix.com\/wp-content\/uploads\/2024\/05\/orfix_Mobile_Banner_Security_Packaging_760x650-1-768x606.jpg 768w, https:\/\/www.orfix.com\/wp-content\/uploads\/2024\/05\/orfix_Mobile_Banner_Security_Packaging_760x650-1-1536x1213.jpg 1536w\" sizes=\"auto, (max-width: 1583px) 100vw, 1583px\" \/><\/figure>\n\n\n\n\n\t<\/div>\n\n<\/div>\n\n\n<div class=\"wp-bootstrap-blocks-row row custom_row custom_row--center\">\n\t\n\n<div class=\"col-12 col-md-12 custom_slider custom-banner-img custom_slider__banner\">\n\t\t\t\n\n<figure class=\"wp-block-image size-full desktop-banner\"><img loading=\"lazy\" decoding=\"async\" width=\"2048\" height=\"554\" src=\"https:\/\/www.orfix.com\/wp-content\/uploads\/2026\/01\/orfix_Header_Banner_security_packaging_DE_1024x277-2048x554-1.jpg\" alt=\"\" class=\"wp-image-32983\" srcset=\"https:\/\/www.orfix.com\/wp-content\/uploads\/2026\/01\/orfix_Header_Banner_security_packaging_DE_1024x277-2048x554-1.jpg 2048w, https:\/\/www.orfix.com\/wp-content\/uploads\/2026\/01\/orfix_Header_Banner_security_packaging_DE_1024x277-2048x554-1-768x208.jpg 768w, https:\/\/www.orfix.com\/wp-content\/uploads\/2026\/01\/orfix_Header_Banner_security_packaging_DE_1024x277-2048x554-1-1536x416.jpg 1536w\" sizes=\"auto, (max-width: 2048px) 100vw, 2048px\" \/><\/figure>\n\n\n\n\n\t<\/div>\n\n<\/div>\n\n<\/div>\n\n\n\n<div class=\"wp-block-columns is-layout-flex wp-container-core-columns-is-layout-9d6595d7 wp-block-columns-is-layout-flex\">\n<div class=\"wp-block-column is-layout-flow wp-block-column-is-layout-flow\">\n<h1 class=\"wp-block-heading has-text-color\" style=\"color:#002855;font-size:30px\">Security Packaging<\/h1>\n\n\n\n<p class=\"has-text-color has-medium-font-size\" id=\"tw-target-text\" style=\"color:#002855\">orfix Security Packaging-Produkte gew\u00e4hrleisten den sicheren Transport und die sichere Lagerung Ihrer Produkte in einer Vielzahl von Branchen wie Medizin, Lebensmittel, Landwirtschaft, Luftfahrt und Online-Handel. Wertgegenst\u00e4nde werden vor Manipulationen gesch\u00fctzt, das Risiko von Besch\u00e4digungen und Diebstahl wird verringert. orfix Security Packaging-Produkte garantieren die R\u00fcckverfolgbarkeit von Transport- und Lagerprozessen. <\/p>\n<\/div>\n<\/div>\n\n\n\n<div class=\"wp-block-columns is-layout-flex wp-container-core-columns-is-layout-9d6595d7 wp-block-columns-is-layout-flex\">\n<div class=\"wp-block-column is-layout-flow wp-block-column-is-layout-flow\">\n<div class=\"wp-block-columns is-layout-flex wp-container-core-columns-is-layout-9d6595d7 wp-block-columns-is-layout-flex\">\n<div class=\"wp-block-column is-layout-flow wp-block-column-is-layout-flow\">\n  <a href=\"\/de\/leistungsbereiche-produkte\/security-packaging\/rueckstellmusterbeutel\/\" class=\"newlink\">\n    <div class=\"over_view_block \">\n\n      \t<img decoding=\"async\" src=\"https:\/\/www.orfix.com\/wp-content\/uploads\/2024\/05\/orfix-International_Retainbags_476-x523.jpg\" alt=\"\" class=\"over_view_block__item over_view_block__item--img\" \/>\n\n\t     <div class=\"over_view_block__item over_view_block__item--content\">\n\n          <h2>R\u00fcckstellmusterbeutel<\/h2>\n          <p>orfix Sicherheitstaschen sind geeignet f\u00fcr die manipulationssichere Lagerung von Proben aus der Agrar- und Lebensmittelindustrie.<\/p>\n                    <span class=\"over_view_block__cta\"><img decoding=\"async\" src=\"\/wp-content\/uploads\/2020\/09\/orfix_icon_arrow.svg\" \/><\/span>\n           \u00a0 \u00a0 \u00a0 \u00a0<\/div>\n\n<\/div><\/a> <\/div>\n\n\n\n<div class=\"wp-block-column is-layout-flow wp-block-column-is-layout-flow\">\n  <a href=\"\/de\/leistungsbereiche-produkte\/cash-packaging\/klebesiegel\/\" class=\"newlink\">\n    <div class=\"over_view_block \">\n\n      \t<img decoding=\"async\" src=\"https:\/\/www.orfix.com\/wp-content\/uploads\/2024\/05\/orfix-International_Security_Labels_476-x523.jpg\" alt=\"\" class=\"over_view_block__item over_view_block__item--img\" \/>\n\n\t     <div class=\"over_view_block__item over_view_block__item--content\">\n\n          <h2>Sicherheits-Klebesiegel<\/h2>\n          <p>orfix Sicherheits-Klebesiegel zum manipulationssicheren Verschlie\u00dfen von Geldkassetten, Safes, Taschen etc. Jeder Manipulationsversuch wird sofort und deutlich angezeigt.<\/p>\n                    <span class=\"over_view_block__cta\"><img decoding=\"async\" src=\"\/wp-content\/uploads\/2020\/09\/orfix_icon_arrow.svg\" \/><\/span>\n           \u00a0 \u00a0 \u00a0 \u00a0<\/div>\n\n<\/div><\/a> <\/div>\n<\/div>\n<\/div>\n\n\n\n<div class=\"wp-block-column is-layout-flow wp-block-column-is-layout-flow\">\n<div class=\"wp-block-columns is-layout-flex wp-container-core-columns-is-layout-9d6595d7 wp-block-columns-is-layout-flex\">\n<div class=\"wp-block-column is-layout-flow wp-block-column-is-layout-flow\">\n  <a href=\"\/de\/leistungsbereiche-produkte\/cash-packaging\/sicherheitsplomben\/\" class=\"newlink\">\n    <div class=\"over_view_block \">\n\n      \t<img decoding=\"async\" src=\"https:\/\/www.orfix.com\/wp-content\/uploads\/2024\/05\/orfix-International_Security_Seals_476-x523.jpg\" alt=\"\" class=\"over_view_block__item over_view_block__item--img\" \/>\n\n\t     <div class=\"over_view_block__item over_view_block__item--content\">\n\n          <h2>Sicherheitsplomben<\/h2>\n          <p>orfix Sicherheitsplomben f\u00fcr manipulationssichere Verschlusssysteme. Die Sicherheitsplomben sind auch kundenspezifisch f\u00fcr verschiedene Anwendungen erh\u00e4ltlich. Zur Vermeidung von Manipulation.<\/p>\n                    <span class=\"over_view_block__cta\"><img decoding=\"async\" src=\"\/wp-content\/uploads\/2020\/09\/orfix_icon_arrow.svg\" \/><\/span>\n           \u00a0 \u00a0 \u00a0 \u00a0<\/div>\n\n<\/div><\/a> <\/div>\n\n\n\n<div class=\"wp-block-column is-layout-flow wp-block-column-is-layout-flow\">\n  <a href=\"\/de\/leistungsbereiche-produkte\/cash-packaging\/safebags-sicherheitstaschen\/\" class=\"newlink\">\n    <div class=\"over_view_block \">\n\n      \t<img decoding=\"async\" src=\"https:\/\/www.orfix.com\/wp-content\/uploads\/2024\/05\/orfix-International-Safebags_476-x523.jpg\" alt=\"\" class=\"over_view_block__item over_view_block__item--img\" \/>\n\n\t     <div class=\"over_view_block__item over_view_block__item--content\">\n\n          <h2>Safebags \/ Sicherheitstaschen<\/h2>\n          <p>orfix Safebags f\u00fcr den manipulationssicheren Transport von Bargeld und Werten mit einem Sicherheitsverschluss, der auf Manipulationsversuche hinweist. Erh\u00e4ltlich in Standard-, Recycling- und Blauer Engel-Qualit\u00e4t.<\/p>\n                    <span class=\"over_view_block__cta\"><img decoding=\"async\" src=\"\/wp-content\/uploads\/2020\/09\/orfix_icon_arrow.svg\" \/><\/span>\n           \u00a0 \u00a0 \u00a0 \u00a0<\/div>\n\n<\/div><\/a> <\/div>\n<\/div>\n<\/div>\n<\/div>\n\n\n\n<div class=\"wp-block-columns is-layout-flex wp-container-core-columns-is-layout-9d6595d7 wp-block-columns-is-layout-flex\">\n<div class=\"wp-block-column is-layout-flow wp-block-column-is-layout-flow\">\n<div class=\"wp-block-columns is-layout-flex wp-container-core-columns-is-layout-9d6595d7 wp-block-columns-is-layout-flex\">\n<div class=\"wp-block-column is-layout-flow wp-block-column-is-layout-flow\">\n  <a href=\"\/de\/leistungsbereiche-produkte\/security-packaging\/medical-labor-bags\/\" class=\"newlink\">\n    <div class=\"over_view_block \">\n\n      \t<img decoding=\"async\" src=\"https:\/\/www.orfix.com\/wp-content\/uploads\/2024\/05\/orfix-International_Medicalbags_476-x523.jpg\" alt=\"\" class=\"over_view_block__item over_view_block__item--img\" \/>\n\n\t     <div class=\"over_view_block__item over_view_block__item--content\">\n\n          <h2>Medizin- \/ Labor-Probenbeutel<\/h2>\n          <p>orfix Sicherheitstaschen, die f\u00fcr den Transport von medizinischen oder Laborproben innerhalb des Krankenhauses \/ Labors geeignet sind. Ideal f\u00fcr die Verwendung als Sekund\u00e4rverpackung.<\/p>\n                    <span class=\"over_view_block__cta\"><img decoding=\"async\" src=\"\/wp-content\/uploads\/2020\/09\/orfix_icon_arrow.svg\" \/><\/span>\n           \u00a0 \u00a0 \u00a0 \u00a0<\/div>\n\n<\/div><\/a> <\/div>\n\n\n\n<div class=\"wp-block-column is-layout-flow wp-block-column-is-layout-flow\">\n  <a href=\"\/de\/leistungsbereiche-produkte\/security-packaging\/automotiv-industrie-beutel\/\" class=\"newlink\">\n    <div class=\"over_view_block \">\n\n      \t<img decoding=\"async\" src=\"https:\/\/www.orfix.com\/wp-content\/uploads\/2024\/05\/orfix-International_automotivbags_476-x523.jpg\" alt=\"\" class=\"over_view_block__item over_view_block__item--img\" \/>\n\n\t     <div class=\"over_view_block__item over_view_block__item--content\">\n\n          <h2>Automotiv- \/ Industriebeutel<\/h2>\n          <p>Geeignet f\u00fcr die Lagerung von Kleinteilen w\u00e4hrend der Produktion im Automobil- und Industriebereich. Neutral oder personalisiert erh\u00e4ltlich.<\/p>\n                    <span class=\"over_view_block__cta\"><img decoding=\"async\" src=\"\/wp-content\/uploads\/2020\/09\/orfix_icon_arrow.svg\" \/><\/span>\n           \u00a0 \u00a0 \u00a0 \u00a0<\/div>\n\n<\/div><\/a> <\/div>\n<\/div>\n<\/div>\n\n\n\n<div class=\"wp-block-column is-layout-flow wp-block-column-is-layout-flow\">\n<div class=\"wp-block-columns is-layout-flex wp-container-core-columns-is-layout-9d6595d7 wp-block-columns-is-layout-flex\">\n<div class=\"wp-block-column is-layout-flow wp-block-column-is-layout-flow\">\n  <a href=\"\/de\/leistungsbereiche-produkte\/security-packaging\/water-meter-seals\/\" class=\"newlink\">\n    <div class=\"over_view_block \">\n\n      \t<img decoding=\"async\" src=\"https:\/\/www.orfix.com\/wp-content\/uploads\/2024\/05\/orfix-International_water_meter_seals_476-x523.jpg\" alt=\"\" class=\"over_view_block__item over_view_block__item--img\" \/>\n\n\t     <div class=\"over_view_block__item over_view_block__item--content\">\n\n          <h2>Wasserz\u00e4hlerplomben<\/h2>\n          <p>Ideal geeignet zur manipulationssicheren Verbindung der Wasserz\u00e4hler. Ein einteiliger Clip, der leicht und sicher zu schlie\u00dfen ist.<\/p>\n                    <span class=\"over_view_block__cta\"><img decoding=\"async\" src=\"\/wp-content\/uploads\/2020\/09\/orfix_icon_arrow.svg\" \/><\/span>\n           \u00a0 \u00a0 \u00a0 \u00a0<\/div>\n\n<\/div><\/a> <\/div>\n\n\n\n<div class=\"wp-block-column is-layout-flow wp-block-column-is-layout-flow\">\n  <a href=\"https:\/\/www.orfix.com\/de\/unternehmen\/sicherheitstaschen\/\" class=\"newlink\">\n    <div class=\"over_view_block \">\n\n      \t<img decoding=\"async\" src=\"https:\/\/www.orfix.com\/wp-content\/uploads\/2024\/05\/orfix-International_Mailingbags_476-x523-1.jpg\" alt=\"\" class=\"over_view_block__item over_view_block__item--img\" \/>\n\n\t     <div class=\"over_view_block__item over_view_block__item--content\">\n\n          <h2>Sicherheits-Verpackungen<\/h2>\n          <p>orfix Sicherheitstaschen bestehen aus rei\u00dffester Folie und verf\u00fcgen \u00fcber\r\nmanipulationssichere orfix-Sicherheitsverschl\u00fcsse, die unbefugtes \u00d6ffnen der Taschen sofort\r\nanzeigen.<\/p>\n                    <span class=\"over_view_block__cta\"><img decoding=\"async\" src=\"\/wp-content\/uploads\/2020\/09\/orfix_icon_arrow.svg\" \/><\/span>\n           \u00a0 \u00a0 \u00a0 \u00a0<\/div>\n\n<\/div><\/a> <\/div>\n<\/div>\n<\/div>\n<\/div>\n\n\n\n<div class=\"wp-block-columns is-layout-flex wp-container-core-columns-is-layout-9d6595d7 wp-block-columns-is-layout-flex\">\n<div class=\"wp-block-column is-layout-flow wp-block-column-is-layout-flow\">\n<div class=\"wp-block-columns is-layout-flex wp-container-core-columns-is-layout-9d6595d7 wp-block-columns-is-layout-flex\">\n<div class=\"wp-block-column is-layout-flow wp-block-column-is-layout-flow\"><\/div>\n\n\n\n<div class=\"wp-block-column is-layout-flow wp-block-column-is-layout-flow\"><\/div>\n<\/div>\n<\/div>\n\n\n\n<div class=\"wp-block-column is-layout-flow wp-block-column-is-layout-flow\">\n<div class=\"wp-block-columns is-layout-flex wp-container-core-columns-is-layout-9d6595d7 wp-block-columns-is-layout-flex\">\n<div class=\"wp-block-column is-layout-flow wp-block-column-is-layout-flow\"><\/div>\n\n\n\n<div class=\"wp-block-column is-layout-flow wp-block-column-is-layout-flow\"><\/div>\n<\/div>\n<\/div>\n<\/div>\n\n\n<div class=\"wp-bootstrap-blocks-row row\">\n\t\n\n<div class=\"col-12 col-md-12\">\n\t\t\t\n\n<h2 class=\"wp-block-heading has-text-color\" style=\"color:#002855;font-size:30px\">Wirtschaftlich, bew\u00e4hrt und gut etabliert<\/h2>\n\n\n\n<p><\/p>\n\n\n\n<p class=\"has-text-color has-medium-font-size\" id=\"tw-target-text\" style=\"color:#002855\">Die Verwendung unserer Siegel, Klebe- und Sicherheitssiegel stellt sicher, dass alle Arten von Verpackungen nicht ohne Genehmigung ge\u00f6ffnet oder ausgetauscht werden. Der Inhalt wird nicht ohne vorherige Ank\u00fcndigung ge\u00e4ndert. <\/p>\n\n\n\n<p class=\"has-text-color has-medium-font-size\" id=\"tw-target-text\" style=\"color:#002855\">orfix Security Packaging-Produkte reduzieren den Aufwand und die Kosten f\u00fcr Kontroll-, Z\u00e4hl- und Testvorg\u00e4ngen. Gleichzeitig k\u00f6nnten potenzielle Kriminelle abgeschreckt werden, da ihre Manipulation sofort erkannt und sie als T\u00e4ter identifiziert werden k\u00f6nnen<\/p>\n\n\n\n<p class=\"has-text-color has-medium-font-size\" id=\"tw-target-text\" style=\"color:#002855\">orfix Security Sealing beginnt bei der sicheren Lagerung von Plomben, geht \u00fcber die Vergabe und Erfassung von Nummern oder Barcodes und endet bei der ordnungsgem\u00e4\u00dfen Dokumentation.<\/p>\n\n\t<\/div>\n\n<\/div>\n\n\n\n<div style=\"height:50px\" aria-hidden=\"true\" class=\"wp-block-spacer\"><\/div>\n\n\n<div class=\"wp-bootstrap-blocks-row row\">\n\t\n\n<div class=\"col-12\">\n\t\t\t\n\n<h2 class=\"wp-block-heading\" style=\"font-size:30px\">Grundvoraussetzungen f\u00fcr die Funktionsf\u00e4higkeit eines Security Sealing Systems<\/h2>\n\n\t<\/div>\n\n\n\n<div class=\"col-12\">\n\t\t\t\n\n<ul class=\"wp-block-list\">\n<li class=\"has-medium-font-size\">Festlegung der Prozeduren des \u00d6ffnens und Schlie\u00dfens sowie der \u00dcbergabe der Beh\u00e4ltnisse<\/li>\n\n\n\n<li class=\"has-medium-font-size\">Definition der Verantwortlichkeit des Transporteurs bzw. des Lageristen<\/li>\n<\/ul>\n\n\t<\/div>\n\n<\/div>\n\n\n<div class=\"wp-bootstrap-blocks-container container-fluid mb-5 custom_container custom_container--small\">\n\t<\/div>\n\n\n<div class=\"wp-bootstrap-blocks-container container-fluid mb-5 custom_container custom_container--small\">\n\t\n<div class=\"wp-bootstrap-blocks-row row\">\n\t\n\n<div class=\"col-12\">\n\t\t\t\n\n<p class=\"has-text-color\" style=\"color:#002855;font-size:30px\"><strong>Grundlegende Anforderungen an die Funktionalit\u00e4t eines Sicherheitssiegelsystems<\/strong><\/p>\n\n\n\n<p><\/p>\n\n\n\n<div class=\"wp-block-columns is-layout-flex wp-container-core-columns-is-layout-9d6595d7 wp-block-columns-is-layout-flex\">\n<div class=\"wp-block-column is-layout-flow wp-block-column-is-layout-flow\">\n<ul id=\"block-cb7675e9-6d60-4efa-a32d-047df0bb72e6\" class=\"wp-block-list\">\n<li class=\"has-medium-font-size\">Festlegung der Verfahren f\u00fcr das \u00d6ffnen und Schlie\u00dfen sowie die Lieferung der Kisten und Beh\u00e4lter&nbsp;<\/li>\n\n\n\n<li class=\"has-medium-font-size\">Definition der Verantwortlichkeit des Spediteurs bzw. des Lagerverwalters<\/li>\n<\/ul>\n<\/div>\n\n\n\n<div class=\"wp-block-column is-layout-flow wp-block-column-is-layout-flow\">\n  <a href=\"https:\/\/www.orfix.com\/de\/leistungsbereiche-produkte\/security-packaging\/beweismitteltaschen\/\" class=\"newlink\">\n    <div class=\"over_view_block \">\n\n      \t<img decoding=\"async\" src=\"https:\/\/www.orfix.com\/wp-content\/uploads\/2020\/10\/Overviewblock_products_envidence-bags1.jpg\" alt=\"\" class=\"over_view_block__item over_view_block__item--img\" \/>\n\n\t     <div class=\"over_view_block__item over_view_block__item--content\">\n\n          <h2>Beweismitteltaschen<\/h2>\n          <p>orfix Beweismitteltaschen, geeignet zur Sicherung und manipulationssicheren Aufbewahrung von Beweismitteln sowie zur Aufbewahrung pers\u00f6nlicher Gegenst\u00e4nde von Insassen.<\/p>\n                    <span class=\"over_view_block__cta\"><img decoding=\"async\" src=\"\/wp-content\/uploads\/2020\/09\/orfix_icon_arrow.svg\" \/><\/span>\n           \u00a0 \u00a0 \u00a0 \u00a0<\/div>\n\n<\/div><\/a> <\/div>\n<\/div>\n\n\t<\/div>\n\n<\/div>\n\n<\/div>\n\n\n<div class=\"wp-bootstrap-blocks-container container-fluid mb-5 custom_container custom_container--middle\">\n\t\n<div class=\"wp-bootstrap-blocks-row row custom-row__cta-contact\">\n\t\n\n<div class=\"col-12 col-md-6\">\n\t\t\t\n\n<figure class=\"wp-block-image size-full advgb-dyn-c0ecbe96\"><img loading=\"lazy\" decoding=\"async\" width=\"471\" height=\"344\" src=\"https:\/\/www.orfix.com\/wp-content\/uploads\/2021\/08\/shutterstock_116283283_471x344px.jpg\" alt=\"Ihre Kontaktm\u00f6glichkeiten zu Wasserz\u00e4hler Plomben\" class=\"wp-image-14598\" srcset=\"https:\/\/www.orfix.com\/wp-content\/uploads\/2021\/08\/shutterstock_116283283_471x344px.jpg 471w, https:\/\/www.orfix.com\/wp-content\/uploads\/2021\/08\/shutterstock_116283283_471x344px-300x219.jpg 300w\" sizes=\"auto, (max-width: 471px) 100vw, 471px\" \/><figcaption class=\"wp-element-caption\">Kontakt<\/figcaption><\/figure>\n\n\t<\/div>\n\n\n\n<div class=\"col-12 col-md-6\">\n\t\t\t\n<div class=\"employeeblock\">\n    <figure class=\"employeeblock__item employeeblock__item--img\">\n        <img decoding=\"async\" src=\"\" alt=\"\" \/>\n    <\/figure>\n    <div class=\"employeeblock__item employeeblock__item--content\">\n        <h2 class=\"name\">Kundenberatung<\/h2>\n        <p class=\"position\">Deutschland, \u00d6sterreich &#038; Schweiz<\/p>\n        <p><a class=\"link link--has-icon link--has-icon--mail\" href=\"mailto:info@orfix.de\">info@orfix.de<\/a><\/p>\n        <p><a class=\"link link--has-icon link--has-icon--tel\" href=\"tel:+49417881840\">+49 4178 8184-0<\/a><\/p>\n    <\/div>\n<\/div>\n\n\t<\/div>\n\n<\/div>\n\n<\/div>\n\n\n\n<div style=\"height:20px\" aria-hidden=\"true\" class=\"wp-block-spacer\"><\/div>\n\n\n\n<figure class=\"wp-block-image size-full\"><img loading=\"lazy\" decoding=\"async\" width=\"2048\" height=\"600\" src=\"https:\/\/www.orfix.com\/wp-content\/uploads\/2024\/05\/orfix-Karte-2025-en.jpg\" alt=\"\" class=\"wp-image-32960\" srcset=\"https:\/\/www.orfix.com\/wp-content\/uploads\/2024\/05\/orfix-Karte-2025-en.jpg 2048w, https:\/\/www.orfix.com\/wp-content\/uploads\/2024\/05\/orfix-Karte-2025-en-768x225.jpg 768w, https:\/\/www.orfix.com\/wp-content\/uploads\/2024\/05\/orfix-Karte-2025-en-1536x450.jpg 1536w\" sizes=\"auto, (max-width: 2048px) 100vw, 2048px\" \/><\/figure>\n\n\n\n<p class=\"has-medium-font-size\">Gern beraten wir Sie individuell!<br><strong>Ihr kompetenter Partner mit einem umfassenden Sortiment f\u00fcr alle, die z\u00e4hlen, verpacken, transportieren oder lagern.<\/strong><\/p>\n\n\n\n<div style=\"height:20px\" aria-hidden=\"true\" class=\"wp-block-spacer\"><\/div>\n\n\n\n<div class=\"wp-block-buttons cta-banner-content__item is-layout-flex wp-block-buttons-is-layout-flex\">\n<div class=\"wp-block-button is-style-outline is-style-outline--1 advgb-dyn-2c6a785e\"><a class=\"wp-block-button__link has-text-color has-medium-font-size has-custom-font-size wp-element-button\" href=\"https:\/\/www.orfix.com\/de\/kontakt\/\" style=\"border-radius:1px;color:#ba0c2f\" target=\"_blank\" rel=\"noreferrer noopener\"><strong>Kontakt<\/strong><\/a><\/div>\n\n\n\n<div class=\"wp-block-button btn__bg--red advgb-dyn-48972139\"><a class=\"wp-block-button__link has-white-color has-text-color has-background has-medium-font-size has-custom-font-size wp-element-button\" href=\"https:\/\/www.orfix.com\/de\/leistungsbereiche-produkte\/\" style=\"border-radius:1px;background-color:#ba0c2f\" target=\"_blank\" rel=\"noreferrer noopener\"><strong>Produkte<\/strong><\/a><\/div>\n\n\n\n<div class=\"wp-block-button btn__bg--red advgb-dyn-9363d00e\"><a class=\"wp-block-button__link has-white-color has-text-color has-background has-medium-font-size has-custom-font-size wp-element-button\" href=\"https:\/\/shop.orfix.com\/\" style=\"border-radius:1px;background-color:#ba0c2f\" target=\"_blank\" rel=\"noreferrer noopener\"><strong>Onlineshop<\/strong><\/a><\/div>\n<\/div>\n\n\n\n<div style=\"height:20px\" aria-hidden=\"true\" class=\"wp-block-spacer\"><\/div>\n","protected":false},"excerpt":{"rendered":"<p>Security Packaging orfix Security Packaging-Produkte gew\u00e4hrleisten den sicheren Transport und die sichere Lagerung Ihrer Produkte in einer Vielzahl von Branchen wie Medizin, Lebensmittel, Landwirtschaft, Luftfahrt und Online-Handel. Wertgegenst\u00e4nde werden vor Manipulationen gesch\u00fctzt, das Risiko von Besch\u00e4digungen und Diebstahl wird verringert. orfix Security Packaging-Produkte garantieren die R\u00fcckverfolgbarkeit von Transport- und Lagerprozessen.<\/p>\n<p><a class=\"btn btn-secondary understrap-read-more-link\" href=\"https:\/\/www.orfix.com\/de\/leistungsbereiche-produkte\/security-packaging\/\">Weiterlesen&#8230;<\/a><\/p>\n","protected":false},"author":1,"featured_media":0,"parent":212,"menu_order":1,"comment_status":"closed","ping_status":"closed","template":"","meta":{"_acf_changed":false,"om_disable_all_campaigns":false,"inline_featured_image":false,"advgb_blocks_editor_width":"","advgb_blocks_columns_visual_guide":"","_monsterinsights_skip_tracking":false,"_monsterinsights_sitenote_active":false,"_monsterinsights_sitenote_note":"","_monsterinsights_sitenote_category":0,"_uf_show_specific_survey":0,"_uf_disable_surveys":false,"footnotes":""},"class_list":["post-167","page","type-page","status-publish","hentry"],"acf":[],"aioseo_notices":[],"coauthors":[],"author_meta":{"author_link":"https:\/\/www.orfix.com\/de\/author\/nk24-admin\/","display_name":"nk24-admin"},"relative_dates":{"created":"Posted 6\u00a0Jahren ago","modified":"Updated 4\u00a0Monaten ago"},"absolute_dates":{"created":"Posted on 28. August 2020","modified":"Updated on 20. Januar 2026"},"absolute_dates_time":{"created":"Posted on 28. August 2020 16:35","modified":"Updated on 20. Januar 2026 12:06"},"featured_img_caption":"","featured_img":false,"series_order":"","_links":{"self":[{"href":"https:\/\/www.orfix.com\/de\/wp-json\/wp\/v2\/pages\/167","targetHints":{"allow":["GET"]}}],"collection":[{"href":"https:\/\/www.orfix.com\/de\/wp-json\/wp\/v2\/pages"}],"about":[{"href":"https:\/\/www.orfix.com\/de\/wp-json\/wp\/v2\/types\/page"}],"author":[{"embeddable":true,"href":"https:\/\/www.orfix.com\/de\/wp-json\/wp\/v2\/users\/1"}],"replies":[{"embeddable":true,"href":"https:\/\/www.orfix.com\/de\/wp-json\/wp\/v2\/comments?post=167"}],"version-history":[{"count":75,"href":"https:\/\/www.orfix.com\/de\/wp-json\/wp\/v2\/pages\/167\/revisions"}],"predecessor-version":[{"id":32989,"href":"https:\/\/www.orfix.com\/de\/wp-json\/wp\/v2\/pages\/167\/revisions\/32989"}],"up":[{"embeddable":true,"href":"https:\/\/www.orfix.com\/de\/wp-json\/wp\/v2\/pages\/212"}],"wp:attachment":[{"href":"https:\/\/www.orfix.com\/de\/wp-json\/wp\/v2\/media?parent=167"}],"curies":[{"name":"wp","href":"https:\/\/api.w.org\/{rel}","templated":true}]}}