{"id":160,"date":"2020-08-28T16:27:10","date_gmt":"2020-08-28T14:27:10","guid":{"rendered":"http:\/\/localhost:8888\/orfix\/klebesiegel\/"},"modified":"2026-02-18T06:20:37","modified_gmt":"2026-02-18T05:20:37","slug":"klebesiegel","status":"publish","type":"page","link":"https:\/\/www.orfix.com\/de\/leistungsbereiche-produkte\/cash-packaging\/klebesiegel\/","title":{"rendered":"Klebesiegel"},"content":{"rendered":"<div class=\"wp-bootstrap-blocks-container container-fluid mb-5 custom_container custom_container--big custom_container--banner\">\n\t\n<div class=\"wp-bootstrap-blocks-row row custom_row custom_row--center\">\n\t\n\n<div class=\"col-12 col-md-12 custom_slider custom-banner-img custom_slider__banner\">\n\t\t\t\n\n<figure class=\"wp-block-image size-full desktop-banner\"><img loading=\"lazy\" decoding=\"async\" width=\"2048\" height=\"554\" src=\"https:\/\/www.orfix.com\/wp-content\/uploads\/2026\/01\/orfix_Header_Banner_CashPackaging_Security-Labels_DE_1024x277-1-2048x554-1.jpg\" alt=\"\" class=\"wp-image-33254\" srcset=\"https:\/\/www.orfix.com\/wp-content\/uploads\/2026\/01\/orfix_Header_Banner_CashPackaging_Security-Labels_DE_1024x277-1-2048x554-1.jpg 2048w, https:\/\/www.orfix.com\/wp-content\/uploads\/2026\/01\/orfix_Header_Banner_CashPackaging_Security-Labels_DE_1024x277-1-2048x554-1-768x208.jpg 768w, https:\/\/www.orfix.com\/wp-content\/uploads\/2026\/01\/orfix_Header_Banner_CashPackaging_Security-Labels_DE_1024x277-1-2048x554-1-1536x416.jpg 1536w\" sizes=\"auto, (max-width: 2048px) 100vw, 2048px\" \/><\/figure>\n\n\n\n\n\t<\/div>\n\n<\/div>\n\n\n<div class=\"wp-bootstrap-blocks-row row custom_row custom_row--center\">\n\t\n\n<div class=\"col-12 col-md-12 custom_slider custom-banner-img custom_slider__banner\">\n\t\t\t\n\n<figure class=\"wp-block-image size-full mobile-banner\"><img loading=\"lazy\" decoding=\"async\" width=\"1583\" height=\"1250\" src=\"https:\/\/www.orfix.com\/wp-content\/uploads\/2024\/05\/orfix_Mobile_Banner_CashPackaging_Security-Lables_DE_760x650.jpg\" alt=\"Rollen von Klebesiegeln in Blau und Rot mit Barcodes f\u00fcr sichere Versiegelung\" class=\"wp-image-23924\" srcset=\"https:\/\/www.orfix.com\/wp-content\/uploads\/2024\/05\/orfix_Mobile_Banner_CashPackaging_Security-Lables_DE_760x650.jpg 1583w, https:\/\/www.orfix.com\/wp-content\/uploads\/2024\/05\/orfix_Mobile_Banner_CashPackaging_Security-Lables_DE_760x650-768x606.jpg 768w, https:\/\/www.orfix.com\/wp-content\/uploads\/2024\/05\/orfix_Mobile_Banner_CashPackaging_Security-Lables_DE_760x650-1536x1213.jpg 1536w\" sizes=\"auto, (max-width: 1583px) 100vw, 1583px\" \/><\/figure>\n\n\n\n\n\t<\/div>\n\n<\/div>\n\n<\/div>\n\n\n\n<div class=\"wp-block-columns is-layout-flex wp-container-core-columns-is-layout-9d6595d7 wp-block-columns-is-layout-flex\">\n<div class=\"wp-block-column is-layout-flow wp-block-column-is-layout-flow\">\n<h1 class=\"wp-block-heading has-text-color\" style=\"color:#002855;font-size:30px\">Individuelle Klebesiegel<\/h1>\n\n\n\n<p class=\"has-medium-font-size\">Das&nbsp;orfix&nbsp;<strong>Klebesiegel<\/strong> ist ein Sicherheitsetikett mit eindeutiger Manipulationsanzeige, Barcode und fortlaufender Nummerierung.&nbsp;Alle Elemente des Siegels k\u00f6nnen wir individuell f\u00fcr Sie herstellen. W\u00e4hlen Sie Ihren Barcode, Ihren VOID Effekt und Ihre Farbgestaltung. Bei Fragen erreichen Sie unsere freundlichen Berater\/innen unter <a href=\"tel:+49417881840\">+49 4178 8184 \u2013 0<\/a> Lassen Sie sich unverbindlich und ohne Verkaufsdruck beraten. Wir freuen uns auf Ihren Anruf!<\/p>\n\n\n\n<p class=\"has-medium-font-size\">&nbsp;<\/p>\n<\/div>\n<\/div>\n\n\n\n<div style=\"height:50px\" aria-hidden=\"true\" class=\"wp-block-spacer\"><\/div>\n\n\n<div class=\"wp-bootstrap-blocks-container container-fluid mb-5 custom_container custom_container--middle\">\n\t\n<div class=\"wp-bootstrap-blocks-row row\">\n\t\n\n<div class=\"col-12\">\n\t\t\t\n\n<h2 class=\"wp-block-heading\" style=\"font-size:30px\">Unsere Manipulationsanzeige ist der VOID-Effekt mit dem Schriftzug \u201eVOID OPENED\u201c.<\/h2>\n\n\t<\/div>\n\n\n\n<div class=\"col-12 col-md-6\">\n\t\t\t\n<div class=\"wp-block-image\">\n<figure class=\"aligncenter size-large\"><img loading=\"lazy\" decoding=\"async\" width=\"600\" height=\"350\" src=\"https:\/\/www.orfix.com\/wp-content\/uploads\/2020\/10\/Void-Effekt_unbeschaedigt-600x350px-1.jpg\" alt=\"Unbesch\u00e4digtes Klebesiegel auf einer T\u00fcr\" class=\"wp-image-3946\" srcset=\"https:\/\/www.orfix.com\/wp-content\/uploads\/2020\/10\/Void-Effekt_unbeschaedigt-600x350px-1.jpg 600w, https:\/\/www.orfix.com\/wp-content\/uploads\/2020\/10\/Void-Effekt_unbeschaedigt-600x350px-1-300x175.jpg 300w, https:\/\/www.orfix.com\/wp-content\/uploads\/2020\/10\/Void-Effekt_unbeschaedigt-600x350px-1-24x14.jpg 24w, https:\/\/www.orfix.com\/wp-content\/uploads\/2020\/10\/Void-Effekt_unbeschaedigt-600x350px-1-36x21.jpg 36w, https:\/\/www.orfix.com\/wp-content\/uploads\/2020\/10\/Void-Effekt_unbeschaedigt-600x350px-1-48x28.jpg 48w\" sizes=\"auto, (max-width: 600px) 100vw, 600px\" \/><\/figure>\n<\/div>\n\t<\/div>\n\n\n\n<div class=\"col-12 col-md-6\">\n\t\t\t\n<div class=\"wp-block-image\">\n<figure class=\"aligncenter size-large\"><img loading=\"lazy\" decoding=\"async\" width=\"600\" height=\"350\" src=\"https:\/\/www.orfix.com\/wp-content\/uploads\/2020\/10\/Void-Effekt_beschaedigt-600x350px-2.jpg\" alt=\"Void-Effekt opened ist auf dem Klebsiegel sichtbar\" class=\"wp-image-3955\" srcset=\"https:\/\/www.orfix.com\/wp-content\/uploads\/2020\/10\/Void-Effekt_beschaedigt-600x350px-2.jpg 600w, https:\/\/www.orfix.com\/wp-content\/uploads\/2020\/10\/Void-Effekt_beschaedigt-600x350px-2-300x175.jpg 300w, https:\/\/www.orfix.com\/wp-content\/uploads\/2020\/10\/Void-Effekt_beschaedigt-600x350px-2-24x14.jpg 24w, https:\/\/www.orfix.com\/wp-content\/uploads\/2020\/10\/Void-Effekt_beschaedigt-600x350px-2-36x21.jpg 36w, https:\/\/www.orfix.com\/wp-content\/uploads\/2020\/10\/Void-Effekt_beschaedigt-600x350px-2-48x28.jpg 48w\" sizes=\"auto, (max-width: 600px) 100vw, 600px\" \/><\/figure>\n<\/div>\n\t<\/div>\n\n<\/div>\n\n<\/div>\n\n\n<div class=\"wp-bootstrap-blocks-container container-fluid mb-5 custom_container custom_container--middle\">\n\t\n<div class=\"wp-bootstrap-blocks-row row\">\n\t\n\n<div class=\"col-12\">\n\t\t\t\n<div class=\"wp-bootstrap-blocks-container container mb-0\">\n\t\n<div class=\"wp-bootstrap-blocks-row row row--applications\">\n\t\n\n<div class=\"col-12 col-md-7 col--big\">\n\t\t\t\n\n<h2 class=\"wp-block-heading\" style=\"font-size:30px\">Anwendungen&nbsp;<\/h2>\n\n\n<div class=\"wp-bootstrap-blocks-row row\">\n\t\n\n<div class=\"col-12 col-md-6\">\n\t\t\t\n\n<ul id=\"block-298880dc-2dbf-4f12-a053-0641ffafb4a0\" class=\"wp-block-list\">\n<li class=\"has-medium-font-size\">Dokumenten&nbsp;Sicherung<\/li>\n\n\n\n<li class=\"has-medium-font-size\">Tresor Versiegelung<\/li>\n\n\n\n<li class=\"has-medium-font-size\">Geldtransportkoffer Sicherung<\/li>\n\n\n\n<li class=\"has-medium-font-size\">Geldkassetten versiegeln<\/li>\n\n\n\n<li class=\"has-medium-font-size\">Agrarsektor<\/li>\n\n\n\n<li class=\"has-medium-font-size\">Lebensmittel- \/ Futterindustrie<\/li>\n<\/ul>\n\n\t<\/div>\n\n\n\n<div class=\"col-12 col-md-6\">\n\t\t\t\n\n<ul id=\"block-323561b4-e339-45a9-b1b7-7fd943b49a25\" class=\"wp-block-list\">\n<li class=\"has-medium-font-size\">GAA (Geldausgabeautomaten) Kassetten<\/li>\n\n\n\n<li class=\"has-medium-font-size\">KEGA (Kombinierter Einzahlungs- und Geldautomat) Kassetten<\/li>\n\n\n\n<li class=\"has-medium-font-size\">und vielem mehr<\/li>\n<\/ul>\n\n\t<\/div>\n\n<\/div>\n\n\t<\/div>\n\n\n\n<div class=\"col-12 col-md-5 col--small\">\n\t\t\t\n\n<h2 class=\"wp-block-heading\" style=\"font-size:30px\">orfix Qualit\u00e4t<\/h2>\n\n\n\n<p class=\"has-medium-font-size\">orfix Klebesiegel unterliegen strengen Qualit\u00e4tstests w\u00e4hrend der Herstellung. Bei Fragen sprechen Sie uns gerne hierauf an.<\/p>\n\n\n\n<p class=\"has-medium-font-size\"><strong>Mehr als 10.000 Gesch\u00e4ftskunden vertrauen auf orfix.<\/strong><\/p>\n\n\t<\/div>\n\n<\/div>\n\n<\/div>\n\n\t<\/div>\n\n<\/div>\n\n<\/div>\n\n\n<div class=\"wp-bootstrap-blocks-container container-fluid mb-5 custom_container custom_container--small\">\n\t\n<div class=\"wp-bootstrap-blocks-row row\">\n\t\n\n<div class=\"col-12 col-md-12\">\n\t\t\t\n\n<p style=\"font-size:30px\"><strong>Unsere Klebesiegel sind mit folgenden Klebeeigenschaften zu erhalten:&nbsp;<\/strong><\/p>\n\n\t<\/div>\n\n\n\n<div class=\"col-12 col-sm-6\">\n\t\t\t\n\n<p><strong>deutliche R\u00fcckst\u00e4nde<\/strong><\/p>\n\n\n\n<figure class=\"wp-block-image size-large\"><img loading=\"lazy\" decoding=\"async\" width=\"1024\" height=\"683\" src=\"https:\/\/www.orfix.com\/wp-content\/uploads\/2022\/04\/10000758_005_Original-1024x683.jpg\" alt=\"Klebesiegel mit deutlichen R\u00fcckst\u00e4nden auf einer Geldkassette\" class=\"wp-image-15432\" srcset=\"https:\/\/www.orfix.com\/wp-content\/uploads\/2022\/04\/10000758_005_Original-1024x683.jpg 1024w, https:\/\/www.orfix.com\/wp-content\/uploads\/2022\/04\/10000758_005_Original-300x200.jpg 300w, https:\/\/www.orfix.com\/wp-content\/uploads\/2022\/04\/10000758_005_Original-768x512.jpg 768w, https:\/\/www.orfix.com\/wp-content\/uploads\/2022\/04\/10000758_005_Original.jpg 1200w\" sizes=\"auto, (max-width: 1024px) 100vw, 1024px\" \/><\/figure>\n\n\t<\/div>\n\n\n\n<div class=\"col-12 col-sm-6\">\n\t\t\t\n\n<p><strong>wenig R\u00fcckst\u00e4nde<\/strong><\/p>\n\n\n\n<figure class=\"wp-block-image size-large\"><img loading=\"lazy\" decoding=\"async\" width=\"1024\" height=\"683\" src=\"https:\/\/www.orfix.com\/wp-content\/uploads\/2022\/04\/10000760_005_Original-1024x683.jpg\" alt=\"Klebesiegel auf Koffer mit wenigen R\u00fcckst\u00e4nden\" class=\"wp-image-15424\" srcset=\"https:\/\/www.orfix.com\/wp-content\/uploads\/2022\/04\/10000760_005_Original-1024x683.jpg 1024w, https:\/\/www.orfix.com\/wp-content\/uploads\/2022\/04\/10000760_005_Original-300x200.jpg 300w, https:\/\/www.orfix.com\/wp-content\/uploads\/2022\/04\/10000760_005_Original-768x512.jpg 768w, https:\/\/www.orfix.com\/wp-content\/uploads\/2022\/04\/10000760_005_Original.jpg 1200w\" sizes=\"auto, (max-width: 1024px) 100vw, 1024px\" \/><\/figure>\n\n\t<\/div>\n\n\n\n<div class=\"col-12\">\n\t\t\t\n\n<p><\/p>\n\n\n\n<p class=\"has-medium-font-size\">Das&nbsp;orfix&nbsp;Klebesiegel ist mit Barcode 39 oder GS1-128 (EAN-128) und fortlaufender Nummerierung ausgestattet. Zus\u00e4tzlich k\u00f6nnen alle g\u00e4ngigen Barcodes auf Ihren Wunsch hin erzeugt werden. Ein&nbsp;orfix&nbsp;Klebesiegel mit Schriftzug, kundenindividueller Gestaltung und kundenspezifischem Barcode ist selbstverst\u00e4ndlich m\u00f6glich.&nbsp;<\/p>\n\n\n\n<p class=\"has-medium-font-size\">Sprechen Sie uns einfach mit Ihren speziellen W\u00fcnschen an &#8211; wir legen Wert darauf, Sie ohne Verkaufsdruck professionell zu beraten.<\/p>\n\n\t<\/div>\n\n<\/div>\n\n<\/div>\n\n\n<div class=\"wp-bootstrap-blocks-container container-fluid mb-5 custom_container custom_container--middle\">\n\t\n<div class=\"wp-bootstrap-blocks-row row\">\n\t\n\n<div class=\"col-12 col-md-12 table__wrapper\">\n\t\t\t\n\n<h2 class=\"wp-block-heading\" style=\"font-size:30px\">orfix Standard&nbsp;Klebesiegel<\/h2>\n\n\n\n<table class=\"wp-block-advgb-table advgb-table-frontend is-style-stripes\"><thead><tr><th><strong><strong>Artikel-Nr. <\/strong><\/strong><\/th><th><strong><strong><strong>Ma\u00dfe (Breite x H\u00f6he)<\/strong><\/strong><\/strong><\/th><th><strong><strong><strong>Klebeeigenschaften<\/strong><\/strong><\/strong><\/th><th><strong>Farbe<\/strong><\/th><th><strong>Standard Barcodes<\/strong><\/th><\/tr><\/thead><tbody><tr><td style=\"text-align:left\">10000757<\/td><td style=\"text-align:left\">80 x 30 mm<\/td><td style=\"text-align:left\">deutl. R\u00fcckst\u00e4nde<\/td><td>blau<\/td><td>Code 39<\/td><\/tr><tr><td style=\"text-align:left\">10000758<\/td><td style=\"text-align:left\">120 x 25 mm<\/td><td style=\"text-align:left\">deutl. R\u00fcckst\u00e4nde<\/td><td>blau<\/td><td>Code 39, GS1-128<\/td><\/tr><tr><td style=\"text-align:left\">10000759<\/td><td style=\"text-align:left\">80 x 30 mm<\/td><td style=\"text-align:left\">wenig R\u00fcckst\u00e4nde<\/td><td>rot<\/td><td>Code 39<\/td><\/tr><tr><td style=\"text-align:left\">10000760<\/td><td style=\"text-align:left\">120 x 25 mm<\/td><td style=\"text-align:left\">wenig R\u00fcckst\u00e4nde<\/td><td>rot<\/td><td>Code 39, GS1-128<\/td><\/tr><\/tbody><\/table>\n\n\t<\/div>\n\n<\/div>\n\n<\/div>\n\n\n<div class=\"wp-bootstrap-blocks-container container-fluid mb-5 custom_container custom_container--small\">\n\t\n<div class=\"wp-bootstrap-blocks-row row\">\n\t\n\n<div class=\"col-12 col-md-12\">\n\t\t\t\n\n<h2 class=\"wp-block-heading\" style=\"font-size:30px\">Individualisierungsm\u00f6glichkeiten&nbsp;auf Anfrage<\/h2>\n\n\t<\/div>\n\n\n\n<div class=\"col-12\">\n\t\t\t\n\n<ul class=\"wp-block-list\">\n<li class=\"has-medium-font-size\">unterschiedliche Klebeeigenschaften, z.B. r\u00fcckstandsfrei&nbsp;&#8211; F\u00fcr jeden Einsatzzweck das passende Siegel<\/li>\n\n\n\n<li class=\"has-medium-font-size\">unterschiedliche VOID-Materialien oder eine individuelle Gestaltung des VOID-Effekts nach Ihrem Wunsch&nbsp;<\/li>\n\n\n\n<li class=\"has-medium-font-size\">unterschiedlichste Folienmaterialien, z.B. PET, PVC oder PE&nbsp;&#8211; Lassen Sie sich zu den verschiedenen Einsatzzwecken beraten<\/li>\n\n\n\n<li class=\"has-medium-font-size\">individuelle Farbgestalltung, z.B. nach Pantone, HKS oder RAL&nbsp; &#8211; unsere inhouse Grafikdesignerin unterst\u00fctzt Sie bei der Gestaltung Ihres Siegels<\/li>\n\n\n\n<li class=\"has-medium-font-size\">alle g\u00e4ngigen 1D- und 2D-Barcodetypen&nbsp;verf\u00fcgbar<\/li>\n\n\n\n<li class=\"has-medium-font-size\">viele g\u00e4ngige Sicherheitsmerkmale, z.B. Guilloch\u00e9, Sicherheitshologramme oder Sicherheitsperforationen&nbsp;&#8211; Lassen Sie sich von unseren Produktexpert\/innen beraten<\/li>\n<\/ul>\n\n\t<\/div>\n\n<\/div>\n\n<\/div>\n\n\n<div class=\"wp-bootstrap-blocks-container container-fluid mb-5 custom_container custom_container--middle\">\n\t\n<div class=\"wp-bootstrap-blocks-row row custom-row__cta-contact\">\n\t\n\n<div class=\"col-12 col-md-6\">\n\t\t\t\n\n<figure class=\"wp-block-image size-full advgb-dyn-c0ecbe96\"><img loading=\"lazy\" decoding=\"async\" width=\"471\" height=\"344\" src=\"https:\/\/www.orfix.com\/wp-content\/uploads\/2021\/08\/shutterstock_116283283_471x344px.jpg\" alt=\"Ihre Kontaktm\u00f6glichkeiten zu Wasserz\u00e4hler Plomben\" class=\"wp-image-14598\" srcset=\"https:\/\/www.orfix.com\/wp-content\/uploads\/2021\/08\/shutterstock_116283283_471x344px.jpg 471w, https:\/\/www.orfix.com\/wp-content\/uploads\/2021\/08\/shutterstock_116283283_471x344px-300x219.jpg 300w\" sizes=\"auto, (max-width: 471px) 100vw, 471px\" \/><figcaption class=\"wp-element-caption\">Kontakt<\/figcaption><\/figure>\n\n\t<\/div>\n\n\n\n<div class=\"col-12 col-md-6\">\n\t\t\t\n<div class=\"employeeblock\">\n    <figure class=\"employeeblock__item employeeblock__item--img\">\n        <img decoding=\"async\" src=\"\" alt=\"\" \/>\n    <\/figure>\n    <div class=\"employeeblock__item employeeblock__item--content\">\n        <h2 class=\"name\">Kundenberatung<\/h2>\n        <p class=\"position\">Deutschland, \u00d6sterreich &#038; Schweiz<\/p>\n        <p><a class=\"link link--has-icon link--has-icon--mail\" href=\"mailto:info@orfix.de\">info@orfix.de<\/a><\/p>\n        <p><a class=\"link link--has-icon link--has-icon--tel\" href=\"tel:+49417881840\">+49 4178 8184-0<\/a><\/p>\n    <\/div>\n<\/div>\n\n\t<\/div>\n\n<\/div>\n\n<\/div>\n\n\n<div class=\"wp-bootstrap-blocks-container container-fluid mb-5 custom_container custom_container--middle\">\n\t\n<div class=\"wp-bootstrap-blocks-row row\">\n\t\n\n<div class=\"col-12 col-md-12\">\n\t\t\t\n\n<h2 class=\"wp-block-heading has-text-color\" style=\"color:#002855;font-size:30px\">orfix &#8211; Ihr Spezialist f\u00fcr Klebesiegel<\/h2>\n\n\t<\/div>\n\n\n\n<div class=\"col-12 col-md-6\">\n\t\t\t\n\n<p class=\"has-medium-font-size\">Wir entwickeln und produzieren unsere Klebesiegel nach modernsten Produktionsmethoden, haben dabei Ihre individuellen W\u00fcnsche, aber auch die Umwelt immer im Blick! Nachhaltigkeit wird bei uns aktiv gelebt, wir agieren ressourcenschonend und m\u00f6glichst CO2 \u2013 neutral. Daf\u00fcr steht unser Umwelt-Management. Sie erhalten bei uns eine konstante, erstklassige und zertifizierte Qualit\u00e4t, wir begeistern Sie mit Innovationen und exzellenter Kundenbetreuung.<\/p>\n\n\t<\/div>\n\n\n\n<div class=\"col-12 col-md-6\">\n\t\t\t\n\n<ul class=\"wp-block-list\">\n<li class=\"has-medium-font-size\">orfix-Standard Klebesiegel sind immer vorr\u00e4tig und schnell lieferbar.<\/li>\n\n\n\n<li class=\"has-medium-font-size\">F\u00fcr personalisierte Klebesiegel bietet orfix individuelle Lagerhaltung und Serviceleistungen an. Sprechen Sie uns f\u00fcr weitere Informationen gerne an.<\/li>\n\n\n\n<li class=\"has-medium-font-size\">orfix produziert auch individualisierte Kleinmengen.<\/li>\n\n\n\n<li class=\"has-medium-font-size\">orfix bietet kompetente und individuelle Beratung  &#8211; \u00fcber das <a href=\"\/de\/kontakt\/\">Kontaktformular<\/a>, telefonisch oder auch vor Ort.<\/li>\n<\/ul>\n\n\t<\/div>\n\n<\/div>\n\n<\/div>\n\n\n\n<div style=\"height:20px\" aria-hidden=\"true\" class=\"wp-block-spacer\"><\/div>\n\n\n\n<figure class=\"wp-block-image size-full\"><img loading=\"lazy\" decoding=\"async\" width=\"2048\" height=\"600\" src=\"https:\/\/www.orfix.com\/wp-content\/uploads\/2024\/05\/orfix-Karte-2025-en.jpg\" alt=\"\" class=\"wp-image-32960\" srcset=\"https:\/\/www.orfix.com\/wp-content\/uploads\/2024\/05\/orfix-Karte-2025-en.jpg 2048w, https:\/\/www.orfix.com\/wp-content\/uploads\/2024\/05\/orfix-Karte-2025-en-768x225.jpg 768w, https:\/\/www.orfix.com\/wp-content\/uploads\/2024\/05\/orfix-Karte-2025-en-1536x450.jpg 1536w\" sizes=\"auto, (max-width: 2048px) 100vw, 2048px\" \/><\/figure>\n\n\n\n<p class=\"has-medium-font-size\">Gern beraten wir Sie individuell!<br><strong>Ihr kompetenter Partner mit einem umfassenden Sortiment f\u00fcr alle, die z\u00e4hlen, verpacken, transportieren oder lagern.<\/strong><\/p>\n\n\n\n<div style=\"height:20px\" aria-hidden=\"true\" class=\"wp-block-spacer\"><\/div>\n\n\n\n<div class=\"wp-block-buttons cta-banner-content__item is-layout-flex wp-block-buttons-is-layout-flex\">\n<div class=\"wp-block-button is-style-outline is-style-outline--1 advgb-dyn-2c6a785e\"><a class=\"wp-block-button__link has-text-color has-medium-font-size has-custom-font-size wp-element-button\" href=\"https:\/\/www.orfix.com\/de\/kontakt\/\" style=\"border-radius:1px;color:#ba0c2f\" target=\"_blank\" rel=\"noreferrer noopener\"><strong>Kontakt<\/strong><\/a><\/div>\n\n\n\n<div class=\"wp-block-button btn__bg--red advgb-dyn-48972139\"><a class=\"wp-block-button__link has-white-color has-text-color has-background has-medium-font-size has-custom-font-size wp-element-button\" href=\"https:\/\/www.orfix.com\/de\/leistungsbereiche-produkte\/\" style=\"border-radius:1px;background-color:#ba0c2f\" target=\"_blank\" rel=\"noreferrer noopener\"><strong>Produkte<\/strong><\/a><\/div>\n\n\n\n<div class=\"wp-block-button btn__bg--red advgb-dyn-9363d00e\"><a class=\"wp-block-button__link has-white-color has-text-color has-background has-medium-font-size has-custom-font-size wp-element-button\" href=\"https:\/\/shop.orfix.com\/\" style=\"border-radius:1px;background-color:#ba0c2f\" target=\"_blank\" rel=\"noreferrer noopener\"><strong>Onlineshop<\/strong><\/a><\/div>\n<\/div>\n\n\n\n<div style=\"height:20px\" aria-hidden=\"true\" class=\"wp-block-spacer\"><\/div>\n","protected":false},"excerpt":{"rendered":"<p>Individuelle Klebesiegel Das&nbsp;orfix&nbsp;Klebesiegel ist ein Sicherheitsetikett mit eindeutiger Manipulationsanzeige, Barcode und fortlaufender Nummerierung.&nbsp;Alle Elemente des Siegels k\u00f6nnen wir individuell f\u00fcr Sie herstellen. W\u00e4hlen Sie Ihren Barcode, Ihren VOID Effekt und Ihre Farbgestaltung. Bei Fragen erreichen Sie unsere freundlichen Berater\/innen unter +49 4178 8184 \u2013 0 Lassen Sie sich unverbindlich und ohne Verkaufsdruck beraten. Wir freuen<\/p>\n<p><a class=\"btn btn-secondary understrap-read-more-link\" href=\"https:\/\/www.orfix.com\/de\/leistungsbereiche-produkte\/cash-packaging\/klebesiegel\/\">Weiterlesen&#8230;<\/a><\/p>\n","protected":false},"author":1,"featured_media":0,"parent":146,"menu_order":17,"comment_status":"closed","ping_status":"closed","template":"","meta":{"_acf_changed":false,"om_disable_all_campaigns":false,"inline_featured_image":false,"advgb_blocks_editor_width":"","advgb_blocks_columns_visual_guide":"","_monsterinsights_skip_tracking":false,"_monsterinsights_sitenote_active":false,"_monsterinsights_sitenote_note":"","_monsterinsights_sitenote_category":0,"_uf_show_specific_survey":0,"_uf_disable_surveys":false,"footnotes":""},"class_list":["post-160","page","type-page","status-publish","hentry"],"acf":[],"aioseo_notices":[],"coauthors":[],"author_meta":{"author_link":"https:\/\/www.orfix.com\/de\/author\/nk24-admin\/","display_name":"nk24-admin"},"relative_dates":{"created":"Posted 6\u00a0Jahren ago","modified":"Updated 2\u00a0Monaten ago"},"absolute_dates":{"created":"Posted on 28. August 2020","modified":"Updated on 18. Februar 2026"},"absolute_dates_time":{"created":"Posted on 28. August 2020 16:27","modified":"Updated on 18. Februar 2026 6:20"},"featured_img_caption":"","featured_img":false,"series_order":"","_links":{"self":[{"href":"https:\/\/www.orfix.com\/de\/wp-json\/wp\/v2\/pages\/160","targetHints":{"allow":["GET"]}}],"collection":[{"href":"https:\/\/www.orfix.com\/de\/wp-json\/wp\/v2\/pages"}],"about":[{"href":"https:\/\/www.orfix.com\/de\/wp-json\/wp\/v2\/types\/page"}],"author":[{"embeddable":true,"href":"https:\/\/www.orfix.com\/de\/wp-json\/wp\/v2\/users\/1"}],"replies":[{"embeddable":true,"href":"https:\/\/www.orfix.com\/de\/wp-json\/wp\/v2\/comments?post=160"}],"version-history":[{"count":33,"href":"https:\/\/www.orfix.com\/de\/wp-json\/wp\/v2\/pages\/160\/revisions"}],"predecessor-version":[{"id":33478,"href":"https:\/\/www.orfix.com\/de\/wp-json\/wp\/v2\/pages\/160\/revisions\/33478"}],"up":[{"embeddable":true,"href":"https:\/\/www.orfix.com\/de\/wp-json\/wp\/v2\/pages\/146"}],"wp:attachment":[{"href":"https:\/\/www.orfix.com\/de\/wp-json\/wp\/v2\/media?parent=160"}],"curies":[{"name":"wp","href":"https:\/\/api.w.org\/{rel}","templated":true}]}}