{"id":157,"date":"2020-08-28T16:27:10","date_gmt":"2020-08-28T14:27:10","guid":{"rendered":"http:\/\/localhost:8888\/orfix\/muenzbeutel\/"},"modified":"2026-02-18T06:22:23","modified_gmt":"2026-02-18T05:22:23","slug":"muenzbeutel","status":"publish","type":"page","link":"https:\/\/www.orfix.com\/de\/leistungsbereiche-produkte\/cash-packaging\/muenzbeutel\/","title":{"rendered":"M\u00fcnzbeutel"},"content":{"rendered":"<div class=\"wp-bootstrap-blocks-container container-fluid mb-5 custom_container custom_container--big custom_container--banner\">\n\t\n<div class=\"wp-bootstrap-blocks-row row custom_row custom_row--center\">\n\t\n\n<div class=\"col-12 col-md-12 custom_slider custom_slider__banner custom-banner-img\">\n\t\t\t\n\n<figure class=\"wp-block-image size-full mobile-banner\"><img loading=\"lazy\" decoding=\"async\" width=\"1583\" height=\"1250\" src=\"https:\/\/www.orfix.com\/wp-content\/uploads\/2024\/05\/orfix_Mobile_Banner-CashPackaging_Coin-Bags_DE_760x650.jpg\" alt=\"M\u00fcnzbeutel zur sicheren Aufbewahrung von Bargeld und Wertgegenst\u00e4nden\" class=\"wp-image-24129\" srcset=\"https:\/\/www.orfix.com\/wp-content\/uploads\/2024\/05\/orfix_Mobile_Banner-CashPackaging_Coin-Bags_DE_760x650.jpg 1583w, https:\/\/www.orfix.com\/wp-content\/uploads\/2024\/05\/orfix_Mobile_Banner-CashPackaging_Coin-Bags_DE_760x650-768x606.jpg 768w, https:\/\/www.orfix.com\/wp-content\/uploads\/2024\/05\/orfix_Mobile_Banner-CashPackaging_Coin-Bags_DE_760x650-1536x1213.jpg 1536w\" sizes=\"auto, (max-width: 1583px) 100vw, 1583px\" \/><\/figure>\n\n\n\n\n\t<\/div>\n\n<\/div>\n\n\n<div class=\"wp-bootstrap-blocks-row row custom_row custom_row--center\">\n\t\n\n<div class=\"col-12 col-md-12 custom_slider custom_slider__banner custom-banner-img\">\n\t\t\t\n\n<figure class=\"wp-block-image size-full desktop-banner\"><img loading=\"lazy\" decoding=\"async\" width=\"2048\" height=\"554\" src=\"https:\/\/www.orfix.com\/wp-content\/uploads\/2026\/01\/orfix_Header_Banner_CashPackaging_Coinbags_DE_1024x277-2048x554-1.jpg\" alt=\"\" class=\"wp-image-33338\" srcset=\"https:\/\/www.orfix.com\/wp-content\/uploads\/2026\/01\/orfix_Header_Banner_CashPackaging_Coinbags_DE_1024x277-2048x554-1.jpg 2048w, https:\/\/www.orfix.com\/wp-content\/uploads\/2026\/01\/orfix_Header_Banner_CashPackaging_Coinbags_DE_1024x277-2048x554-1-768x208.jpg 768w, https:\/\/www.orfix.com\/wp-content\/uploads\/2026\/01\/orfix_Header_Banner_CashPackaging_Coinbags_DE_1024x277-2048x554-1-1536x416.jpg 1536w\" sizes=\"auto, (max-width: 2048px) 100vw, 2048px\" \/><\/figure>\n\n\n\n\n\t<\/div>\n\n<\/div>\n\n<\/div>\n\n\n\n<div class=\"wp-block-columns is-layout-flex wp-container-core-columns-is-layout-9d6595d7 wp-block-columns-is-layout-flex\">\n<div class=\"wp-block-column is-layout-flow wp-block-column-is-layout-flow\">\n<h1 class=\"wp-block-heading has-text-color\" style=\"color:#002855;font-size:30px\">M\u00fcnzbeutel<\/h1>\n\n\n\n<p class=\"has-text-color has-medium-font-size\" style=\"color:#002855\">F\u00fcr die Verpackung von M\u00fcnzen, aus Reinleinen gefertigt. Zur Identifkation k\u00f6nnen Beutelfahnen eingesetzt werden. <\/p>\n\n\n\n<p class=\"has-text-color has-medium-font-size\" style=\"color:#002855\"><\/p>\n<\/div>\n<\/div>\n\n\n\n<div style=\"height:50px\" aria-hidden=\"true\" class=\"wp-block-spacer\"><\/div>\n\n\n<div class=\"wp-bootstrap-blocks-container container-fluid mb-5 custom_container custom_container--middle\">\n\t\n<div class=\"wp-bootstrap-blocks-row row\">\n\t\n\n<div class=\"col-12 col-md-6\">\n\t\t\t\n\n<figure class=\"wp-block-image size-large\"><img loading=\"lazy\" decoding=\"async\" width=\"600\" height=\"350\" src=\"https:\/\/www.orfix.com\/wp-content\/uploads\/2020\/10\/Coin-bags-600x350px.jpg\" alt=\"\" class=\"wp-image-3192\" srcset=\"https:\/\/www.orfix.com\/wp-content\/uploads\/2020\/10\/Coin-bags-600x350px.jpg 600w, https:\/\/www.orfix.com\/wp-content\/uploads\/2020\/10\/Coin-bags-600x350px-300x175.jpg 300w, https:\/\/www.orfix.com\/wp-content\/uploads\/2020\/10\/Coin-bags-600x350px-24x14.jpg 24w, https:\/\/www.orfix.com\/wp-content\/uploads\/2020\/10\/Coin-bags-600x350px-36x21.jpg 36w, https:\/\/www.orfix.com\/wp-content\/uploads\/2020\/10\/Coin-bags-600x350px-48x28.jpg 48w\" sizes=\"auto, (max-width: 600px) 100vw, 600px\" \/><\/figure>\n\n\t<\/div>\n\n\n\n<div class=\"col-12 col-md-6\">\n\t\t\t\n\n<h2 class=\"wp-block-heading\" style=\"font-size:30px\">Eigenschaften&nbsp;<\/h2>\n\n\n\n<ul class=\"wp-block-list\">\n<li class=\"has-medium-font-size\">Nahtlose,&nbsp;engf\u00e4dige&nbsp;Webung&nbsp;<\/li>\n\n\n\n<li class=\"has-medium-font-size\">Hohe&nbsp;Strapazierf\u00e4higkeit,&nbsp;vielfach&nbsp;wiederverwendbar&nbsp;<\/li>\n\n\n\n<li class=\"has-medium-font-size\">In&nbsp;zwei&nbsp;verschiedenen Standard-Gr\u00f6\u00dfen erh\u00e4ltlich&nbsp;<\/li>\n<\/ul>\n\n\t<\/div>\n\n<\/div>\n\n<\/div>\n\n\n<div class=\"wp-bootstrap-blocks-container container-fluid mb-5 custom_container custom_container--middle\">\n\t\n<div class=\"wp-bootstrap-blocks-row row\">\n\t\n\n<div class=\"col-12 col-md-12 table__wrapper\">\n\t\t\t\n\n<h2 class=\"wp-block-heading\" style=\"font-size:30px\">Standard M\u00fcnzbeutel<\/h2>\n\n\n\n<table class=\"wp-block-advgb-table advgb-table-frontend is-style-stripes\"><thead><tr><th><strong><strong>Typ<\/strong><\/strong><\/th><th style=\"text-align:center\"><strong><strong><strong>Abmessungen<\/strong><\/strong><\/strong><\/th><th style=\"text-align:center\"><strong><strong><strong>Artikel Nr.<\/strong><\/strong><\/strong><\/th><th><strong>Verpackung<\/strong><\/th><\/tr><\/thead><tbody><tr><td style=\"text-align:left\">Type B<\/td><td style=\"text-align:center\">18 x 30 cm<\/td><td style=\"text-align:center\">10000169<\/td><td>10 Stck\/ Karton<\/td><\/tr><tr><td style=\"text-align:left\">Type C<\/td><td style=\"text-align:center\">21 x 34 cm<\/td><td style=\"text-align:center;border-width:1px\">10000170<\/td><td>10 Stck\/ Karton<\/td><\/tr><\/tbody><\/table>\n\n\n\n<p><strong>M\u00fcnzbeutel auf Anfrage \/ Mindestabnahme 100 St\u00fcck \/ Lieferzeit 4-6 Wochen<\/strong><\/p>\n\n\t<\/div>\n\n<\/div>\n\n<\/div>\n\n\n<div class=\"wp-bootstrap-blocks-container container-fluid mb-5 custom_container custom_container--middle\">\n\t\n<div class=\"wp-bootstrap-blocks-row row\">\n\t\n\n<div class=\"col-12 col-md-6\">\n\t\t\t\n\n<figure class=\"wp-block-image size-large\"><img loading=\"lazy\" decoding=\"async\" width=\"600\" height=\"350\" src=\"https:\/\/www.orfix.com\/wp-content\/uploads\/2020\/10\/Coin-bags_2-600x350px.jpg\" alt=\"\" class=\"wp-image-3199\" srcset=\"https:\/\/www.orfix.com\/wp-content\/uploads\/2020\/10\/Coin-bags_2-600x350px.jpg 600w, https:\/\/www.orfix.com\/wp-content\/uploads\/2020\/10\/Coin-bags_2-600x350px-300x175.jpg 300w, https:\/\/www.orfix.com\/wp-content\/uploads\/2020\/10\/Coin-bags_2-600x350px-24x14.jpg 24w, https:\/\/www.orfix.com\/wp-content\/uploads\/2020\/10\/Coin-bags_2-600x350px-36x21.jpg 36w, https:\/\/www.orfix.com\/wp-content\/uploads\/2020\/10\/Coin-bags_2-600x350px-48x28.jpg 48w\" sizes=\"auto, (max-width: 600px) 100vw, 600px\" \/><\/figure>\n\n\t<\/div>\n\n\n\n<div class=\"col-12 col-md-6\">\n\t\t\t\n\n<h2 class=\"wp-block-heading\" style=\"font-size:30px\">Auf Wunsch in verschiedensten Varianten und Ausf\u00fchrungen erh\u00e4ltlich&nbsp;<\/h2>\n\n\n\n<ul class=\"wp-block-list\">\n<li class=\"has-medium-font-size\">Mit individuellem Eindruck&nbsp;<\/li>\n\n\n\n<li class=\"has-medium-font-size\">Mit Klettverschluss&nbsp;<\/li>\n\n\n\n<li class=\"has-medium-font-size\">In Baumwollqualit\u00e4t&nbsp;<\/li>\n\n\n\n<li class=\"has-medium-font-size\">Gen\u00e4ht&nbsp;<\/li>\n\n\n\n<li class=\"has-medium-font-size\">In jeder beliebigen Gr\u00f6\u00dfe&nbsp;<\/li>\n<\/ul>\n\n\t<\/div>\n\n<\/div>\n\n<\/div>\n\n\n<div class=\"wp-bootstrap-blocks-container container-fluid mb-5 custom_container custom_container--small\">\n\t\n<div class=\"wp-bootstrap-blocks-row row\">\n\t\n\n<div class=\"col-12\">\n\t\t\t\n\n<h2 class=\"wp-block-heading\" style=\"font-size:30px\">Passende Produkte<\/h2>\n\n\n\n<ul class=\"wp-block-list list--no-img-point\">\n<li class=\"has-medium-font-size\"><a href=\"https:\/\/www.orfix.com\/de\/leistungsbereiche-produkte\/cash-packaging\/beutelfahnen\/?preview=true\" class=\"ek-link\">Beutelfahnen<\/a><\/li>\n<\/ul>\n\n\n\n<p><\/p>\n\n\t<\/div>\n\n<\/div>\n\n<\/div>\n\n\n<div class=\"wp-bootstrap-blocks-container container-fluid mb-5 custom_container custom_container--middle\">\n\t\n<div class=\"wp-bootstrap-blocks-row row custom-row__cta-contact\">\n\t\n\n<div class=\"col-12 col-md-6\">\n\t\t\t\n\n<figure class=\"wp-block-image size-full advgb-dyn-c0ecbe96\"><img loading=\"lazy\" decoding=\"async\" width=\"471\" height=\"344\" src=\"https:\/\/www.orfix.com\/wp-content\/uploads\/2021\/08\/shutterstock_116283283_471x344px.jpg\" alt=\"Ihre Kontaktm\u00f6glichkeiten zu Wasserz\u00e4hler Plomben\" class=\"wp-image-14598\" srcset=\"https:\/\/www.orfix.com\/wp-content\/uploads\/2021\/08\/shutterstock_116283283_471x344px.jpg 471w, https:\/\/www.orfix.com\/wp-content\/uploads\/2021\/08\/shutterstock_116283283_471x344px-300x219.jpg 300w\" sizes=\"auto, (max-width: 471px) 100vw, 471px\" \/><figcaption class=\"wp-element-caption\">Kontakt<\/figcaption><\/figure>\n\n\t<\/div>\n\n\n\n<div class=\"col-12 col-md-6\">\n\t\t\t\n<div class=\"employeeblock\">\n    <figure class=\"employeeblock__item employeeblock__item--img\">\n        <img decoding=\"async\" src=\"\" alt=\"\" \/>\n    <\/figure>\n    <div class=\"employeeblock__item employeeblock__item--content\">\n        <h2 class=\"name\">Kundenberatung<\/h2>\n        <p class=\"position\">Deutschland, \u00d6sterreich &#038; Schweiz<\/p>\n        <p><a class=\"link link--has-icon link--has-icon--mail\" href=\"mailto:info@orfix.de\">info@orfix.de<\/a><\/p>\n        <p><a class=\"link link--has-icon link--has-icon--tel\" href=\"tel:+49417881840\">+49 4178 8184-0<\/a><\/p>\n    <\/div>\n<\/div>\n\n\t<\/div>\n\n<\/div>\n\n<\/div>\n\n\n<div class=\"wp-bootstrap-blocks-container container-fluid mb-5 custom_container custom_container--middle\">\n\t\n<div class=\"wp-bootstrap-blocks-row row\">\n\t\n\n<div class=\"col-12 col-md-12\">\n\t\t\t\n\n<h2 class=\"wp-block-heading has-text-color advgb-dyn-54f9f1f8\" style=\"color:#002855;font-size:30px\">orfix &#8211; Ihr Spezialist f\u00fcr die Herstellung von Papier und Kunststoff<\/h2>\n\n\t<\/div>\n\n\n\n<div class=\"col-12 col-md-6\">\n\t\t\t\n\n<p class=\"has-medium-font-size\">Wir entwickeln und produzieren mit modernsten Produktionsmethoden, immer mit Blick auf Ihre individuellen Anforderungen, aber auch auf die Umwelt! Wir leben Nachhaltigkeit aktiv, wir handeln ressourcenschonend und m\u00f6glichst CO2-neutral. Daf\u00fcr steht unser Umweltmanagement. Sie erhalten von uns konstante, erstklassige und zertifizierte Qualit\u00e4t, wir begeistern Sie mit Innovationen und exzellentem Kundenservice.<\/p>\n\n\t<\/div>\n\n\n\n<div class=\"col-12 col-md-6\">\n\t\t\t\n\n<ul class=\"wp-block-list\">\n<li class=\"has-medium-font-size\">Das orfix-Standardsortiment ist immer vorr\u00e4tig.<\/li>\n\n\n\n<li class=\"has-medium-font-size\">orfix bietet individuelle Lagerhaltung und Dienstleistungen f\u00fcr personalisierte Waren.<\/li>\n\n\n\n<li class=\"has-medium-font-size\">orfix ist in der Lage, kundenspezifische Artikel auch in kleinen Mengen zu produzieren.<\/li>\n\n\n\n<li class=\"has-medium-font-size\">orfix bietet kompetente und individuelle Beratung &#8211; per Kontaktformular, telefonisch oder auch vor Ort.<\/li>\n<\/ul>\n\n\t<\/div>\n\n<\/div>\n\n<\/div>\n\n\n\n<div style=\"height:20px\" aria-hidden=\"true\" class=\"wp-block-spacer\"><\/div>\n\n\n\n<figure class=\"wp-block-image size-full\"><img loading=\"lazy\" decoding=\"async\" width=\"2048\" height=\"600\" src=\"https:\/\/www.orfix.com\/wp-content\/uploads\/2024\/05\/orfix-Karte-2025-en.jpg\" alt=\"\" class=\"wp-image-32960\" srcset=\"https:\/\/www.orfix.com\/wp-content\/uploads\/2024\/05\/orfix-Karte-2025-en.jpg 2048w, https:\/\/www.orfix.com\/wp-content\/uploads\/2024\/05\/orfix-Karte-2025-en-768x225.jpg 768w, https:\/\/www.orfix.com\/wp-content\/uploads\/2024\/05\/orfix-Karte-2025-en-1536x450.jpg 1536w\" sizes=\"auto, (max-width: 2048px) 100vw, 2048px\" \/><\/figure>\n\n\n\n<p class=\"has-medium-font-size\">Gern beraten wir Sie individuell!<br><strong>Ihr kompetenter Partner mit einem umfassenden Sortiment f\u00fcr alle, die z\u00e4hlen, verpacken, transportieren oder lagern.<\/strong><\/p>\n\n\n\n<div style=\"height:20px\" aria-hidden=\"true\" class=\"wp-block-spacer\"><\/div>\n\n\n\n<div class=\"wp-block-buttons cta-banner-content__item is-layout-flex wp-block-buttons-is-layout-flex\">\n<div class=\"wp-block-button is-style-outline is-style-outline--1 advgb-dyn-2c6a785e\"><a class=\"wp-block-button__link has-text-color has-medium-font-size has-custom-font-size wp-element-button\" href=\"https:\/\/www.orfix.com\/de\/kontakt\/\" style=\"border-radius:1px;color:#ba0c2f\" target=\"_blank\" rel=\"noreferrer noopener\"><strong>Kontakt<\/strong><\/a><\/div>\n\n\n\n<div class=\"wp-block-button btn__bg--red advgb-dyn-48972139\"><a class=\"wp-block-button__link has-white-color has-text-color has-background has-medium-font-size has-custom-font-size wp-element-button\" href=\"https:\/\/www.orfix.com\/de\/leistungsbereiche-produkte\/\" style=\"border-radius:1px;background-color:#ba0c2f\" target=\"_blank\" rel=\"noreferrer noopener\"><strong>Produkte<\/strong><\/a><\/div>\n\n\n\n<div class=\"wp-block-button btn__bg--red advgb-dyn-9363d00e\"><a class=\"wp-block-button__link has-white-color has-text-color has-background has-medium-font-size has-custom-font-size wp-element-button\" href=\"https:\/\/shop.orfix.com\/\" style=\"border-radius:1px;background-color:#ba0c2f\" target=\"_blank\" rel=\"noreferrer noopener\"><strong>Onlineshop<\/strong><\/a><\/div>\n<\/div>\n\n\n\n<div style=\"height:20px\" aria-hidden=\"true\" class=\"wp-block-spacer\"><\/div>\n","protected":false},"excerpt":{"rendered":"<p>M\u00fcnzbeutel F\u00fcr die Verpackung von M\u00fcnzen, aus Reinleinen gefertigt. Zur Identifkation k\u00f6nnen Beutelfahnen eingesetzt werden.<\/p>\n<p><a class=\"btn btn-secondary understrap-read-more-link\" href=\"https:\/\/www.orfix.com\/de\/leistungsbereiche-produkte\/cash-packaging\/muenzbeutel\/\">Weiterlesen&#8230;<\/a><\/p>\n","protected":false},"author":1,"featured_media":0,"parent":146,"menu_order":14,"comment_status":"closed","ping_status":"closed","template":"","meta":{"_acf_changed":false,"om_disable_all_campaigns":false,"inline_featured_image":false,"advgb_blocks_editor_width":"","advgb_blocks_columns_visual_guide":"","_monsterinsights_skip_tracking":false,"_monsterinsights_sitenote_active":false,"_monsterinsights_sitenote_note":"","_monsterinsights_sitenote_category":0,"_uf_show_specific_survey":0,"_uf_disable_surveys":false,"footnotes":""},"class_list":["post-157","page","type-page","status-publish","hentry"],"acf":[],"aioseo_notices":[],"coauthors":[],"author_meta":{"author_link":"https:\/\/www.orfix.com\/de\/author\/nk24-admin\/","display_name":"nk24-admin"},"relative_dates":{"created":"Posted 6\u00a0Jahren ago","modified":"Updated 2\u00a0Monaten ago"},"absolute_dates":{"created":"Posted on 28. August 2020","modified":"Updated on 18. Februar 2026"},"absolute_dates_time":{"created":"Posted on 28. August 2020 16:27","modified":"Updated on 18. Februar 2026 6:22"},"featured_img_caption":"","featured_img":false,"series_order":"","_links":{"self":[{"href":"https:\/\/www.orfix.com\/de\/wp-json\/wp\/v2\/pages\/157","targetHints":{"allow":["GET"]}}],"collection":[{"href":"https:\/\/www.orfix.com\/de\/wp-json\/wp\/v2\/pages"}],"about":[{"href":"https:\/\/www.orfix.com\/de\/wp-json\/wp\/v2\/types\/page"}],"author":[{"embeddable":true,"href":"https:\/\/www.orfix.com\/de\/wp-json\/wp\/v2\/users\/1"}],"replies":[{"embeddable":true,"href":"https:\/\/www.orfix.com\/de\/wp-json\/wp\/v2\/comments?post=157"}],"version-history":[{"count":19,"href":"https:\/\/www.orfix.com\/de\/wp-json\/wp\/v2\/pages\/157\/revisions"}],"predecessor-version":[{"id":33479,"href":"https:\/\/www.orfix.com\/de\/wp-json\/wp\/v2\/pages\/157\/revisions\/33479"}],"up":[{"embeddable":true,"href":"https:\/\/www.orfix.com\/de\/wp-json\/wp\/v2\/pages\/146"}],"wp:attachment":[{"href":"https:\/\/www.orfix.com\/de\/wp-json\/wp\/v2\/media?parent=157"}],"curies":[{"name":"wp","href":"https:\/\/api.w.org\/{rel}","templated":true}]}}